{"id":828,"date":"2022-04-21T11:27:19","date_gmt":"2022-04-21T09:27:19","guid":{"rendered":"https:\/\/raufoss.no\/?post_type=product&#038;p=828"},"modified":"2023-11-27T00:01:17","modified_gmt":"2023-11-26T23:01:17","slug":"raufoss-skyteveske","status":"publish","type":"product","link":"https:\/\/raufoss.no\/en\/produkt\/raufoss-skyteveske\/","title":{"rendered":"Raufoss Skyteveske"},"content":{"rendered":"","protected":false},"excerpt":{"rendered":"<p>\u2013 Praktisk og flott Raufoss oppbevaringsveske<br \/>\n\u2013 For v\u00e5pentilbeh\u00f8r, ammunisjon og annet sm\u00e5tt<br \/>\n\u2013 Uttagbar midtdeler<br \/>\n\u2013 Avtagbar skulderstropp f\u00f8lger med<\/p>\n<p>Vesken passer i v\u00e5rt Safehouse v\u00e5penskap<\/p>\n","protected":false},"featured_media":1536,"template":"","meta":[],"product_brand":[],"product_cat":[23,27,25,24],"product_tag":[],"class_list":{"0":"post-828","1":"product","2":"type-product","3":"status-publish","4":"has-post-thumbnail","6":"product_cat-tilbehor","7":"product_cat-tilbehor-basic","8":"product_cat-tilbehor-duun","9":"product_cat-tilbehor-premium","10":"sales-flash-overlay","11":"woocommerce-text-align-left","12":"woocommerce-image-align-left","13":"do-quantity-buttons","15":"first","16":"instock","17":"taxable","18":"shipping-taxable","19":"purchasable","20":"product-type-simple"},"yoast_head":"<!-- This site is optimized with the Yoast SEO plugin v27.5 - https:\/\/yoast.com\/product\/yoast-seo-wordpress\/ -->\n<title>Raufoss Skyteveske - Raufoss Engineering AS<\/title>\n<meta name=\"description\" content=\"Praktisk og flott oppbevaringsveske. For v\u00e5pentilbeh\u00f8r, ammunisjon, og annet sm\u00e5tt man vil lagre. Vesken passer i Safehouse v\u00e5penskap.\" \/>\n<meta name=\"robots\" content=\"index, follow, max-snippet:-1, max-image-preview:large, max-video-preview:-1\" \/>\n<link rel=\"canonical\" href=\"https:\/\/raufoss.no\/produkt\/raufoss-skyteveske\/\" \/>\n<meta property=\"og:locale\" content=\"en_US\" \/>\n<meta property=\"og:type\" content=\"article\" \/>\n<meta property=\"og:title\" content=\"Raufoss Skyteveske - Raufoss Engineering AS\" \/>\n<meta property=\"og:description\" content=\"Praktisk og flott oppbevaringsveske. For v\u00e5pentilbeh\u00f8r, ammunisjon, og annet sm\u00e5tt man vil lagre. Vesken passer i Safehouse v\u00e5penskap.\" \/>\n<meta property=\"og:url\" content=\"https:\/\/raufoss.no\/produkt\/raufoss-skyteveske\/\" \/>\n<meta property=\"og:site_name\" content=\"Raufoss Engineering AS\" \/>\n<meta property=\"article:publisher\" content=\"https:\/\/www.facebook.com\/raufossvapenskap\" \/>\n<meta property=\"article:modified_time\" content=\"2023-11-26T23:01:17+00:00\" \/>\n<meta property=\"og:image\" content=\"https:\/\/raufoss.no\/wp-content\/uploads\/Va\u030apenveske_raufoss-1.jpg\" \/>\n\t<meta property=\"og:image:width\" content=\"800\" \/>\n\t<meta property=\"og:image:height\" content=\"800\" \/>\n\t<meta property=\"og:image:type\" content=\"image\/jpeg\" \/>\n<meta name=\"twitter:card\" content=\"summary_large_image\" \/>\n<script type=\"application\/ld+json\" class=\"yoast-schema-graph\">{\"@context\":\"https:\\\/\\\/schema.org\",\"@graph\":[{\"@type\":\"WebPage\",\"@id\":\"https:\\\/\\\/raufoss.no\\\/produkt\\\/raufoss-skyteveske\\\/\",\"url\":\"https:\\\/\\\/raufoss.no\\\/produkt\\\/raufoss-skyteveske\\\/\",\"name\":\"Raufoss Skyteveske - Raufoss Engineering AS\",\"isPartOf\":{\"@id\":\"https:\\\/\\\/raufoss.no\\\/#website\"},\"primaryImageOfPage\":{\"@id\":\"https:\\\/\\\/raufoss.no\\\/produkt\\\/raufoss-skyteveske\\\/#primaryimage\"},\"image\":{\"@id\":\"https:\\\/\\\/raufoss.no\\\/produkt\\\/raufoss-skyteveske\\\/#primaryimage\"},\"thumbnailUrl\":\"https:\\\/\\\/raufoss.no\\\/wp-content\\\/uploads\\\/Va\u030apenveske_raufoss-1.jpg\",\"datePublished\":\"2022-04-21T09:27:19+00:00\",\"dateModified\":\"2023-11-26T23:01:17+00:00\",\"description\":\"Praktisk og flott oppbevaringsveske. For v\u00e5pentilbeh\u00f8r, ammunisjon, og annet sm\u00e5tt man vil lagre. Vesken passer i Safehouse v\u00e5penskap.\",\"breadcrumb\":{\"@id\":\"https:\\\/\\\/raufoss.no\\\/produkt\\\/raufoss-skyteveske\\\/#breadcrumb\"},\"inLanguage\":\"en-US\",\"potentialAction\":[{\"@type\":\"ReadAction\",\"target\":[\"https:\\\/\\\/raufoss.no\\\/produkt\\\/raufoss-skyteveske\\\/\"]}]},{\"@type\":\"ImageObject\",\"inLanguage\":\"en-US\",\"@id\":\"https:\\\/\\\/raufoss.no\\\/produkt\\\/raufoss-skyteveske\\\/#primaryimage\",\"url\":\"https:\\\/\\\/raufoss.no\\\/wp-content\\\/uploads\\\/Va\u030apenveske_raufoss-1.jpg\",\"contentUrl\":\"https:\\\/\\\/raufoss.no\\\/wp-content\\\/uploads\\\/Va\u030apenveske_raufoss-1.jpg\",\"width\":800,\"height\":800,\"caption\":\"Skyteveske\"},{\"@type\":\"BreadcrumbList\",\"@id\":\"https:\\\/\\\/raufoss.no\\\/produkt\\\/raufoss-skyteveske\\\/#breadcrumb\",\"itemListElement\":[{\"@type\":\"ListItem\",\"position\":1,\"name\":\"Home\",\"item\":\"https:\\\/\\\/raufoss.no\\\/\"},{\"@type\":\"ListItem\",\"position\":2,\"name\":\"Nettbutikk\",\"item\":\"https:\\\/\\\/raufoss.no\\\/nettbutikk\\\/\"},{\"@type\":\"ListItem\",\"position\":3,\"name\":\"Raufoss Skyteveske\"}]},{\"@type\":\"WebSite\",\"@id\":\"https:\\\/\\\/raufoss.no\\\/#website\",\"url\":\"https:\\\/\\\/raufoss.no\\\/\",\"name\":\"Raufoss Engineering AS\",\"description\":\"Raufoss Engineering AS er i dag ledende leverand\u00f8r av v\u00e5penskap og v\u00e5pensikring i Norge.\",\"publisher\":{\"@id\":\"https:\\\/\\\/raufoss.no\\\/#organization\"},\"potentialAction\":[{\"@type\":\"SearchAction\",\"target\":{\"@type\":\"EntryPoint\",\"urlTemplate\":\"https:\\\/\\\/raufoss.no\\\/?s={search_term_string}\"},\"query-input\":{\"@type\":\"PropertyValueSpecification\",\"valueRequired\":true,\"valueName\":\"search_term_string\"}}],\"inLanguage\":\"en-US\"},{\"@type\":\"Organization\",\"@id\":\"https:\\\/\\\/raufoss.no\\\/#organization\",\"name\":\"Raufoss Engineering AS\",\"url\":\"https:\\\/\\\/raufoss.no\\\/\",\"logo\":{\"@type\":\"ImageObject\",\"inLanguage\":\"en-US\",\"@id\":\"https:\\\/\\\/raufoss.no\\\/#\\\/schema\\\/logo\\\/image\\\/\",\"url\":\"https:\\\/\\\/raufoss.no\\\/wp-content\\\/uploads\\\/Raufoss_LOGO_svart.svg\",\"contentUrl\":\"https:\\\/\\\/raufoss.no\\\/wp-content\\\/uploads\\\/Raufoss_LOGO_svart.svg\",\"width\":180,\"height\":42,\"caption\":\"Raufoss Engineering AS\"},\"image\":{\"@id\":\"https:\\\/\\\/raufoss.no\\\/#\\\/schema\\\/logo\\\/image\\\/\"},\"sameAs\":[\"https:\\\/\\\/www.facebook.com\\\/raufossvapenskap\"]}]}<\/script>\n<!-- \/ Yoast SEO plugin. -->","yoast_head_json":{"title":"Raufoss Skyteveske - Raufoss Engineering AS","description":"Praktisk og flott oppbevaringsveske. For v\u00e5pentilbeh\u00f8r, ammunisjon, og annet sm\u00e5tt man vil lagre. Vesken passer i Safehouse v\u00e5penskap.","robots":{"index":"index","follow":"follow","max-snippet":"max-snippet:-1","max-image-preview":"max-image-preview:large","max-video-preview":"max-video-preview:-1"},"canonical":"https:\/\/raufoss.no\/produkt\/raufoss-skyteveske\/","og_locale":"en_US","og_type":"article","og_title":"Raufoss Skyteveske - Raufoss Engineering AS","og_description":"Praktisk og flott oppbevaringsveske. For v\u00e5pentilbeh\u00f8r, ammunisjon, og annet sm\u00e5tt man vil lagre. Vesken passer i Safehouse v\u00e5penskap.","og_url":"https:\/\/raufoss.no\/produkt\/raufoss-skyteveske\/","og_site_name":"Raufoss Engineering AS","article_publisher":"https:\/\/www.facebook.com\/raufossvapenskap","article_modified_time":"2023-11-26T23:01:17+00:00","og_image":[{"width":800,"height":800,"url":"https:\/\/raufoss.no\/wp-content\/uploads\/Va\u030apenveske_raufoss-1.jpg","type":"image\/jpeg"}],"twitter_card":"summary_large_image","schema":{"@context":"https:\/\/schema.org","@graph":[{"@type":"WebPage","@id":"https:\/\/raufoss.no\/produkt\/raufoss-skyteveske\/","url":"https:\/\/raufoss.no\/produkt\/raufoss-skyteveske\/","name":"Raufoss Skyteveske - Raufoss Engineering AS","isPartOf":{"@id":"https:\/\/raufoss.no\/#website"},"primaryImageOfPage":{"@id":"https:\/\/raufoss.no\/produkt\/raufoss-skyteveske\/#primaryimage"},"image":{"@id":"https:\/\/raufoss.no\/produkt\/raufoss-skyteveske\/#primaryimage"},"thumbnailUrl":"https:\/\/raufoss.no\/wp-content\/uploads\/Va\u030apenveske_raufoss-1.jpg","datePublished":"2022-04-21T09:27:19+00:00","dateModified":"2023-11-26T23:01:17+00:00","description":"Praktisk og flott oppbevaringsveske. For v\u00e5pentilbeh\u00f8r, ammunisjon, og annet sm\u00e5tt man vil lagre. Vesken passer i Safehouse v\u00e5penskap.","breadcrumb":{"@id":"https:\/\/raufoss.no\/produkt\/raufoss-skyteveske\/#breadcrumb"},"inLanguage":"en-US","potentialAction":[{"@type":"ReadAction","target":["https:\/\/raufoss.no\/produkt\/raufoss-skyteveske\/"]}]},{"@type":"ImageObject","inLanguage":"en-US","@id":"https:\/\/raufoss.no\/produkt\/raufoss-skyteveske\/#primaryimage","url":"https:\/\/raufoss.no\/wp-content\/uploads\/Va\u030apenveske_raufoss-1.jpg","contentUrl":"https:\/\/raufoss.no\/wp-content\/uploads\/Va\u030apenveske_raufoss-1.jpg","width":800,"height":800,"caption":"Skyteveske"},{"@type":"BreadcrumbList","@id":"https:\/\/raufoss.no\/produkt\/raufoss-skyteveske\/#breadcrumb","itemListElement":[{"@type":"ListItem","position":1,"name":"Home","item":"https:\/\/raufoss.no\/"},{"@type":"ListItem","position":2,"name":"Nettbutikk","item":"https:\/\/raufoss.no\/nettbutikk\/"},{"@type":"ListItem","position":3,"name":"Raufoss Skyteveske"}]},{"@type":"WebSite","@id":"https:\/\/raufoss.no\/#website","url":"https:\/\/raufoss.no\/","name":"Raufoss Engineering AS","description":"Raufoss Engineering AS er i dag ledende leverand\u00f8r av v\u00e5penskap og v\u00e5pensikring i Norge.","publisher":{"@id":"https:\/\/raufoss.no\/#organization"},"potentialAction":[{"@type":"SearchAction","target":{"@type":"EntryPoint","urlTemplate":"https:\/\/raufoss.no\/?s={search_term_string}"},"query-input":{"@type":"PropertyValueSpecification","valueRequired":true,"valueName":"search_term_string"}}],"inLanguage":"en-US"},{"@type":"Organization","@id":"https:\/\/raufoss.no\/#organization","name":"Raufoss Engineering AS","url":"https:\/\/raufoss.no\/","logo":{"@type":"ImageObject","inLanguage":"en-US","@id":"https:\/\/raufoss.no\/#\/schema\/logo\/image\/","url":"https:\/\/raufoss.no\/wp-content\/uploads\/Raufoss_LOGO_svart.svg","contentUrl":"https:\/\/raufoss.no\/wp-content\/uploads\/Raufoss_LOGO_svart.svg","width":180,"height":42,"caption":"Raufoss Engineering AS"},"image":{"@id":"https:\/\/raufoss.no\/#\/schema\/logo\/image\/"},"sameAs":["https:\/\/www.facebook.com\/raufossvapenskap"]}]}},"_links":{"self":[{"href":"https:\/\/raufoss.no\/en\/wp-json\/wp\/v2\/product\/828","targetHints":{"allow":["GET"]}}],"collection":[{"href":"https:\/\/raufoss.no\/en\/wp-json\/wp\/v2\/product"}],"about":[{"href":"https:\/\/raufoss.no\/en\/wp-json\/wp\/v2\/types\/product"}],"wp:featuredmedia":[{"embeddable":true,"href":"https:\/\/raufoss.no\/en\/wp-json\/wp\/v2\/media\/1536"}],"wp:attachment":[{"href":"https:\/\/raufoss.no\/en\/wp-json\/wp\/v2\/media?parent=828"}],"wp:term":[{"taxonomy":"product_brand","embeddable":true,"href":"https:\/\/raufoss.no\/en\/wp-json\/wp\/v2\/product_brand?post=828"},{"taxonomy":"product_cat","embeddable":true,"href":"https:\/\/raufoss.no\/en\/wp-json\/wp\/v2\/product_cat?post=828"},{"taxonomy":"product_tag","embeddable":true,"href":"https:\/\/raufoss.no\/en\/wp-json\/wp\/v2\/product_tag?post=828"}],"curies":[{"name":"wp","href":"https:\/\/api.w.org\/{rel}","templated":true}]}}