{"id":825,"date":"2022-04-21T11:27:19","date_gmt":"2022-04-21T09:27:19","guid":{"rendered":"https:\/\/raufoss.no\/?post_type=product&#038;p=825"},"modified":"2022-06-15T10:03:05","modified_gmt":"2022-06-15T08:03:05","slug":"nokkelemne-kaba-mauer","status":"publish","type":"product","link":"https:\/\/raufoss.no\/en\/produkt\/nokkelemne-kaba-mauer\/","title":{"rendered":"N\u00f8kkelemne &#8211; Kaba Mauer"},"content":{"rendered":"","protected":false},"excerpt":{"rendered":"<p>\u2013 N\u00f8kkelemne til Kaba Mauer<br \/>\n\u2013 Passer til blandt annet Raufoss Safehouse og Raufoss Premium 16<br \/>\n\u2013 M\u00e5 slipes av l\u00e5sesmed<\/p>\n","protected":false},"featured_media":1539,"template":"","meta":[],"product_brand":[],"product_cat":[26,23],"product_tag":[],"class_list":{"0":"post-825","1":"product","2":"type-product","3":"status-publish","4":"has-post-thumbnail","6":"product_cat-nokkelemner","7":"product_cat-tilbehor","8":"sales-flash-overlay","9":"woocommerce-text-align-left","10":"woocommerce-image-align-left","11":"do-quantity-buttons","13":"first","14":"instock","15":"taxable","16":"shipping-taxable","17":"purchasable","18":"product-type-simple"},"yoast_head":"<!-- This site is optimized with the Yoast SEO plugin v27.5 - https:\/\/yoast.com\/product\/yoast-seo-wordpress\/ -->\n<title>N\u00f8kkelemne - Kaba Mauer - Raufoss Engineering AS<\/title>\n<meta name=\"robots\" content=\"index, follow, max-snippet:-1, max-image-preview:large, max-video-preview:-1\" \/>\n<link rel=\"canonical\" href=\"https:\/\/raufoss.no\/produkt\/nokkelemne-kaba-mauer\/\" \/>\n<meta property=\"og:locale\" content=\"en_US\" \/>\n<meta property=\"og:type\" content=\"article\" \/>\n<meta property=\"og:title\" content=\"N\u00f8kkelemne - Kaba Mauer - Raufoss Engineering AS\" \/>\n<meta property=\"og:description\" content=\"\u2013 N\u00f8kkelemne til Kaba Mauer \u2013 Passer til blandt annet Raufoss Safehouse og Raufoss Premium 16 \u2013 M\u00e5 slipes av l\u00e5sesmed\" \/>\n<meta property=\"og:url\" content=\"https:\/\/raufoss.no\/produkt\/nokkelemne-kaba-mauer\/\" \/>\n<meta property=\"og:site_name\" content=\"Raufoss Engineering AS\" \/>\n<meta property=\"article:publisher\" content=\"https:\/\/www.facebook.com\/raufossvapenskap\" \/>\n<meta property=\"article:modified_time\" content=\"2022-06-15T08:03:05+00:00\" \/>\n<meta property=\"og:image\" content=\"https:\/\/raufoss.no\/wp-content\/uploads\/nokkelemne_kaba_maur.jpg\" \/>\n\t<meta property=\"og:image:width\" content=\"800\" \/>\n\t<meta property=\"og:image:height\" content=\"800\" \/>\n\t<meta property=\"og:image:type\" content=\"image\/jpeg\" \/>\n<meta name=\"twitter:card\" content=\"summary_large_image\" \/>\n<script type=\"application\/ld+json\" class=\"yoast-schema-graph\">{\"@context\":\"https:\\\/\\\/schema.org\",\"@graph\":[{\"@type\":\"WebPage\",\"@id\":\"https:\\\/\\\/raufoss.no\\\/produkt\\\/nokkelemne-kaba-mauer\\\/\",\"url\":\"https:\\\/\\\/raufoss.no\\\/produkt\\\/nokkelemne-kaba-mauer\\\/\",\"name\":\"N\u00f8kkelemne - Kaba Mauer - Raufoss Engineering AS\",\"isPartOf\":{\"@id\":\"https:\\\/\\\/raufoss.no\\\/#website\"},\"primaryImageOfPage\":{\"@id\":\"https:\\\/\\\/raufoss.no\\\/produkt\\\/nokkelemne-kaba-mauer\\\/#primaryimage\"},\"image\":{\"@id\":\"https:\\\/\\\/raufoss.no\\\/produkt\\\/nokkelemne-kaba-mauer\\\/#primaryimage\"},\"thumbnailUrl\":\"https:\\\/\\\/raufoss.no\\\/wp-content\\\/uploads\\\/nokkelemne_kaba_maur.jpg\",\"datePublished\":\"2022-04-21T09:27:19+00:00\",\"dateModified\":\"2022-06-15T08:03:05+00:00\",\"breadcrumb\":{\"@id\":\"https:\\\/\\\/raufoss.no\\\/produkt\\\/nokkelemne-kaba-mauer\\\/#breadcrumb\"},\"inLanguage\":\"en-US\",\"potentialAction\":[{\"@type\":\"ReadAction\",\"target\":[\"https:\\\/\\\/raufoss.no\\\/produkt\\\/nokkelemne-kaba-mauer\\\/\"]}]},{\"@type\":\"ImageObject\",\"inLanguage\":\"en-US\",\"@id\":\"https:\\\/\\\/raufoss.no\\\/produkt\\\/nokkelemne-kaba-mauer\\\/#primaryimage\",\"url\":\"https:\\\/\\\/raufoss.no\\\/wp-content\\\/uploads\\\/nokkelemne_kaba_maur.jpg\",\"contentUrl\":\"https:\\\/\\\/raufoss.no\\\/wp-content\\\/uploads\\\/nokkelemne_kaba_maur.jpg\",\"width\":800,\"height\":800,\"caption\":\"n\u00f8kkelemne Kaba maur\"},{\"@type\":\"BreadcrumbList\",\"@id\":\"https:\\\/\\\/raufoss.no\\\/produkt\\\/nokkelemne-kaba-mauer\\\/#breadcrumb\",\"itemListElement\":[{\"@type\":\"ListItem\",\"position\":1,\"name\":\"Home\",\"item\":\"https:\\\/\\\/raufoss.no\\\/\"},{\"@type\":\"ListItem\",\"position\":2,\"name\":\"Nettbutikk\",\"item\":\"https:\\\/\\\/raufoss.no\\\/nettbutikk\\\/\"},{\"@type\":\"ListItem\",\"position\":3,\"name\":\"N\u00f8kkelemne &#8211; Kaba Mauer\"}]},{\"@type\":\"WebSite\",\"@id\":\"https:\\\/\\\/raufoss.no\\\/#website\",\"url\":\"https:\\\/\\\/raufoss.no\\\/\",\"name\":\"Raufoss Engineering AS\",\"description\":\"Raufoss Engineering AS er i dag ledende leverand\u00f8r av v\u00e5penskap og v\u00e5pensikring i Norge.\",\"publisher\":{\"@id\":\"https:\\\/\\\/raufoss.no\\\/#organization\"},\"potentialAction\":[{\"@type\":\"SearchAction\",\"target\":{\"@type\":\"EntryPoint\",\"urlTemplate\":\"https:\\\/\\\/raufoss.no\\\/?s={search_term_string}\"},\"query-input\":{\"@type\":\"PropertyValueSpecification\",\"valueRequired\":true,\"valueName\":\"search_term_string\"}}],\"inLanguage\":\"en-US\"},{\"@type\":\"Organization\",\"@id\":\"https:\\\/\\\/raufoss.no\\\/#organization\",\"name\":\"Raufoss Engineering AS\",\"url\":\"https:\\\/\\\/raufoss.no\\\/\",\"logo\":{\"@type\":\"ImageObject\",\"inLanguage\":\"en-US\",\"@id\":\"https:\\\/\\\/raufoss.no\\\/#\\\/schema\\\/logo\\\/image\\\/\",\"url\":\"https:\\\/\\\/raufoss.no\\\/wp-content\\\/uploads\\\/Raufoss_LOGO_svart.svg\",\"contentUrl\":\"https:\\\/\\\/raufoss.no\\\/wp-content\\\/uploads\\\/Raufoss_LOGO_svart.svg\",\"width\":180,\"height\":42,\"caption\":\"Raufoss Engineering AS\"},\"image\":{\"@id\":\"https:\\\/\\\/raufoss.no\\\/#\\\/schema\\\/logo\\\/image\\\/\"},\"sameAs\":[\"https:\\\/\\\/www.facebook.com\\\/raufossvapenskap\"]}]}<\/script>\n<!-- \/ Yoast SEO plugin. -->","yoast_head_json":{"title":"N\u00f8kkelemne - Kaba Mauer - Raufoss Engineering AS","robots":{"index":"index","follow":"follow","max-snippet":"max-snippet:-1","max-image-preview":"max-image-preview:large","max-video-preview":"max-video-preview:-1"},"canonical":"https:\/\/raufoss.no\/produkt\/nokkelemne-kaba-mauer\/","og_locale":"en_US","og_type":"article","og_title":"N\u00f8kkelemne - Kaba Mauer - Raufoss Engineering AS","og_description":"\u2013 N\u00f8kkelemne til Kaba Mauer \u2013 Passer til blandt annet Raufoss Safehouse og Raufoss Premium 16 \u2013 M\u00e5 slipes av l\u00e5sesmed","og_url":"https:\/\/raufoss.no\/produkt\/nokkelemne-kaba-mauer\/","og_site_name":"Raufoss Engineering AS","article_publisher":"https:\/\/www.facebook.com\/raufossvapenskap","article_modified_time":"2022-06-15T08:03:05+00:00","og_image":[{"width":800,"height":800,"url":"https:\/\/raufoss.no\/wp-content\/uploads\/nokkelemne_kaba_maur.jpg","type":"image\/jpeg"}],"twitter_card":"summary_large_image","schema":{"@context":"https:\/\/schema.org","@graph":[{"@type":"WebPage","@id":"https:\/\/raufoss.no\/produkt\/nokkelemne-kaba-mauer\/","url":"https:\/\/raufoss.no\/produkt\/nokkelemne-kaba-mauer\/","name":"N\u00f8kkelemne - Kaba Mauer - Raufoss Engineering AS","isPartOf":{"@id":"https:\/\/raufoss.no\/#website"},"primaryImageOfPage":{"@id":"https:\/\/raufoss.no\/produkt\/nokkelemne-kaba-mauer\/#primaryimage"},"image":{"@id":"https:\/\/raufoss.no\/produkt\/nokkelemne-kaba-mauer\/#primaryimage"},"thumbnailUrl":"https:\/\/raufoss.no\/wp-content\/uploads\/nokkelemne_kaba_maur.jpg","datePublished":"2022-04-21T09:27:19+00:00","dateModified":"2022-06-15T08:03:05+00:00","breadcrumb":{"@id":"https:\/\/raufoss.no\/produkt\/nokkelemne-kaba-mauer\/#breadcrumb"},"inLanguage":"en-US","potentialAction":[{"@type":"ReadAction","target":["https:\/\/raufoss.no\/produkt\/nokkelemne-kaba-mauer\/"]}]},{"@type":"ImageObject","inLanguage":"en-US","@id":"https:\/\/raufoss.no\/produkt\/nokkelemne-kaba-mauer\/#primaryimage","url":"https:\/\/raufoss.no\/wp-content\/uploads\/nokkelemne_kaba_maur.jpg","contentUrl":"https:\/\/raufoss.no\/wp-content\/uploads\/nokkelemne_kaba_maur.jpg","width":800,"height":800,"caption":"n\u00f8kkelemne Kaba maur"},{"@type":"BreadcrumbList","@id":"https:\/\/raufoss.no\/produkt\/nokkelemne-kaba-mauer\/#breadcrumb","itemListElement":[{"@type":"ListItem","position":1,"name":"Home","item":"https:\/\/raufoss.no\/"},{"@type":"ListItem","position":2,"name":"Nettbutikk","item":"https:\/\/raufoss.no\/nettbutikk\/"},{"@type":"ListItem","position":3,"name":"N\u00f8kkelemne &#8211; Kaba Mauer"}]},{"@type":"WebSite","@id":"https:\/\/raufoss.no\/#website","url":"https:\/\/raufoss.no\/","name":"Raufoss Engineering AS","description":"Raufoss Engineering AS er i dag ledende leverand\u00f8r av v\u00e5penskap og v\u00e5pensikring i Norge.","publisher":{"@id":"https:\/\/raufoss.no\/#organization"},"potentialAction":[{"@type":"SearchAction","target":{"@type":"EntryPoint","urlTemplate":"https:\/\/raufoss.no\/?s={search_term_string}"},"query-input":{"@type":"PropertyValueSpecification","valueRequired":true,"valueName":"search_term_string"}}],"inLanguage":"en-US"},{"@type":"Organization","@id":"https:\/\/raufoss.no\/#organization","name":"Raufoss Engineering AS","url":"https:\/\/raufoss.no\/","logo":{"@type":"ImageObject","inLanguage":"en-US","@id":"https:\/\/raufoss.no\/#\/schema\/logo\/image\/","url":"https:\/\/raufoss.no\/wp-content\/uploads\/Raufoss_LOGO_svart.svg","contentUrl":"https:\/\/raufoss.no\/wp-content\/uploads\/Raufoss_LOGO_svart.svg","width":180,"height":42,"caption":"Raufoss Engineering AS"},"image":{"@id":"https:\/\/raufoss.no\/#\/schema\/logo\/image\/"},"sameAs":["https:\/\/www.facebook.com\/raufossvapenskap"]}]}},"_links":{"self":[{"href":"https:\/\/raufoss.no\/en\/wp-json\/wp\/v2\/product\/825","targetHints":{"allow":["GET"]}}],"collection":[{"href":"https:\/\/raufoss.no\/en\/wp-json\/wp\/v2\/product"}],"about":[{"href":"https:\/\/raufoss.no\/en\/wp-json\/wp\/v2\/types\/product"}],"wp:featuredmedia":[{"embeddable":true,"href":"https:\/\/raufoss.no\/en\/wp-json\/wp\/v2\/media\/1539"}],"wp:attachment":[{"href":"https:\/\/raufoss.no\/en\/wp-json\/wp\/v2\/media?parent=825"}],"wp:term":[{"taxonomy":"product_brand","embeddable":true,"href":"https:\/\/raufoss.no\/en\/wp-json\/wp\/v2\/product_brand?post=825"},{"taxonomy":"product_cat","embeddable":true,"href":"https:\/\/raufoss.no\/en\/wp-json\/wp\/v2\/product_cat?post=825"},{"taxonomy":"product_tag","embeddable":true,"href":"https:\/\/raufoss.no\/en\/wp-json\/wp\/v2\/product_tag?post=825"}],"curies":[{"name":"wp","href":"https:\/\/api.w.org\/{rel}","templated":true}]}}