{"id":817,"date":"2022-04-21T11:27:18","date_gmt":"2022-04-21T09:27:18","guid":{"rendered":"https:\/\/raufoss.no\/?post_type=product&#038;p=817"},"modified":"2026-03-03T08:13:08","modified_gmt":"2026-03-03T07:13:08","slug":"lange-lopsstotter-5-stk-premium-16","status":"publish","type":"product","link":"https:\/\/raufoss.no\/en\/produkt\/lange-lopsstotter-5-stk-premium-16\/","title":{"rendered":"Lange l\u00f8psst\u00f8tter 5 stk Premium 16"},"content":{"rendered":"","protected":false},"excerpt":{"rendered":"<p>\u2013 Lange l\u00f8pst\u00f8tter til Premium 16<br \/>\n\u2013 For plassering av v\u00e5pen i to rader<br \/>\n\u2013 Justeres for \u00e5 gi ekstra rom til kikkertsikter o.l.<br \/>\n\u2013 Kommer i en fast breddeposisjon<br \/>\n\u2013 Pakke p\u00e5 5 stk<\/p>\n","protected":false},"featured_media":1559,"template":"","meta":[],"product_brand":[],"product_cat":[23,24],"product_tag":[],"class_list":{"0":"post-817","1":"product","2":"type-product","3":"status-publish","4":"has-post-thumbnail","6":"product_cat-tilbehor","7":"product_cat-tilbehor-premium","8":"sales-flash-overlay","9":"woocommerce-text-align-left","10":"woocommerce-image-align-left","11":"do-quantity-buttons","13":"first","14":"instock","15":"taxable","16":"shipping-taxable","17":"purchasable","18":"product-type-simple"},"yoast_head":"<!-- This site is optimized with the Yoast SEO plugin v27.5 - https:\/\/yoast.com\/product\/yoast-seo-wordpress\/ -->\n<title>Lange l\u00f8psst\u00f8tter 5 stk Premium 16 - Raufoss Engineering AS<\/title>\n<meta name=\"robots\" content=\"index, follow, max-snippet:-1, max-image-preview:large, max-video-preview:-1\" \/>\n<link rel=\"canonical\" href=\"https:\/\/raufoss.no\/produkt\/lange-lopsstotter-5-stk-premium-16\/\" \/>\n<meta property=\"og:locale\" content=\"en_US\" \/>\n<meta property=\"og:type\" content=\"article\" \/>\n<meta property=\"og:title\" content=\"Lange l\u00f8psst\u00f8tter 5 stk Premium 16 - Raufoss Engineering AS\" \/>\n<meta property=\"og:description\" content=\"\u2013 Lange l\u00f8pst\u00f8tter til Premium 16 \u2013 For plassering av v\u00e5pen i to rader \u2013 Justeres for \u00e5 gi ekstra rom til kikkertsikter o.l. \u2013 Kommer i en fast breddeposisjon \u2013 Pakke p\u00e5 5 stk\" \/>\n<meta property=\"og:url\" content=\"https:\/\/raufoss.no\/produkt\/lange-lopsstotter-5-stk-premium-16\/\" \/>\n<meta property=\"og:site_name\" content=\"Raufoss Engineering AS\" \/>\n<meta property=\"article:publisher\" content=\"https:\/\/www.facebook.com\/raufossvapenskap\" \/>\n<meta property=\"article:modified_time\" content=\"2026-03-03T07:13:08+00:00\" \/>\n<meta property=\"og:image\" content=\"https:\/\/raufoss.no\/wp-content\/uploads\/lange-lopstotter_raufosspremium16.jpg\" \/>\n\t<meta property=\"og:image:width\" content=\"800\" \/>\n\t<meta property=\"og:image:height\" content=\"800\" \/>\n\t<meta property=\"og:image:type\" content=\"image\/jpeg\" \/>\n<meta name=\"twitter:card\" content=\"summary_large_image\" \/>\n<meta name=\"twitter:label1\" content=\"Est. reading time\" \/>\n\t<meta name=\"twitter:data1\" content=\"1 minute\" \/>\n<script type=\"application\/ld+json\" class=\"yoast-schema-graph\">{\"@context\":\"https:\\\/\\\/schema.org\",\"@graph\":[{\"@type\":\"WebPage\",\"@id\":\"https:\\\/\\\/raufoss.no\\\/produkt\\\/lange-lopsstotter-5-stk-premium-16\\\/\",\"url\":\"https:\\\/\\\/raufoss.no\\\/produkt\\\/lange-lopsstotter-5-stk-premium-16\\\/\",\"name\":\"Lange l\u00f8psst\u00f8tter 5 stk Premium 16 - Raufoss Engineering AS\",\"isPartOf\":{\"@id\":\"https:\\\/\\\/raufoss.no\\\/#website\"},\"primaryImageOfPage\":{\"@id\":\"https:\\\/\\\/raufoss.no\\\/produkt\\\/lange-lopsstotter-5-stk-premium-16\\\/#primaryimage\"},\"image\":{\"@id\":\"https:\\\/\\\/raufoss.no\\\/produkt\\\/lange-lopsstotter-5-stk-premium-16\\\/#primaryimage\"},\"thumbnailUrl\":\"https:\\\/\\\/raufoss.no\\\/wp-content\\\/uploads\\\/lange-lopstotter_raufosspremium16.jpg\",\"datePublished\":\"2022-04-21T09:27:18+00:00\",\"dateModified\":\"2026-03-03T07:13:08+00:00\",\"breadcrumb\":{\"@id\":\"https:\\\/\\\/raufoss.no\\\/produkt\\\/lange-lopsstotter-5-stk-premium-16\\\/#breadcrumb\"},\"inLanguage\":\"en-US\",\"potentialAction\":[{\"@type\":\"ReadAction\",\"target\":[\"https:\\\/\\\/raufoss.no\\\/produkt\\\/lange-lopsstotter-5-stk-premium-16\\\/\"]}]},{\"@type\":\"ImageObject\",\"inLanguage\":\"en-US\",\"@id\":\"https:\\\/\\\/raufoss.no\\\/produkt\\\/lange-lopsstotter-5-stk-premium-16\\\/#primaryimage\",\"url\":\"https:\\\/\\\/raufoss.no\\\/wp-content\\\/uploads\\\/lange-lopstotter_raufosspremium16.jpg\",\"contentUrl\":\"https:\\\/\\\/raufoss.no\\\/wp-content\\\/uploads\\\/lange-lopstotter_raufosspremium16.jpg\",\"width\":800,\"height\":800},{\"@type\":\"BreadcrumbList\",\"@id\":\"https:\\\/\\\/raufoss.no\\\/produkt\\\/lange-lopsstotter-5-stk-premium-16\\\/#breadcrumb\",\"itemListElement\":[{\"@type\":\"ListItem\",\"position\":1,\"name\":\"Home\",\"item\":\"https:\\\/\\\/raufoss.no\\\/\"},{\"@type\":\"ListItem\",\"position\":2,\"name\":\"Nettbutikk\",\"item\":\"https:\\\/\\\/raufoss.no\\\/nettbutikk\\\/\"},{\"@type\":\"ListItem\",\"position\":3,\"name\":\"Lange l\u00f8psst\u00f8tter 5 stk Premium 16\"}]},{\"@type\":\"WebSite\",\"@id\":\"https:\\\/\\\/raufoss.no\\\/#website\",\"url\":\"https:\\\/\\\/raufoss.no\\\/\",\"name\":\"Raufoss Engineering AS\",\"description\":\"Raufoss Engineering AS er i dag ledende leverand\u00f8r av v\u00e5penskap og v\u00e5pensikring i Norge.\",\"publisher\":{\"@id\":\"https:\\\/\\\/raufoss.no\\\/#organization\"},\"potentialAction\":[{\"@type\":\"SearchAction\",\"target\":{\"@type\":\"EntryPoint\",\"urlTemplate\":\"https:\\\/\\\/raufoss.no\\\/?s={search_term_string}\"},\"query-input\":{\"@type\":\"PropertyValueSpecification\",\"valueRequired\":true,\"valueName\":\"search_term_string\"}}],\"inLanguage\":\"en-US\"},{\"@type\":\"Organization\",\"@id\":\"https:\\\/\\\/raufoss.no\\\/#organization\",\"name\":\"Raufoss Engineering AS\",\"url\":\"https:\\\/\\\/raufoss.no\\\/\",\"logo\":{\"@type\":\"ImageObject\",\"inLanguage\":\"en-US\",\"@id\":\"https:\\\/\\\/raufoss.no\\\/#\\\/schema\\\/logo\\\/image\\\/\",\"url\":\"https:\\\/\\\/raufoss.no\\\/wp-content\\\/uploads\\\/Raufoss_LOGO_svart.svg\",\"contentUrl\":\"https:\\\/\\\/raufoss.no\\\/wp-content\\\/uploads\\\/Raufoss_LOGO_svart.svg\",\"width\":180,\"height\":42,\"caption\":\"Raufoss Engineering AS\"},\"image\":{\"@id\":\"https:\\\/\\\/raufoss.no\\\/#\\\/schema\\\/logo\\\/image\\\/\"},\"sameAs\":[\"https:\\\/\\\/www.facebook.com\\\/raufossvapenskap\"]}]}<\/script>\n<!-- \/ Yoast SEO plugin. -->","yoast_head_json":{"title":"Lange l\u00f8psst\u00f8tter 5 stk Premium 16 - Raufoss Engineering AS","robots":{"index":"index","follow":"follow","max-snippet":"max-snippet:-1","max-image-preview":"max-image-preview:large","max-video-preview":"max-video-preview:-1"},"canonical":"https:\/\/raufoss.no\/produkt\/lange-lopsstotter-5-stk-premium-16\/","og_locale":"en_US","og_type":"article","og_title":"Lange l\u00f8psst\u00f8tter 5 stk Premium 16 - Raufoss Engineering AS","og_description":"\u2013 Lange l\u00f8pst\u00f8tter til Premium 16 \u2013 For plassering av v\u00e5pen i to rader \u2013 Justeres for \u00e5 gi ekstra rom til kikkertsikter o.l. \u2013 Kommer i en fast breddeposisjon \u2013 Pakke p\u00e5 5 stk","og_url":"https:\/\/raufoss.no\/produkt\/lange-lopsstotter-5-stk-premium-16\/","og_site_name":"Raufoss Engineering AS","article_publisher":"https:\/\/www.facebook.com\/raufossvapenskap","article_modified_time":"2026-03-03T07:13:08+00:00","og_image":[{"width":800,"height":800,"url":"https:\/\/raufoss.no\/wp-content\/uploads\/lange-lopstotter_raufosspremium16.jpg","type":"image\/jpeg"}],"twitter_card":"summary_large_image","twitter_misc":{"Est. reading time":"1 minute"},"schema":{"@context":"https:\/\/schema.org","@graph":[{"@type":"WebPage","@id":"https:\/\/raufoss.no\/produkt\/lange-lopsstotter-5-stk-premium-16\/","url":"https:\/\/raufoss.no\/produkt\/lange-lopsstotter-5-stk-premium-16\/","name":"Lange l\u00f8psst\u00f8tter 5 stk Premium 16 - Raufoss Engineering AS","isPartOf":{"@id":"https:\/\/raufoss.no\/#website"},"primaryImageOfPage":{"@id":"https:\/\/raufoss.no\/produkt\/lange-lopsstotter-5-stk-premium-16\/#primaryimage"},"image":{"@id":"https:\/\/raufoss.no\/produkt\/lange-lopsstotter-5-stk-premium-16\/#primaryimage"},"thumbnailUrl":"https:\/\/raufoss.no\/wp-content\/uploads\/lange-lopstotter_raufosspremium16.jpg","datePublished":"2022-04-21T09:27:18+00:00","dateModified":"2026-03-03T07:13:08+00:00","breadcrumb":{"@id":"https:\/\/raufoss.no\/produkt\/lange-lopsstotter-5-stk-premium-16\/#breadcrumb"},"inLanguage":"en-US","potentialAction":[{"@type":"ReadAction","target":["https:\/\/raufoss.no\/produkt\/lange-lopsstotter-5-stk-premium-16\/"]}]},{"@type":"ImageObject","inLanguage":"en-US","@id":"https:\/\/raufoss.no\/produkt\/lange-lopsstotter-5-stk-premium-16\/#primaryimage","url":"https:\/\/raufoss.no\/wp-content\/uploads\/lange-lopstotter_raufosspremium16.jpg","contentUrl":"https:\/\/raufoss.no\/wp-content\/uploads\/lange-lopstotter_raufosspremium16.jpg","width":800,"height":800},{"@type":"BreadcrumbList","@id":"https:\/\/raufoss.no\/produkt\/lange-lopsstotter-5-stk-premium-16\/#breadcrumb","itemListElement":[{"@type":"ListItem","position":1,"name":"Home","item":"https:\/\/raufoss.no\/"},{"@type":"ListItem","position":2,"name":"Nettbutikk","item":"https:\/\/raufoss.no\/nettbutikk\/"},{"@type":"ListItem","position":3,"name":"Lange l\u00f8psst\u00f8tter 5 stk Premium 16"}]},{"@type":"WebSite","@id":"https:\/\/raufoss.no\/#website","url":"https:\/\/raufoss.no\/","name":"Raufoss Engineering AS","description":"Raufoss Engineering AS er i dag ledende leverand\u00f8r av v\u00e5penskap og v\u00e5pensikring i Norge.","publisher":{"@id":"https:\/\/raufoss.no\/#organization"},"potentialAction":[{"@type":"SearchAction","target":{"@type":"EntryPoint","urlTemplate":"https:\/\/raufoss.no\/?s={search_term_string}"},"query-input":{"@type":"PropertyValueSpecification","valueRequired":true,"valueName":"search_term_string"}}],"inLanguage":"en-US"},{"@type":"Organization","@id":"https:\/\/raufoss.no\/#organization","name":"Raufoss Engineering AS","url":"https:\/\/raufoss.no\/","logo":{"@type":"ImageObject","inLanguage":"en-US","@id":"https:\/\/raufoss.no\/#\/schema\/logo\/image\/","url":"https:\/\/raufoss.no\/wp-content\/uploads\/Raufoss_LOGO_svart.svg","contentUrl":"https:\/\/raufoss.no\/wp-content\/uploads\/Raufoss_LOGO_svart.svg","width":180,"height":42,"caption":"Raufoss Engineering AS"},"image":{"@id":"https:\/\/raufoss.no\/#\/schema\/logo\/image\/"},"sameAs":["https:\/\/www.facebook.com\/raufossvapenskap"]}]}},"_links":{"self":[{"href":"https:\/\/raufoss.no\/en\/wp-json\/wp\/v2\/product\/817","targetHints":{"allow":["GET"]}}],"collection":[{"href":"https:\/\/raufoss.no\/en\/wp-json\/wp\/v2\/product"}],"about":[{"href":"https:\/\/raufoss.no\/en\/wp-json\/wp\/v2\/types\/product"}],"wp:featuredmedia":[{"embeddable":true,"href":"https:\/\/raufoss.no\/en\/wp-json\/wp\/v2\/media\/1559"}],"wp:attachment":[{"href":"https:\/\/raufoss.no\/en\/wp-json\/wp\/v2\/media?parent=817"}],"wp:term":[{"taxonomy":"product_brand","embeddable":true,"href":"https:\/\/raufoss.no\/en\/wp-json\/wp\/v2\/product_brand?post=817"},{"taxonomy":"product_cat","embeddable":true,"href":"https:\/\/raufoss.no\/en\/wp-json\/wp\/v2\/product_cat?post=817"},{"taxonomy":"product_tag","embeddable":true,"href":"https:\/\/raufoss.no\/en\/wp-json\/wp\/v2\/product_tag?post=817"}],"curies":[{"name":"wp","href":"https:\/\/api.w.org\/{rel}","templated":true}]}}