{"id":812,"date":"2022-04-21T11:27:18","date_gmt":"2022-04-21T09:27:18","guid":{"rendered":"https:\/\/raufoss.no\/?post_type=product&#038;p=812"},"modified":"2025-02-17T07:51:07","modified_gmt":"2025-02-17T06:51:07","slug":"raufoss-safehouse-vapen-og-pistolskap","status":"publish","type":"product","link":"https:\/\/raufoss.no\/en\/produkt\/raufoss-safehouse-vapen-og-pistolskap\/","title":{"rendered":"Raufoss Safehouse V\u00e5pen- og Pistolskap"},"content":{"rendered":"<p>Raufoss Safehouse v\u00e5penskap er en ny og unik type sikkerhetsskap for oppbevaring av alle typer v\u00e5pen, samt hjemmets verdisaker. Safehouse v\u00e5penskap utmerker seg som et norsk kvalitetsprodukt med nyskapende design og innovative tekniske l\u00f8sninger.<\/p>\n<p>Med en vekt p\u00e5 kun 19 kg er Raufoss Safehouse en kompakt, robust og elegant l\u00f8sning som enkelt kan plasseres i alle hjem. Det passer like godt inn i stuen som i boden eller klesskapet.<\/p>\n<p>Safehouse monteres raskt og enkelt p\u00e5 vegg, og betjenes av en vertikal skyved\u00f8r. D\u00f8ren er fj\u00e6rbelastet, noe som gir god kontroll under b\u00e5de \u00e5pning og lukking.<\/p>\n<p>V\u00e5penskapet har stor innvendig plass i forhold til st\u00f8rrelsen og kan sikre vitale v\u00e5pendeler for inntil 10 gev\u00e6r. Brukes det som pistolskap er det plass til inntil 4 h\u00e5ndv\u00e5pen.<\/p>\n<p>Raufoss Safehouse ble prisbel\u00f8nnet med \u201cMerket for god design\u201d av Norsk Designr\u00e5d. Anerkjennelsen tildeles et lite utvalg norske produkter hvert \u00e5r som skiller seg ut med design og brukervennlighet.<\/p>\n<p><b>Medf\u00f8lgende utstyr:<\/b><br \/>\n\u2013 Hylle<br \/>\n\u2013 Skruepakke for veggmontering<br \/>\n\u2013 2 stk n\u00f8kler<\/p>\n","protected":false},"excerpt":{"rendered":"<p>\u2013 For innl\u00e5sing av h\u00e5ndv\u00e5pen og vitale v\u00e5pendeler<br \/>\n\u2013 Prisbel\u00f8nt av Norsk Designr\u00e5d<br \/>\n\u2013 Plasseringsvennlig og kompakt<br \/>\n\u2013 Lettbetjent skyved\u00f8r<br \/>\n\u2013 Utviklet og produsert i Norge<br \/>\n\u2013 God kvalitet og h\u00f8y sikkerhet (FG-Godkjent)<br \/>\n\u2013 Fast lav frakt p\u00e5 249,- i hele Norge!<\/p>\n<p><strong>Ca 2 ukers leveringstid<\/strong><\/p>\n<div style=\"padding: 56.25% 0 0 0; position: relative;\"><iframe style=\"position: absolute; top: 0; left: 0; width: 100%; height: 100%;\" title=\"Raufoss.no Safehouse (med undertekster)\" src=\"https:\/\/player.vimeo.com\/video\/695865641?h=f9e98ab639&amp;badge=0&amp;autopause=0&amp;player_id=0&amp;app_id=58479\" frameborder=\"0\" allowfullscreen=\"allowfullscreen\"><\/iframe><\/div>\n<p><script src=\"https:\/\/player.vimeo.com\/api\/player.js\"><\/script><\/p>\n","protected":false},"featured_media":804,"template":"","meta":[],"product_brand":[],"product_cat":[22,18],"product_tag":[],"class_list":{"0":"post-812","1":"product","2":"type-product","3":"status-publish","4":"has-post-thumbnail","6":"product_cat-safehouse","7":"product_cat-vapenskap","8":"product_shipping_class-safehouse","9":"sales-flash-overlay","10":"woocommerce-text-align-left","11":"woocommerce-image-align-left","12":"do-quantity-buttons","14":"first","15":"instock","16":"taxable","17":"shipping-taxable","18":"purchasable","19":"product-type-simple"},"yoast_head":"<!-- This site is optimized with the Yoast SEO plugin v27.3 - https:\/\/yoast.com\/product\/yoast-seo-wordpress\/ -->\n<title>Raufoss Safehouse V\u00e5pen- og Pistolskap - Raufoss Engineering AS<\/title>\n<meta name=\"description\" content=\"Raufoss Safehouse v\u00e5penskap er en ny og unik type sikkerhetsskap for oppbevaring av alle typer v\u00e5pen, samt hjemmets verdisaker.\" \/>\n<meta name=\"robots\" content=\"index, follow, max-snippet:-1, max-image-preview:large, max-video-preview:-1\" \/>\n<link rel=\"canonical\" href=\"https:\/\/raufoss.no\/produkt\/raufoss-safehouse-vapen-og-pistolskap\/\" \/>\n<meta property=\"og:locale\" content=\"en_US\" \/>\n<meta property=\"og:type\" content=\"article\" \/>\n<meta property=\"og:title\" content=\"Raufoss Safehouse V\u00e5pen- og Pistolskap - Raufoss Engineering AS\" \/>\n<meta property=\"og:description\" content=\"Raufoss Safehouse v\u00e5penskap er en ny og unik type sikkerhetsskap for oppbevaring av alle typer v\u00e5pen, samt hjemmets verdisaker.\" \/>\n<meta property=\"og:url\" content=\"https:\/\/raufoss.no\/produkt\/raufoss-safehouse-vapen-og-pistolskap\/\" \/>\n<meta property=\"og:site_name\" content=\"Raufoss Engineering AS\" \/>\n<meta property=\"article:publisher\" content=\"https:\/\/www.facebook.com\/raufossvapenskap\" \/>\n<meta property=\"article:modified_time\" content=\"2025-02-17T06:51:07+00:00\" \/>\n<meta property=\"og:image\" content=\"https:\/\/raufoss.no\/wp-content\/uploads\/safehouse1.jpg\" \/>\n\t<meta property=\"og:image:width\" content=\"1000\" \/>\n\t<meta property=\"og:image:height\" content=\"999\" \/>\n\t<meta property=\"og:image:type\" content=\"image\/jpeg\" \/>\n<meta name=\"twitter:card\" content=\"summary_large_image\" \/>\n<meta name=\"twitter:label1\" content=\"Est. reading time\" \/>\n\t<meta name=\"twitter:data1\" content=\"2 minutes\" \/>\n<script type=\"application\/ld+json\" class=\"yoast-schema-graph\">{\"@context\":\"https:\\\/\\\/schema.org\",\"@graph\":[{\"@type\":\"WebPage\",\"@id\":\"https:\\\/\\\/raufoss.no\\\/produkt\\\/raufoss-safehouse-vapen-og-pistolskap\\\/\",\"url\":\"https:\\\/\\\/raufoss.no\\\/produkt\\\/raufoss-safehouse-vapen-og-pistolskap\\\/\",\"name\":\"Raufoss Safehouse V\u00e5pen- og Pistolskap - Raufoss Engineering AS\",\"isPartOf\":{\"@id\":\"https:\\\/\\\/raufoss.no\\\/#website\"},\"primaryImageOfPage\":{\"@id\":\"https:\\\/\\\/raufoss.no\\\/produkt\\\/raufoss-safehouse-vapen-og-pistolskap\\\/#primaryimage\"},\"image\":{\"@id\":\"https:\\\/\\\/raufoss.no\\\/produkt\\\/raufoss-safehouse-vapen-og-pistolskap\\\/#primaryimage\"},\"thumbnailUrl\":\"https:\\\/\\\/raufoss.no\\\/wp-content\\\/uploads\\\/safehouse1.jpg\",\"datePublished\":\"2022-04-21T09:27:18+00:00\",\"dateModified\":\"2025-02-17T06:51:07+00:00\",\"description\":\"Raufoss Safehouse v\u00e5penskap er en ny og unik type sikkerhetsskap for oppbevaring av alle typer v\u00e5pen, samt hjemmets verdisaker.\",\"breadcrumb\":{\"@id\":\"https:\\\/\\\/raufoss.no\\\/produkt\\\/raufoss-safehouse-vapen-og-pistolskap\\\/#breadcrumb\"},\"inLanguage\":\"en-US\",\"potentialAction\":[{\"@type\":\"ReadAction\",\"target\":[\"https:\\\/\\\/raufoss.no\\\/produkt\\\/raufoss-safehouse-vapen-og-pistolskap\\\/\"]}]},{\"@type\":\"ImageObject\",\"inLanguage\":\"en-US\",\"@id\":\"https:\\\/\\\/raufoss.no\\\/produkt\\\/raufoss-safehouse-vapen-og-pistolskap\\\/#primaryimage\",\"url\":\"https:\\\/\\\/raufoss.no\\\/wp-content\\\/uploads\\\/safehouse1.jpg\",\"contentUrl\":\"https:\\\/\\\/raufoss.no\\\/wp-content\\\/uploads\\\/safehouse1.jpg\",\"width\":1000,\"height\":999},{\"@type\":\"BreadcrumbList\",\"@id\":\"https:\\\/\\\/raufoss.no\\\/produkt\\\/raufoss-safehouse-vapen-og-pistolskap\\\/#breadcrumb\",\"itemListElement\":[{\"@type\":\"ListItem\",\"position\":1,\"name\":\"Home\",\"item\":\"https:\\\/\\\/raufoss.no\\\/\"},{\"@type\":\"ListItem\",\"position\":2,\"name\":\"Nettbutikk\",\"item\":\"https:\\\/\\\/raufoss.no\\\/nettbutikk\\\/\"},{\"@type\":\"ListItem\",\"position\":3,\"name\":\"Raufoss Safehouse V\u00e5pen- og Pistolskap\"}]},{\"@type\":\"WebSite\",\"@id\":\"https:\\\/\\\/raufoss.no\\\/#website\",\"url\":\"https:\\\/\\\/raufoss.no\\\/\",\"name\":\"Raufoss Engineering AS\",\"description\":\"Raufoss Engineering AS er i dag ledende leverand\u00f8r av v\u00e5penskap og v\u00e5pensikring i Norge.\",\"publisher\":{\"@id\":\"https:\\\/\\\/raufoss.no\\\/#organization\"},\"potentialAction\":[{\"@type\":\"SearchAction\",\"target\":{\"@type\":\"EntryPoint\",\"urlTemplate\":\"https:\\\/\\\/raufoss.no\\\/?s={search_term_string}\"},\"query-input\":{\"@type\":\"PropertyValueSpecification\",\"valueRequired\":true,\"valueName\":\"search_term_string\"}}],\"inLanguage\":\"en-US\"},{\"@type\":\"Organization\",\"@id\":\"https:\\\/\\\/raufoss.no\\\/#organization\",\"name\":\"Raufoss Engineering AS\",\"url\":\"https:\\\/\\\/raufoss.no\\\/\",\"logo\":{\"@type\":\"ImageObject\",\"inLanguage\":\"en-US\",\"@id\":\"https:\\\/\\\/raufoss.no\\\/#\\\/schema\\\/logo\\\/image\\\/\",\"url\":\"https:\\\/\\\/raufoss.no\\\/wp-content\\\/uploads\\\/Raufoss_LOGO_svart.svg\",\"contentUrl\":\"https:\\\/\\\/raufoss.no\\\/wp-content\\\/uploads\\\/Raufoss_LOGO_svart.svg\",\"width\":180,\"height\":42,\"caption\":\"Raufoss Engineering AS\"},\"image\":{\"@id\":\"https:\\\/\\\/raufoss.no\\\/#\\\/schema\\\/logo\\\/image\\\/\"},\"sameAs\":[\"https:\\\/\\\/www.facebook.com\\\/raufossvapenskap\"]}]}<\/script>\n<!-- \/ Yoast SEO plugin. -->","yoast_head_json":{"title":"Raufoss Safehouse V\u00e5pen- og Pistolskap - Raufoss Engineering AS","description":"Raufoss Safehouse v\u00e5penskap er en ny og unik type sikkerhetsskap for oppbevaring av alle typer v\u00e5pen, samt hjemmets verdisaker.","robots":{"index":"index","follow":"follow","max-snippet":"max-snippet:-1","max-image-preview":"max-image-preview:large","max-video-preview":"max-video-preview:-1"},"canonical":"https:\/\/raufoss.no\/produkt\/raufoss-safehouse-vapen-og-pistolskap\/","og_locale":"en_US","og_type":"article","og_title":"Raufoss Safehouse V\u00e5pen- og Pistolskap - Raufoss Engineering AS","og_description":"Raufoss Safehouse v\u00e5penskap er en ny og unik type sikkerhetsskap for oppbevaring av alle typer v\u00e5pen, samt hjemmets verdisaker.","og_url":"https:\/\/raufoss.no\/produkt\/raufoss-safehouse-vapen-og-pistolskap\/","og_site_name":"Raufoss Engineering AS","article_publisher":"https:\/\/www.facebook.com\/raufossvapenskap","article_modified_time":"2025-02-17T06:51:07+00:00","og_image":[{"width":1000,"height":999,"url":"https:\/\/raufoss.no\/wp-content\/uploads\/safehouse1.jpg","type":"image\/jpeg"}],"twitter_card":"summary_large_image","twitter_misc":{"Est. reading time":"2 minutes"},"schema":{"@context":"https:\/\/schema.org","@graph":[{"@type":"WebPage","@id":"https:\/\/raufoss.no\/produkt\/raufoss-safehouse-vapen-og-pistolskap\/","url":"https:\/\/raufoss.no\/produkt\/raufoss-safehouse-vapen-og-pistolskap\/","name":"Raufoss Safehouse V\u00e5pen- og Pistolskap - Raufoss Engineering AS","isPartOf":{"@id":"https:\/\/raufoss.no\/#website"},"primaryImageOfPage":{"@id":"https:\/\/raufoss.no\/produkt\/raufoss-safehouse-vapen-og-pistolskap\/#primaryimage"},"image":{"@id":"https:\/\/raufoss.no\/produkt\/raufoss-safehouse-vapen-og-pistolskap\/#primaryimage"},"thumbnailUrl":"https:\/\/raufoss.no\/wp-content\/uploads\/safehouse1.jpg","datePublished":"2022-04-21T09:27:18+00:00","dateModified":"2025-02-17T06:51:07+00:00","description":"Raufoss Safehouse v\u00e5penskap er en ny og unik type sikkerhetsskap for oppbevaring av alle typer v\u00e5pen, samt hjemmets verdisaker.","breadcrumb":{"@id":"https:\/\/raufoss.no\/produkt\/raufoss-safehouse-vapen-og-pistolskap\/#breadcrumb"},"inLanguage":"en-US","potentialAction":[{"@type":"ReadAction","target":["https:\/\/raufoss.no\/produkt\/raufoss-safehouse-vapen-og-pistolskap\/"]}]},{"@type":"ImageObject","inLanguage":"en-US","@id":"https:\/\/raufoss.no\/produkt\/raufoss-safehouse-vapen-og-pistolskap\/#primaryimage","url":"https:\/\/raufoss.no\/wp-content\/uploads\/safehouse1.jpg","contentUrl":"https:\/\/raufoss.no\/wp-content\/uploads\/safehouse1.jpg","width":1000,"height":999},{"@type":"BreadcrumbList","@id":"https:\/\/raufoss.no\/produkt\/raufoss-safehouse-vapen-og-pistolskap\/#breadcrumb","itemListElement":[{"@type":"ListItem","position":1,"name":"Home","item":"https:\/\/raufoss.no\/"},{"@type":"ListItem","position":2,"name":"Nettbutikk","item":"https:\/\/raufoss.no\/nettbutikk\/"},{"@type":"ListItem","position":3,"name":"Raufoss Safehouse V\u00e5pen- og Pistolskap"}]},{"@type":"WebSite","@id":"https:\/\/raufoss.no\/#website","url":"https:\/\/raufoss.no\/","name":"Raufoss Engineering AS","description":"Raufoss Engineering AS er i dag ledende leverand\u00f8r av v\u00e5penskap og v\u00e5pensikring i Norge.","publisher":{"@id":"https:\/\/raufoss.no\/#organization"},"potentialAction":[{"@type":"SearchAction","target":{"@type":"EntryPoint","urlTemplate":"https:\/\/raufoss.no\/?s={search_term_string}"},"query-input":{"@type":"PropertyValueSpecification","valueRequired":true,"valueName":"search_term_string"}}],"inLanguage":"en-US"},{"@type":"Organization","@id":"https:\/\/raufoss.no\/#organization","name":"Raufoss Engineering AS","url":"https:\/\/raufoss.no\/","logo":{"@type":"ImageObject","inLanguage":"en-US","@id":"https:\/\/raufoss.no\/#\/schema\/logo\/image\/","url":"https:\/\/raufoss.no\/wp-content\/uploads\/Raufoss_LOGO_svart.svg","contentUrl":"https:\/\/raufoss.no\/wp-content\/uploads\/Raufoss_LOGO_svart.svg","width":180,"height":42,"caption":"Raufoss Engineering AS"},"image":{"@id":"https:\/\/raufoss.no\/#\/schema\/logo\/image\/"},"sameAs":["https:\/\/www.facebook.com\/raufossvapenskap"]}]}},"_links":{"self":[{"href":"https:\/\/raufoss.no\/en\/wp-json\/wp\/v2\/product\/812","targetHints":{"allow":["GET"]}}],"collection":[{"href":"https:\/\/raufoss.no\/en\/wp-json\/wp\/v2\/product"}],"about":[{"href":"https:\/\/raufoss.no\/en\/wp-json\/wp\/v2\/types\/product"}],"wp:featuredmedia":[{"embeddable":true,"href":"https:\/\/raufoss.no\/en\/wp-json\/wp\/v2\/media\/804"}],"wp:attachment":[{"href":"https:\/\/raufoss.no\/en\/wp-json\/wp\/v2\/media?parent=812"}],"wp:term":[{"taxonomy":"product_brand","embeddable":true,"href":"https:\/\/raufoss.no\/en\/wp-json\/wp\/v2\/product_brand?post=812"},{"taxonomy":"product_cat","embeddable":true,"href":"https:\/\/raufoss.no\/en\/wp-json\/wp\/v2\/product_cat?post=812"},{"taxonomy":"product_tag","embeddable":true,"href":"https:\/\/raufoss.no\/en\/wp-json\/wp\/v2\/product_tag?post=812"}],"curies":[{"name":"wp","href":"https:\/\/api.w.org\/{rel}","templated":true}]}}