{"id":807,"date":"2022-04-21T11:27:17","date_gmt":"2022-04-21T09:27:17","guid":{"rendered":"https:\/\/raufoss.no\/?post_type=product&#038;p=807"},"modified":"2025-06-17T11:26:13","modified_gmt":"2025-06-17T09:26:13","slug":"raufoss-premium-6-vapenskap","status":"publish","type":"product","link":"https:\/\/raufoss.no\/en\/produkt\/raufoss-premium-6-vapenskap\/","title":{"rendered":"Raufoss Premium 6 V\u00e5penskap"},"content":{"rendered":"<p>Raufoss Premium representerer et generasjonsskifte innen v\u00e5penskap med sitt moderne design og gode kvalitet. Premium er en videreutvikling av Duun v\u00e5penskapene, som har v\u00e6rt norsk bestselger gjennom en \u00e5rrekke.<\/p>\n<p>V\u00e5penskapet er tilpasset norske behov og v\u00e5pentrender, og har en praktisk systeminnredning som kombineres for \u00e5 dekke dine sikringsbehov. I tillegg til \u00e5 f\u00e5 plass til inntil 6 v\u00e5pen er det ogs\u00e5 plass til ammunisjon, v\u00e5pen- og jaktutstyr.<\/p>\n<p>Raufoss Premium leveres med et egenutviklet innstillbart l\u00f8psst\u00f8ttesystem. Disse kan enkelt stilles inn etter v\u00e5pentype, og sikrer at alt fra salongrifle til side-ved side hagle ligger stabilt i st\u00f8tten. De kan ogs\u00e5 justeres for \u00e5 gi ekstra rom til kikkertsikter o.l.<\/p>\n<p>Topphyllen kan settes i fire h\u00f8ydeposisjoner for \u00e5 utnytte plassen fullt ut, etter hvilke v\u00e5pen som oppbevares.<\/p>\n<p>Raufoss Premium 6 kommer med to d\u00f8rbokser for lagring av mindre utstyr. Det er enkelt \u00e5 flytte boksene til h\u00f8ydeposisjonen som passer til det de skal oppbevare. Dersom det er behov for mer oppbehvaringsplass kan det ogs\u00e5 settes inn flere, for \u00e5 tilpasse Premium 6 til ditt perfekte v\u00e5penskap!<\/p>\n<p>V\u00e5penskapene har utvendige hengslet d\u00f8r. Dette gir god tilgang og plassutnyttelse, samt forenkler h\u00e5ndtering og flytting ved at d\u00f8ren kan tas av.<\/p>\n<p><b>Medf\u00f8lgende utstyr:<\/b><br \/>\n\u2013 Topphylle<br \/>\n\u2013 Dobbel pussestokkholder<br \/>\n\u2013 D\u00f8rbokser<br \/>\n\u2013 2 stk N\u00f8kler<br \/>\n\u2013 4 stk Ekspansjonsbolter for betong<br \/>\n\u2013 L\u00f8psst\u00f8tter<\/p>\n","protected":false},"excerpt":{"rendered":"<p>\u2013 Utviklet av norske entusiaster for norske behov<br \/>\n\u2013 Eksklusivt design med lekre detaljer<br \/>\n\u2013 Utvendige hengsler gir utmerket tilgang, og forenkler flytting<br \/>\n\u2013 God kvalitet og h\u00f8y sikkerhet (FG-Godkjent)<br \/>\n\u2013 Hjemlevering fra kun 699,-!<\/p>\n<div style=\"padding: 56.25% 0 0 0; position: relative;\"><iframe style=\"position: absolute; top: 0; left: 0; width: 100%; height: 100%;\" title=\"Raufoss.no - Premium (med undertekster)\" src=\"https:\/\/player.vimeo.com\/video\/695864994?h=874e32c6f0&amp;badge=0&amp;autopause=0&amp;player_id=0&amp;app_id=58479\" frameborder=\"0\" allowfullscreen=\"allowfullscreen\"><\/iframe><\/div>\n<p><script src=\"https:\/\/player.vimeo.com\/api\/player.js\"><\/script><\/p>\n","protected":false},"featured_media":802,"template":"","meta":[],"product_brand":[],"product_cat":[19,18],"product_tag":[],"class_list":{"0":"post-807","1":"product","2":"type-product","3":"status-publish","4":"has-post-thumbnail","6":"product_cat-premium","7":"product_cat-vapenskap","8":"sales-flash-overlay","9":"woocommerce-text-align-left","10":"woocommerce-image-align-left","11":"do-quantity-buttons","13":"first","14":"outofstock","15":"taxable","16":"shipping-taxable","17":"purchasable","18":"product-type-simple"},"yoast_head":"<!-- This site is optimized with the Yoast SEO plugin v27.3 - https:\/\/yoast.com\/product\/yoast-seo-wordpress\/ -->\n<title>Raufoss Premium 6 V\u00e5penskap - Raufoss Engineering AS<\/title>\n<meta name=\"description\" content=\"Raufoss Premium 6 representerer et generasjonsskifte innen v\u00e5penskap med sitt moderne design og gode kvalitet. FG-godkjent.\" \/>\n<meta name=\"robots\" content=\"index, follow, max-snippet:-1, max-image-preview:large, max-video-preview:-1\" \/>\n<link rel=\"canonical\" href=\"https:\/\/raufoss.no\/produkt\/raufoss-premium-6-vapenskap\/\" \/>\n<meta property=\"og:locale\" content=\"en_US\" \/>\n<meta property=\"og:type\" content=\"article\" \/>\n<meta property=\"og:title\" content=\"Raufoss Premium 6 V\u00e5penskap - Raufoss Engineering AS\" \/>\n<meta property=\"og:description\" content=\"Raufoss Premium 6 representerer et generasjonsskifte innen v\u00e5penskap med sitt moderne design og gode kvalitet. FG-godkjent.\" \/>\n<meta property=\"og:url\" content=\"https:\/\/raufoss.no\/produkt\/raufoss-premium-6-vapenskap\/\" \/>\n<meta property=\"og:site_name\" content=\"Raufoss Engineering AS\" \/>\n<meta property=\"article:publisher\" content=\"https:\/\/www.facebook.com\/raufossvapenskap\" \/>\n<meta property=\"article:modified_time\" content=\"2025-06-17T09:26:13+00:00\" \/>\n<meta property=\"og:image\" content=\"https:\/\/raufoss.no\/wp-content\/uploads\/premium6.jpg\" \/>\n\t<meta property=\"og:image:width\" content=\"1000\" \/>\n\t<meta property=\"og:image:height\" content=\"999\" \/>\n\t<meta property=\"og:image:type\" content=\"image\/jpeg\" \/>\n<meta name=\"twitter:card\" content=\"summary_large_image\" \/>\n<meta name=\"twitter:label1\" content=\"Est. reading time\" \/>\n\t<meta name=\"twitter:data1\" content=\"2 minutes\" \/>\n<script type=\"application\/ld+json\" class=\"yoast-schema-graph\">{\"@context\":\"https:\\\/\\\/schema.org\",\"@graph\":[{\"@type\":\"WebPage\",\"@id\":\"https:\\\/\\\/raufoss.no\\\/produkt\\\/raufoss-premium-6-vapenskap\\\/\",\"url\":\"https:\\\/\\\/raufoss.no\\\/produkt\\\/raufoss-premium-6-vapenskap\\\/\",\"name\":\"Raufoss Premium 6 V\u00e5penskap - Raufoss Engineering AS\",\"isPartOf\":{\"@id\":\"https:\\\/\\\/raufoss.no\\\/#website\"},\"primaryImageOfPage\":{\"@id\":\"https:\\\/\\\/raufoss.no\\\/produkt\\\/raufoss-premium-6-vapenskap\\\/#primaryimage\"},\"image\":{\"@id\":\"https:\\\/\\\/raufoss.no\\\/produkt\\\/raufoss-premium-6-vapenskap\\\/#primaryimage\"},\"thumbnailUrl\":\"https:\\\/\\\/raufoss.no\\\/wp-content\\\/uploads\\\/premium6.jpg\",\"datePublished\":\"2022-04-21T09:27:17+00:00\",\"dateModified\":\"2025-06-17T09:26:13+00:00\",\"description\":\"Raufoss Premium 6 representerer et generasjonsskifte innen v\u00e5penskap med sitt moderne design og gode kvalitet. FG-godkjent.\",\"breadcrumb\":{\"@id\":\"https:\\\/\\\/raufoss.no\\\/produkt\\\/raufoss-premium-6-vapenskap\\\/#breadcrumb\"},\"inLanguage\":\"en-US\",\"potentialAction\":[{\"@type\":\"ReadAction\",\"target\":[\"https:\\\/\\\/raufoss.no\\\/produkt\\\/raufoss-premium-6-vapenskap\\\/\"]}]},{\"@type\":\"ImageObject\",\"inLanguage\":\"en-US\",\"@id\":\"https:\\\/\\\/raufoss.no\\\/produkt\\\/raufoss-premium-6-vapenskap\\\/#primaryimage\",\"url\":\"https:\\\/\\\/raufoss.no\\\/wp-content\\\/uploads\\\/premium6.jpg\",\"contentUrl\":\"https:\\\/\\\/raufoss.no\\\/wp-content\\\/uploads\\\/premium6.jpg\",\"width\":1000,\"height\":999,\"caption\":\"Bildet av et modern, design v\u00e5penskap\"},{\"@type\":\"BreadcrumbList\",\"@id\":\"https:\\\/\\\/raufoss.no\\\/produkt\\\/raufoss-premium-6-vapenskap\\\/#breadcrumb\",\"itemListElement\":[{\"@type\":\"ListItem\",\"position\":1,\"name\":\"Home\",\"item\":\"https:\\\/\\\/raufoss.no\\\/\"},{\"@type\":\"ListItem\",\"position\":2,\"name\":\"Nettbutikk\",\"item\":\"https:\\\/\\\/raufoss.no\\\/nettbutikk\\\/\"},{\"@type\":\"ListItem\",\"position\":3,\"name\":\"Raufoss Premium 6 V\u00e5penskap\"}]},{\"@type\":\"WebSite\",\"@id\":\"https:\\\/\\\/raufoss.no\\\/#website\",\"url\":\"https:\\\/\\\/raufoss.no\\\/\",\"name\":\"Raufoss Engineering AS\",\"description\":\"Raufoss Engineering AS er i dag ledende leverand\u00f8r av v\u00e5penskap og v\u00e5pensikring i Norge.\",\"publisher\":{\"@id\":\"https:\\\/\\\/raufoss.no\\\/#organization\"},\"potentialAction\":[{\"@type\":\"SearchAction\",\"target\":{\"@type\":\"EntryPoint\",\"urlTemplate\":\"https:\\\/\\\/raufoss.no\\\/?s={search_term_string}\"},\"query-input\":{\"@type\":\"PropertyValueSpecification\",\"valueRequired\":true,\"valueName\":\"search_term_string\"}}],\"inLanguage\":\"en-US\"},{\"@type\":\"Organization\",\"@id\":\"https:\\\/\\\/raufoss.no\\\/#organization\",\"name\":\"Raufoss Engineering AS\",\"url\":\"https:\\\/\\\/raufoss.no\\\/\",\"logo\":{\"@type\":\"ImageObject\",\"inLanguage\":\"en-US\",\"@id\":\"https:\\\/\\\/raufoss.no\\\/#\\\/schema\\\/logo\\\/image\\\/\",\"url\":\"https:\\\/\\\/raufoss.no\\\/wp-content\\\/uploads\\\/Raufoss_LOGO_svart.svg\",\"contentUrl\":\"https:\\\/\\\/raufoss.no\\\/wp-content\\\/uploads\\\/Raufoss_LOGO_svart.svg\",\"width\":180,\"height\":42,\"caption\":\"Raufoss Engineering AS\"},\"image\":{\"@id\":\"https:\\\/\\\/raufoss.no\\\/#\\\/schema\\\/logo\\\/image\\\/\"},\"sameAs\":[\"https:\\\/\\\/www.facebook.com\\\/raufossvapenskap\"]}]}<\/script>\n<!-- \/ Yoast SEO plugin. -->","yoast_head_json":{"title":"Raufoss Premium 6 V\u00e5penskap - Raufoss Engineering AS","description":"Raufoss Premium 6 representerer et generasjonsskifte innen v\u00e5penskap med sitt moderne design og gode kvalitet. FG-godkjent.","robots":{"index":"index","follow":"follow","max-snippet":"max-snippet:-1","max-image-preview":"max-image-preview:large","max-video-preview":"max-video-preview:-1"},"canonical":"https:\/\/raufoss.no\/produkt\/raufoss-premium-6-vapenskap\/","og_locale":"en_US","og_type":"article","og_title":"Raufoss Premium 6 V\u00e5penskap - Raufoss Engineering AS","og_description":"Raufoss Premium 6 representerer et generasjonsskifte innen v\u00e5penskap med sitt moderne design og gode kvalitet. FG-godkjent.","og_url":"https:\/\/raufoss.no\/produkt\/raufoss-premium-6-vapenskap\/","og_site_name":"Raufoss Engineering AS","article_publisher":"https:\/\/www.facebook.com\/raufossvapenskap","article_modified_time":"2025-06-17T09:26:13+00:00","og_image":[{"width":1000,"height":999,"url":"https:\/\/raufoss.no\/wp-content\/uploads\/premium6.jpg","type":"image\/jpeg"}],"twitter_card":"summary_large_image","twitter_misc":{"Est. reading time":"2 minutes"},"schema":{"@context":"https:\/\/schema.org","@graph":[{"@type":"WebPage","@id":"https:\/\/raufoss.no\/produkt\/raufoss-premium-6-vapenskap\/","url":"https:\/\/raufoss.no\/produkt\/raufoss-premium-6-vapenskap\/","name":"Raufoss Premium 6 V\u00e5penskap - Raufoss Engineering AS","isPartOf":{"@id":"https:\/\/raufoss.no\/#website"},"primaryImageOfPage":{"@id":"https:\/\/raufoss.no\/produkt\/raufoss-premium-6-vapenskap\/#primaryimage"},"image":{"@id":"https:\/\/raufoss.no\/produkt\/raufoss-premium-6-vapenskap\/#primaryimage"},"thumbnailUrl":"https:\/\/raufoss.no\/wp-content\/uploads\/premium6.jpg","datePublished":"2022-04-21T09:27:17+00:00","dateModified":"2025-06-17T09:26:13+00:00","description":"Raufoss Premium 6 representerer et generasjonsskifte innen v\u00e5penskap med sitt moderne design og gode kvalitet. FG-godkjent.","breadcrumb":{"@id":"https:\/\/raufoss.no\/produkt\/raufoss-premium-6-vapenskap\/#breadcrumb"},"inLanguage":"en-US","potentialAction":[{"@type":"ReadAction","target":["https:\/\/raufoss.no\/produkt\/raufoss-premium-6-vapenskap\/"]}]},{"@type":"ImageObject","inLanguage":"en-US","@id":"https:\/\/raufoss.no\/produkt\/raufoss-premium-6-vapenskap\/#primaryimage","url":"https:\/\/raufoss.no\/wp-content\/uploads\/premium6.jpg","contentUrl":"https:\/\/raufoss.no\/wp-content\/uploads\/premium6.jpg","width":1000,"height":999,"caption":"Bildet av et modern, design v\u00e5penskap"},{"@type":"BreadcrumbList","@id":"https:\/\/raufoss.no\/produkt\/raufoss-premium-6-vapenskap\/#breadcrumb","itemListElement":[{"@type":"ListItem","position":1,"name":"Home","item":"https:\/\/raufoss.no\/"},{"@type":"ListItem","position":2,"name":"Nettbutikk","item":"https:\/\/raufoss.no\/nettbutikk\/"},{"@type":"ListItem","position":3,"name":"Raufoss Premium 6 V\u00e5penskap"}]},{"@type":"WebSite","@id":"https:\/\/raufoss.no\/#website","url":"https:\/\/raufoss.no\/","name":"Raufoss Engineering AS","description":"Raufoss Engineering AS er i dag ledende leverand\u00f8r av v\u00e5penskap og v\u00e5pensikring i Norge.","publisher":{"@id":"https:\/\/raufoss.no\/#organization"},"potentialAction":[{"@type":"SearchAction","target":{"@type":"EntryPoint","urlTemplate":"https:\/\/raufoss.no\/?s={search_term_string}"},"query-input":{"@type":"PropertyValueSpecification","valueRequired":true,"valueName":"search_term_string"}}],"inLanguage":"en-US"},{"@type":"Organization","@id":"https:\/\/raufoss.no\/#organization","name":"Raufoss Engineering AS","url":"https:\/\/raufoss.no\/","logo":{"@type":"ImageObject","inLanguage":"en-US","@id":"https:\/\/raufoss.no\/#\/schema\/logo\/image\/","url":"https:\/\/raufoss.no\/wp-content\/uploads\/Raufoss_LOGO_svart.svg","contentUrl":"https:\/\/raufoss.no\/wp-content\/uploads\/Raufoss_LOGO_svart.svg","width":180,"height":42,"caption":"Raufoss Engineering AS"},"image":{"@id":"https:\/\/raufoss.no\/#\/schema\/logo\/image\/"},"sameAs":["https:\/\/www.facebook.com\/raufossvapenskap"]}]}},"_links":{"self":[{"href":"https:\/\/raufoss.no\/en\/wp-json\/wp\/v2\/product\/807","targetHints":{"allow":["GET"]}}],"collection":[{"href":"https:\/\/raufoss.no\/en\/wp-json\/wp\/v2\/product"}],"about":[{"href":"https:\/\/raufoss.no\/en\/wp-json\/wp\/v2\/types\/product"}],"wp:featuredmedia":[{"embeddable":true,"href":"https:\/\/raufoss.no\/en\/wp-json\/wp\/v2\/media\/802"}],"wp:attachment":[{"href":"https:\/\/raufoss.no\/en\/wp-json\/wp\/v2\/media?parent=807"}],"wp:term":[{"taxonomy":"product_brand","embeddable":true,"href":"https:\/\/raufoss.no\/en\/wp-json\/wp\/v2\/product_brand?post=807"},{"taxonomy":"product_cat","embeddable":true,"href":"https:\/\/raufoss.no\/en\/wp-json\/wp\/v2\/product_cat?post=807"},{"taxonomy":"product_tag","embeddable":true,"href":"https:\/\/raufoss.no\/en\/wp-json\/wp\/v2\/product_tag?post=807"}],"curies":[{"name":"wp","href":"https:\/\/api.w.org\/{rel}","templated":true}]}}