{"id":806,"date":"2022-04-21T11:27:17","date_gmt":"2022-04-21T09:27:17","guid":{"rendered":"https:\/\/raufoss.no\/?post_type=product&#038;p=806"},"modified":"2026-02-19T07:53:34","modified_gmt":"2026-02-19T06:53:34","slug":"raufoss-premium-16-vapenskap","status":"publish","type":"product","link":"https:\/\/raufoss.no\/en\/produkt\/raufoss-premium-16-vapenskap\/","title":{"rendered":"Raufoss Premium 16 V\u00e5penskap"},"content":{"rendered":"<p>Raufoss Premium 16 representerer et generasjonsskifte innen v\u00e5penskap med sitt moderne design og gode kvalitet. Premium 16 er en videreutvikling av Duun v\u00e5penskapene, som har v\u00e6rt norsk bestselger gjennom en \u00e5rrekke.<\/p>\n<p>V\u00e5penskapet er tilpasset norske behov og v\u00e5pentrender, og har en praktisk systeminnredning som kombineres for \u00e5 dekke alle dine sikringsbehov. I tillegg til \u00e5 f\u00e5 plass til inntil 16 v\u00e5pen er det ogs\u00e5 god plass til ammunisjon, v\u00e5pen- og jaktutstyr.<\/p>\n<p>Raufoss Premium leveres med et egenutviklet innstillbart l\u00f8psst\u00f8ttesystem. Disse kan enkelt stilles inn etter v\u00e5pentype, og sikrer at alt fra salongrifle til side-ved side hagle ligger stabilt i st\u00f8tten. De kan ogs\u00e5 justeres for \u00e5 gi ekstra rom til kikkertsikter o.l. Ved bruk av lange l\u00f8pst\u00f8tter vil v\u00e5pnene kunne plasseres i to rader.<\/p>\n<p>Topphyllen kan settes i fire h\u00f8ydeposisjoner, og har en uttagbar gjennomf\u00f8ring for ekstra lange v\u00e5pen. P\u00e5 undersiden av hyllen finner du tre praktiske knagger.<\/p>\n<p>V\u00e5penskapene er ekstra h\u00f8ye og har utvendige hengslet d\u00f8r. Dette gir god tilgang og plassutnyttelse, samt forenkler h\u00e5ndtering og flytting ved at d\u00f8ren kan tas av. D\u00f8ren har 6 stk integrerte hyller og ekstral\u00f8p-holder for systemv\u00e5pen. Den kommer ogs\u00e5 med en praktisk verkt\u00f8yvegg hvor det er mulig \u00e5 skru opp <a href=\"https:\/\/raufoss.no\/nettbutikk\/tilbehor\/dorboks-premium\/\">d\u00f8rbokser<\/a> eller annet utstyr du har behov for i ditt v\u00e5penskap.<\/p>\n<p>Skapet har en egenvekt p\u00e5 over 150 kg som gj\u00f8r at fastbolting ikke er p\u00e5krevd i private hjem for at FG-godkjenningen skal v\u00e6re gyldig.<\/p>\n<p>Raufoss Premium 16 v\u00e5penskap kan tilpasses med ekstra <a href=\"https:\/\/raufoss.no\/nettbutikk\/tilbehor\/dorboks-premium\/\">d\u00f8rbokser<\/a>, <a href=\"https:\/\/raufoss.no\/nettbutikk\/tilbehor\/topphylle-premium-16\/\">topphylle<\/a>, <a href=\"https:\/\/raufoss.no\/nettbutikk\/tilbehor\/sidehyllesett-premium-16\/\">sidehyllesett<\/a> og <a href=\"https:\/\/raufoss.no\/nettbutikk\/tilbehor\/lange-lopsstotter-5-stk-premium-16\/\">lange l\u00f8pst\u00f8tter<\/a>.<\/p>\n<p>Et perfekt valg for deg som opptatt av god kvalitet. \u00d8nsker du \u00e5 f\u00e5 beskjed n\u00e5r v\u00e5penskapet er tilbake p\u00e5 lager, s\u00e5 registrer e-post her p\u00e5 siden eller kontakt oss p\u00e5 <a href=\"mailto:post@raufoss.com\">post@raufoss.com<\/a><\/p>\n<p><b>Medf\u00f8lgende utstyr:<\/b><br \/>\n\u2013 Topphylle<br \/>\n\u2013 Holder for 2 stk ekstral\u00f8p<br \/>\n\u2013 Dobbel pussestokkholder<br \/>\n\u2013 2 stk N\u00f8kler<br \/>\n\u2013 4 stk Ekspansjonsbolter for betong<br \/>\n\u2013 10 stk L\u00f8psst\u00f8tter<\/p>\n<p>&nbsp;<\/p>\n","protected":false},"excerpt":{"rendered":"<p>\u2013 Utviklet av norske entusiaster for norske behov<br \/>\n\u2013 Eksklusivt design med lekre detaljer<br \/>\n\u2013 Enkelt \u00e5 tilpasse til brukerens behov, se medf\u00f8lgende utstyr.<br \/>\n\u2013 Fastbolting ikke n\u00f8dvendig<br \/>\n\u2013 God kvalitet og h\u00f8y sikkerhet (FG-Godkjent)<br \/>\n\u2013 Hjemlevering<\/p>\n<div style=\"padding: 56.25% 0 0 0; position: relative;\"><iframe style=\"position: absolute; top: 0; left: 0; width: 100%; height: 100%;\" title=\"Raufoss.no - Premium (med undertekster)\" src=\"https:\/\/player.vimeo.com\/video\/695864994?h=874e32c6f0&amp;badge=0&amp;autopause=0&amp;player_id=0&amp;app_id=58479\" frameborder=\"0\" allowfullscreen=\"allowfullscreen\"><\/iframe><\/div>\n<p><script src=\"https:\/\/player.vimeo.com\/api\/player.js\"><\/script><\/p>\n","protected":false},"featured_media":803,"template":"","meta":[],"product_brand":[],"product_cat":[19,18],"product_tag":[],"class_list":{"0":"post-806","1":"product","2":"type-product","3":"status-publish","4":"has-post-thumbnail","6":"product_cat-premium","7":"product_cat-vapenskap","8":"sales-flash-overlay","9":"woocommerce-text-align-left","10":"woocommerce-image-align-left","11":"do-quantity-buttons","13":"first","14":"outofstock","15":"taxable","16":"shipping-taxable","17":"purchasable","18":"product-type-simple"},"yoast_head":"<!-- This site is optimized with the Yoast SEO plugin v27.3 - https:\/\/yoast.com\/product\/yoast-seo-wordpress\/ -->\n<title>Raufoss Premium 16 V\u00e5penskap - Raufoss Engineering AS<\/title>\n<meta name=\"description\" content=\"Utviklet i Norge for norske behov. Eksklusivt design med lekre detaljer. \u2013God kvalitet og h\u00f8y sikkerhet (FG-Godkjent). Fastbolting ikke n\u00f8dvendig.\" \/>\n<meta name=\"robots\" content=\"index, follow, max-snippet:-1, max-image-preview:large, max-video-preview:-1\" \/>\n<link rel=\"canonical\" href=\"https:\/\/raufoss.no\/produkt\/raufoss-premium-16-vapenskap\/\" \/>\n<meta property=\"og:locale\" content=\"en_US\" \/>\n<meta property=\"og:type\" content=\"article\" \/>\n<meta property=\"og:title\" content=\"Raufoss Premium 16 V\u00e5penskap - Raufoss Engineering AS\" \/>\n<meta property=\"og:description\" content=\"Utviklet i Norge for norske behov. Eksklusivt design med lekre detaljer. \u2013God kvalitet og h\u00f8y sikkerhet (FG-Godkjent). Fastbolting ikke n\u00f8dvendig.\" \/>\n<meta property=\"og:url\" content=\"https:\/\/raufoss.no\/produkt\/raufoss-premium-16-vapenskap\/\" \/>\n<meta property=\"og:site_name\" content=\"Raufoss Engineering AS\" \/>\n<meta property=\"article:publisher\" content=\"https:\/\/www.facebook.com\/raufossvapenskap\" \/>\n<meta property=\"article:modified_time\" content=\"2026-02-19T06:53:34+00:00\" \/>\n<meta property=\"og:image\" content=\"https:\/\/raufoss.no\/wp-content\/uploads\/premium16.jpg\" \/>\n\t<meta property=\"og:image:width\" content=\"1000\" \/>\n\t<meta property=\"og:image:height\" content=\"1000\" \/>\n\t<meta property=\"og:image:type\" content=\"image\/jpeg\" \/>\n<meta name=\"twitter:card\" content=\"summary_large_image\" \/>\n<meta name=\"twitter:label1\" content=\"Est. reading time\" \/>\n\t<meta name=\"twitter:data1\" content=\"2 minutes\" \/>\n<script type=\"application\/ld+json\" class=\"yoast-schema-graph\">{\"@context\":\"https:\\\/\\\/schema.org\",\"@graph\":[{\"@type\":\"WebPage\",\"@id\":\"https:\\\/\\\/raufoss.no\\\/produkt\\\/raufoss-premium-16-vapenskap\\\/\",\"url\":\"https:\\\/\\\/raufoss.no\\\/produkt\\\/raufoss-premium-16-vapenskap\\\/\",\"name\":\"Raufoss Premium 16 V\u00e5penskap - Raufoss Engineering AS\",\"isPartOf\":{\"@id\":\"https:\\\/\\\/raufoss.no\\\/#website\"},\"primaryImageOfPage\":{\"@id\":\"https:\\\/\\\/raufoss.no\\\/produkt\\\/raufoss-premium-16-vapenskap\\\/#primaryimage\"},\"image\":{\"@id\":\"https:\\\/\\\/raufoss.no\\\/produkt\\\/raufoss-premium-16-vapenskap\\\/#primaryimage\"},\"thumbnailUrl\":\"https:\\\/\\\/raufoss.no\\\/wp-content\\\/uploads\\\/premium16.jpg\",\"datePublished\":\"2022-04-21T09:27:17+00:00\",\"dateModified\":\"2026-02-19T06:53:34+00:00\",\"description\":\"Utviklet i Norge for norske behov. Eksklusivt design med lekre detaljer. \u2013God kvalitet og h\u00f8y sikkerhet (FG-Godkjent). Fastbolting ikke n\u00f8dvendig.\",\"breadcrumb\":{\"@id\":\"https:\\\/\\\/raufoss.no\\\/produkt\\\/raufoss-premium-16-vapenskap\\\/#breadcrumb\"},\"inLanguage\":\"en-US\",\"potentialAction\":[{\"@type\":\"ReadAction\",\"target\":[\"https:\\\/\\\/raufoss.no\\\/produkt\\\/raufoss-premium-16-vapenskap\\\/\"]}]},{\"@type\":\"ImageObject\",\"inLanguage\":\"en-US\",\"@id\":\"https:\\\/\\\/raufoss.no\\\/produkt\\\/raufoss-premium-16-vapenskap\\\/#primaryimage\",\"url\":\"https:\\\/\\\/raufoss.no\\\/wp-content\\\/uploads\\\/premium16.jpg\",\"contentUrl\":\"https:\\\/\\\/raufoss.no\\\/wp-content\\\/uploads\\\/premium16.jpg\",\"width\":1000,\"height\":1000},{\"@type\":\"BreadcrumbList\",\"@id\":\"https:\\\/\\\/raufoss.no\\\/produkt\\\/raufoss-premium-16-vapenskap\\\/#breadcrumb\",\"itemListElement\":[{\"@type\":\"ListItem\",\"position\":1,\"name\":\"Home\",\"item\":\"https:\\\/\\\/raufoss.no\\\/\"},{\"@type\":\"ListItem\",\"position\":2,\"name\":\"Nettbutikk\",\"item\":\"https:\\\/\\\/raufoss.no\\\/nettbutikk\\\/\"},{\"@type\":\"ListItem\",\"position\":3,\"name\":\"Raufoss Premium 16 V\u00e5penskap\"}]},{\"@type\":\"WebSite\",\"@id\":\"https:\\\/\\\/raufoss.no\\\/#website\",\"url\":\"https:\\\/\\\/raufoss.no\\\/\",\"name\":\"Raufoss Engineering AS\",\"description\":\"Raufoss Engineering AS er i dag ledende leverand\u00f8r av v\u00e5penskap og v\u00e5pensikring i Norge.\",\"publisher\":{\"@id\":\"https:\\\/\\\/raufoss.no\\\/#organization\"},\"potentialAction\":[{\"@type\":\"SearchAction\",\"target\":{\"@type\":\"EntryPoint\",\"urlTemplate\":\"https:\\\/\\\/raufoss.no\\\/?s={search_term_string}\"},\"query-input\":{\"@type\":\"PropertyValueSpecification\",\"valueRequired\":true,\"valueName\":\"search_term_string\"}}],\"inLanguage\":\"en-US\"},{\"@type\":\"Organization\",\"@id\":\"https:\\\/\\\/raufoss.no\\\/#organization\",\"name\":\"Raufoss Engineering AS\",\"url\":\"https:\\\/\\\/raufoss.no\\\/\",\"logo\":{\"@type\":\"ImageObject\",\"inLanguage\":\"en-US\",\"@id\":\"https:\\\/\\\/raufoss.no\\\/#\\\/schema\\\/logo\\\/image\\\/\",\"url\":\"https:\\\/\\\/raufoss.no\\\/wp-content\\\/uploads\\\/Raufoss_LOGO_svart.svg\",\"contentUrl\":\"https:\\\/\\\/raufoss.no\\\/wp-content\\\/uploads\\\/Raufoss_LOGO_svart.svg\",\"width\":180,\"height\":42,\"caption\":\"Raufoss Engineering AS\"},\"image\":{\"@id\":\"https:\\\/\\\/raufoss.no\\\/#\\\/schema\\\/logo\\\/image\\\/\"},\"sameAs\":[\"https:\\\/\\\/www.facebook.com\\\/raufossvapenskap\"]}]}<\/script>\n<!-- \/ Yoast SEO plugin. -->","yoast_head_json":{"title":"Raufoss Premium 16 V\u00e5penskap - Raufoss Engineering AS","description":"Utviklet i Norge for norske behov. Eksklusivt design med lekre detaljer. \u2013God kvalitet og h\u00f8y sikkerhet (FG-Godkjent). Fastbolting ikke n\u00f8dvendig.","robots":{"index":"index","follow":"follow","max-snippet":"max-snippet:-1","max-image-preview":"max-image-preview:large","max-video-preview":"max-video-preview:-1"},"canonical":"https:\/\/raufoss.no\/produkt\/raufoss-premium-16-vapenskap\/","og_locale":"en_US","og_type":"article","og_title":"Raufoss Premium 16 V\u00e5penskap - Raufoss Engineering AS","og_description":"Utviklet i Norge for norske behov. Eksklusivt design med lekre detaljer. \u2013God kvalitet og h\u00f8y sikkerhet (FG-Godkjent). Fastbolting ikke n\u00f8dvendig.","og_url":"https:\/\/raufoss.no\/produkt\/raufoss-premium-16-vapenskap\/","og_site_name":"Raufoss Engineering AS","article_publisher":"https:\/\/www.facebook.com\/raufossvapenskap","article_modified_time":"2026-02-19T06:53:34+00:00","og_image":[{"width":1000,"height":1000,"url":"https:\/\/raufoss.no\/wp-content\/uploads\/premium16.jpg","type":"image\/jpeg"}],"twitter_card":"summary_large_image","twitter_misc":{"Est. reading time":"2 minutes"},"schema":{"@context":"https:\/\/schema.org","@graph":[{"@type":"WebPage","@id":"https:\/\/raufoss.no\/produkt\/raufoss-premium-16-vapenskap\/","url":"https:\/\/raufoss.no\/produkt\/raufoss-premium-16-vapenskap\/","name":"Raufoss Premium 16 V\u00e5penskap - Raufoss Engineering AS","isPartOf":{"@id":"https:\/\/raufoss.no\/#website"},"primaryImageOfPage":{"@id":"https:\/\/raufoss.no\/produkt\/raufoss-premium-16-vapenskap\/#primaryimage"},"image":{"@id":"https:\/\/raufoss.no\/produkt\/raufoss-premium-16-vapenskap\/#primaryimage"},"thumbnailUrl":"https:\/\/raufoss.no\/wp-content\/uploads\/premium16.jpg","datePublished":"2022-04-21T09:27:17+00:00","dateModified":"2026-02-19T06:53:34+00:00","description":"Utviklet i Norge for norske behov. Eksklusivt design med lekre detaljer. \u2013God kvalitet og h\u00f8y sikkerhet (FG-Godkjent). Fastbolting ikke n\u00f8dvendig.","breadcrumb":{"@id":"https:\/\/raufoss.no\/produkt\/raufoss-premium-16-vapenskap\/#breadcrumb"},"inLanguage":"en-US","potentialAction":[{"@type":"ReadAction","target":["https:\/\/raufoss.no\/produkt\/raufoss-premium-16-vapenskap\/"]}]},{"@type":"ImageObject","inLanguage":"en-US","@id":"https:\/\/raufoss.no\/produkt\/raufoss-premium-16-vapenskap\/#primaryimage","url":"https:\/\/raufoss.no\/wp-content\/uploads\/premium16.jpg","contentUrl":"https:\/\/raufoss.no\/wp-content\/uploads\/premium16.jpg","width":1000,"height":1000},{"@type":"BreadcrumbList","@id":"https:\/\/raufoss.no\/produkt\/raufoss-premium-16-vapenskap\/#breadcrumb","itemListElement":[{"@type":"ListItem","position":1,"name":"Home","item":"https:\/\/raufoss.no\/"},{"@type":"ListItem","position":2,"name":"Nettbutikk","item":"https:\/\/raufoss.no\/nettbutikk\/"},{"@type":"ListItem","position":3,"name":"Raufoss Premium 16 V\u00e5penskap"}]},{"@type":"WebSite","@id":"https:\/\/raufoss.no\/#website","url":"https:\/\/raufoss.no\/","name":"Raufoss Engineering AS","description":"Raufoss Engineering AS er i dag ledende leverand\u00f8r av v\u00e5penskap og v\u00e5pensikring i Norge.","publisher":{"@id":"https:\/\/raufoss.no\/#organization"},"potentialAction":[{"@type":"SearchAction","target":{"@type":"EntryPoint","urlTemplate":"https:\/\/raufoss.no\/?s={search_term_string}"},"query-input":{"@type":"PropertyValueSpecification","valueRequired":true,"valueName":"search_term_string"}}],"inLanguage":"en-US"},{"@type":"Organization","@id":"https:\/\/raufoss.no\/#organization","name":"Raufoss Engineering AS","url":"https:\/\/raufoss.no\/","logo":{"@type":"ImageObject","inLanguage":"en-US","@id":"https:\/\/raufoss.no\/#\/schema\/logo\/image\/","url":"https:\/\/raufoss.no\/wp-content\/uploads\/Raufoss_LOGO_svart.svg","contentUrl":"https:\/\/raufoss.no\/wp-content\/uploads\/Raufoss_LOGO_svart.svg","width":180,"height":42,"caption":"Raufoss Engineering AS"},"image":{"@id":"https:\/\/raufoss.no\/#\/schema\/logo\/image\/"},"sameAs":["https:\/\/www.facebook.com\/raufossvapenskap"]}]}},"_links":{"self":[{"href":"https:\/\/raufoss.no\/en\/wp-json\/wp\/v2\/product\/806","targetHints":{"allow":["GET"]}}],"collection":[{"href":"https:\/\/raufoss.no\/en\/wp-json\/wp\/v2\/product"}],"about":[{"href":"https:\/\/raufoss.no\/en\/wp-json\/wp\/v2\/types\/product"}],"wp:featuredmedia":[{"embeddable":true,"href":"https:\/\/raufoss.no\/en\/wp-json\/wp\/v2\/media\/803"}],"wp:attachment":[{"href":"https:\/\/raufoss.no\/en\/wp-json\/wp\/v2\/media?parent=806"}],"wp:term":[{"taxonomy":"product_brand","embeddable":true,"href":"https:\/\/raufoss.no\/en\/wp-json\/wp\/v2\/product_brand?post=806"},{"taxonomy":"product_cat","embeddable":true,"href":"https:\/\/raufoss.no\/en\/wp-json\/wp\/v2\/product_cat?post=806"},{"taxonomy":"product_tag","embeddable":true,"href":"https:\/\/raufoss.no\/en\/wp-json\/wp\/v2\/product_tag?post=806"}],"curies":[{"name":"wp","href":"https:\/\/api.w.org\/{rel}","templated":true}]}}