{"id":19200,"date":"2026-01-20T11:39:41","date_gmt":"2026-01-20T10:39:41","guid":{"rendered":"https:\/\/raufoss.no\/?post_type=product&#038;p=19200"},"modified":"2026-03-12T09:37:53","modified_gmt":"2026-03-12T08:37:53","slug":"raufoss-premium-10-vapenskap","status":"publish","type":"product","link":"https:\/\/raufoss.no\/en\/produkt\/raufoss-premium-10-vapenskap\/","title":{"rendered":"Raufoss Premium 10 V\u00e5penskap"},"content":{"rendered":"<p>Raufoss Premium 10 V\u00e5penskap har h\u00f8y kvalitet.<\/p>\n<p>Gulvet best\u00e5r av en matte som s\u00f8rger for at v\u00e5pnene st\u00e5r trygt og st\u00f8dig.<\/p>\n<p><b data-olk-copy-source=\"MessageBody\">Medf\u00f8lgende utstyr:<\/b><br \/>\n\u2013 Topphylle<br \/>\n\u2013 Dobbel pussestokkholder<br \/>\n\u2013 2 stk N\u00f8kler<br \/>\n\u2013 4 stk Ekspansjonsbolter for betong<br \/>\n\u2013 10 stk L\u00f8psst\u00f8tter<\/p>\n<p><strong>Ekstrautstyr<br \/>\n<\/strong>\u2013 D\u00f8rbokser<br \/>\n\u2013 Sidehylle konstruert for Premium 10<\/p>\n","protected":false},"excerpt":{"rendered":"<p>\u2013 Plass til inntil 10 v\u00e5pen<br \/>\n\u2013 Enkel \u00e5 tilpasse til brukerens behvo<br \/>\n\u2013 H\u00f8y sikkerhet og god kvalitet<br \/>\n\u2013 Utviklet av norske entusiaster for norske behov<br \/>\n\u2013 Hjemlevering<\/p>\n<div style=\"padding: 56.25% 0 0 0; position: relative;\"><iframe style=\"position: absolute; top: 0; left: 0; width: 100%; height: 100%;\" title=\"Raufoss.no - Premium (med undertekster)\" src=\"https:\/\/player.vimeo.com\/video\/695864994?h=874e32c6f0&amp;badge=0&amp;autopause=0&amp;player_id=0&amp;app_id=58479\" frameborder=\"0\" allowfullscreen=\"allowfullscreen\"><\/iframe><\/div>\n<p><script src=\"https:\/\/player.vimeo.com\/api\/player.js\"><\/script><\/p>\n","protected":false},"featured_media":19355,"template":"","meta":[],"product_brand":[],"product_cat":[19,29,18],"product_tag":[],"class_list":{"0":"post-19200","1":"product","2":"type-product","3":"status-publish","4":"has-post-thumbnail","6":"product_cat-premium","7":"product_cat-raufoss","8":"product_cat-vapenskap","9":"sales-flash-overlay","10":"woocommerce-text-align-left","11":"woocommerce-image-align-left","12":"do-quantity-buttons","14":"first","15":"instock","16":"taxable","17":"shipping-taxable","18":"purchasable","19":"product-type-simple"},"yoast_head":"<!-- This site is optimized with the Yoast SEO plugin v27.3 - https:\/\/yoast.com\/product\/yoast-seo-wordpress\/ -->\n<title>Raufoss Premium 10 V\u00e5penskap - Raufoss Engineering AS<\/title>\n<meta name=\"robots\" content=\"index, follow, max-snippet:-1, max-image-preview:large, max-video-preview:-1\" \/>\n<link rel=\"canonical\" href=\"https:\/\/raufoss.no\/produkt\/raufoss-premium-10-vapenskap\/\" \/>\n<meta property=\"og:locale\" content=\"en_US\" \/>\n<meta property=\"og:type\" content=\"article\" \/>\n<meta property=\"og:title\" content=\"Raufoss Premium 10 V\u00e5penskap - Raufoss Engineering AS\" \/>\n<meta property=\"og:description\" content=\"\u2013 Plass til inntil 10 v\u00e5pen \u2013 Enkel \u00e5 tilpasse til brukerens behvo \u2013 H\u00f8y sikkerhet og god kvalitet \u2013 Utviklet av norske entusiaster for norske behov \u2013 Hjemlevering\" \/>\n<meta property=\"og:url\" content=\"https:\/\/raufoss.no\/produkt\/raufoss-premium-10-vapenskap\/\" \/>\n<meta property=\"og:site_name\" content=\"Raufoss Engineering AS\" \/>\n<meta property=\"article:publisher\" content=\"https:\/\/www.facebook.com\/raufossvapenskap\" \/>\n<meta property=\"article:modified_time\" content=\"2026-03-12T08:37:53+00:00\" \/>\n<meta property=\"og:image\" content=\"https:\/\/raufoss.no\/wp-content\/uploads\/Raufoss-Engineering-KS-Premium10-1-firkant.jpg\" \/>\n\t<meta property=\"og:image:width\" content=\"2000\" \/>\n\t<meta property=\"og:image:height\" content=\"1999\" \/>\n\t<meta property=\"og:image:type\" content=\"image\/jpeg\" \/>\n<meta name=\"twitter:card\" content=\"summary_large_image\" \/>\n<meta name=\"twitter:label1\" content=\"Est. reading time\" \/>\n\t<meta name=\"twitter:data1\" content=\"1 minute\" \/>\n<script type=\"application\/ld+json\" class=\"yoast-schema-graph\">{\"@context\":\"https:\\\/\\\/schema.org\",\"@graph\":[{\"@type\":\"WebPage\",\"@id\":\"https:\\\/\\\/raufoss.no\\\/produkt\\\/raufoss-premium-10-vapenskap\\\/\",\"url\":\"https:\\\/\\\/raufoss.no\\\/produkt\\\/raufoss-premium-10-vapenskap\\\/\",\"name\":\"Raufoss Premium 10 V\u00e5penskap - Raufoss Engineering AS\",\"isPartOf\":{\"@id\":\"https:\\\/\\\/raufoss.no\\\/#website\"},\"primaryImageOfPage\":{\"@id\":\"https:\\\/\\\/raufoss.no\\\/produkt\\\/raufoss-premium-10-vapenskap\\\/#primaryimage\"},\"image\":{\"@id\":\"https:\\\/\\\/raufoss.no\\\/produkt\\\/raufoss-premium-10-vapenskap\\\/#primaryimage\"},\"thumbnailUrl\":\"https:\\\/\\\/raufoss.no\\\/wp-content\\\/uploads\\\/Raufoss-Engineering-KS-Premium10-1-firkant.jpg\",\"datePublished\":\"2026-01-20T10:39:41+00:00\",\"dateModified\":\"2026-03-12T08:37:53+00:00\",\"breadcrumb\":{\"@id\":\"https:\\\/\\\/raufoss.no\\\/produkt\\\/raufoss-premium-10-vapenskap\\\/#breadcrumb\"},\"inLanguage\":\"en-US\",\"potentialAction\":[{\"@type\":\"ReadAction\",\"target\":[\"https:\\\/\\\/raufoss.no\\\/produkt\\\/raufoss-premium-10-vapenskap\\\/\"]}]},{\"@type\":\"ImageObject\",\"inLanguage\":\"en-US\",\"@id\":\"https:\\\/\\\/raufoss.no\\\/produkt\\\/raufoss-premium-10-vapenskap\\\/#primaryimage\",\"url\":\"https:\\\/\\\/raufoss.no\\\/wp-content\\\/uploads\\\/Raufoss-Engineering-KS-Premium10-1-firkant.jpg\",\"contentUrl\":\"https:\\\/\\\/raufoss.no\\\/wp-content\\\/uploads\\\/Raufoss-Engineering-KS-Premium10-1-firkant.jpg\",\"width\":2000,\"height\":1999},{\"@type\":\"BreadcrumbList\",\"@id\":\"https:\\\/\\\/raufoss.no\\\/produkt\\\/raufoss-premium-10-vapenskap\\\/#breadcrumb\",\"itemListElement\":[{\"@type\":\"ListItem\",\"position\":1,\"name\":\"Home\",\"item\":\"https:\\\/\\\/raufoss.no\\\/\"},{\"@type\":\"ListItem\",\"position\":2,\"name\":\"Nettbutikk\",\"item\":\"https:\\\/\\\/raufoss.no\\\/nettbutikk\\\/\"},{\"@type\":\"ListItem\",\"position\":3,\"name\":\"Raufoss Premium 10 V\u00e5penskap\"}]},{\"@type\":\"WebSite\",\"@id\":\"https:\\\/\\\/raufoss.no\\\/#website\",\"url\":\"https:\\\/\\\/raufoss.no\\\/\",\"name\":\"Raufoss Engineering AS\",\"description\":\"Raufoss Engineering AS er i dag ledende leverand\u00f8r av v\u00e5penskap og v\u00e5pensikring i Norge.\",\"publisher\":{\"@id\":\"https:\\\/\\\/raufoss.no\\\/#organization\"},\"potentialAction\":[{\"@type\":\"SearchAction\",\"target\":{\"@type\":\"EntryPoint\",\"urlTemplate\":\"https:\\\/\\\/raufoss.no\\\/?s={search_term_string}\"},\"query-input\":{\"@type\":\"PropertyValueSpecification\",\"valueRequired\":true,\"valueName\":\"search_term_string\"}}],\"inLanguage\":\"en-US\"},{\"@type\":\"Organization\",\"@id\":\"https:\\\/\\\/raufoss.no\\\/#organization\",\"name\":\"Raufoss Engineering AS\",\"url\":\"https:\\\/\\\/raufoss.no\\\/\",\"logo\":{\"@type\":\"ImageObject\",\"inLanguage\":\"en-US\",\"@id\":\"https:\\\/\\\/raufoss.no\\\/#\\\/schema\\\/logo\\\/image\\\/\",\"url\":\"https:\\\/\\\/raufoss.no\\\/wp-content\\\/uploads\\\/Raufoss_LOGO_svart.svg\",\"contentUrl\":\"https:\\\/\\\/raufoss.no\\\/wp-content\\\/uploads\\\/Raufoss_LOGO_svart.svg\",\"width\":180,\"height\":42,\"caption\":\"Raufoss Engineering AS\"},\"image\":{\"@id\":\"https:\\\/\\\/raufoss.no\\\/#\\\/schema\\\/logo\\\/image\\\/\"},\"sameAs\":[\"https:\\\/\\\/www.facebook.com\\\/raufossvapenskap\"]}]}<\/script>\n<!-- \/ Yoast SEO plugin. -->","yoast_head_json":{"title":"Raufoss Premium 10 V\u00e5penskap - Raufoss Engineering AS","robots":{"index":"index","follow":"follow","max-snippet":"max-snippet:-1","max-image-preview":"max-image-preview:large","max-video-preview":"max-video-preview:-1"},"canonical":"https:\/\/raufoss.no\/produkt\/raufoss-premium-10-vapenskap\/","og_locale":"en_US","og_type":"article","og_title":"Raufoss Premium 10 V\u00e5penskap - Raufoss Engineering AS","og_description":"\u2013 Plass til inntil 10 v\u00e5pen \u2013 Enkel \u00e5 tilpasse til brukerens behvo \u2013 H\u00f8y sikkerhet og god kvalitet \u2013 Utviklet av norske entusiaster for norske behov \u2013 Hjemlevering","og_url":"https:\/\/raufoss.no\/produkt\/raufoss-premium-10-vapenskap\/","og_site_name":"Raufoss Engineering AS","article_publisher":"https:\/\/www.facebook.com\/raufossvapenskap","article_modified_time":"2026-03-12T08:37:53+00:00","og_image":[{"width":2000,"height":1999,"url":"https:\/\/raufoss.no\/wp-content\/uploads\/Raufoss-Engineering-KS-Premium10-1-firkant.jpg","type":"image\/jpeg"}],"twitter_card":"summary_large_image","twitter_misc":{"Est. reading time":"1 minute"},"schema":{"@context":"https:\/\/schema.org","@graph":[{"@type":"WebPage","@id":"https:\/\/raufoss.no\/produkt\/raufoss-premium-10-vapenskap\/","url":"https:\/\/raufoss.no\/produkt\/raufoss-premium-10-vapenskap\/","name":"Raufoss Premium 10 V\u00e5penskap - Raufoss Engineering AS","isPartOf":{"@id":"https:\/\/raufoss.no\/#website"},"primaryImageOfPage":{"@id":"https:\/\/raufoss.no\/produkt\/raufoss-premium-10-vapenskap\/#primaryimage"},"image":{"@id":"https:\/\/raufoss.no\/produkt\/raufoss-premium-10-vapenskap\/#primaryimage"},"thumbnailUrl":"https:\/\/raufoss.no\/wp-content\/uploads\/Raufoss-Engineering-KS-Premium10-1-firkant.jpg","datePublished":"2026-01-20T10:39:41+00:00","dateModified":"2026-03-12T08:37:53+00:00","breadcrumb":{"@id":"https:\/\/raufoss.no\/produkt\/raufoss-premium-10-vapenskap\/#breadcrumb"},"inLanguage":"en-US","potentialAction":[{"@type":"ReadAction","target":["https:\/\/raufoss.no\/produkt\/raufoss-premium-10-vapenskap\/"]}]},{"@type":"ImageObject","inLanguage":"en-US","@id":"https:\/\/raufoss.no\/produkt\/raufoss-premium-10-vapenskap\/#primaryimage","url":"https:\/\/raufoss.no\/wp-content\/uploads\/Raufoss-Engineering-KS-Premium10-1-firkant.jpg","contentUrl":"https:\/\/raufoss.no\/wp-content\/uploads\/Raufoss-Engineering-KS-Premium10-1-firkant.jpg","width":2000,"height":1999},{"@type":"BreadcrumbList","@id":"https:\/\/raufoss.no\/produkt\/raufoss-premium-10-vapenskap\/#breadcrumb","itemListElement":[{"@type":"ListItem","position":1,"name":"Home","item":"https:\/\/raufoss.no\/"},{"@type":"ListItem","position":2,"name":"Nettbutikk","item":"https:\/\/raufoss.no\/nettbutikk\/"},{"@type":"ListItem","position":3,"name":"Raufoss Premium 10 V\u00e5penskap"}]},{"@type":"WebSite","@id":"https:\/\/raufoss.no\/#website","url":"https:\/\/raufoss.no\/","name":"Raufoss Engineering AS","description":"Raufoss Engineering AS er i dag ledende leverand\u00f8r av v\u00e5penskap og v\u00e5pensikring i Norge.","publisher":{"@id":"https:\/\/raufoss.no\/#organization"},"potentialAction":[{"@type":"SearchAction","target":{"@type":"EntryPoint","urlTemplate":"https:\/\/raufoss.no\/?s={search_term_string}"},"query-input":{"@type":"PropertyValueSpecification","valueRequired":true,"valueName":"search_term_string"}}],"inLanguage":"en-US"},{"@type":"Organization","@id":"https:\/\/raufoss.no\/#organization","name":"Raufoss Engineering AS","url":"https:\/\/raufoss.no\/","logo":{"@type":"ImageObject","inLanguage":"en-US","@id":"https:\/\/raufoss.no\/#\/schema\/logo\/image\/","url":"https:\/\/raufoss.no\/wp-content\/uploads\/Raufoss_LOGO_svart.svg","contentUrl":"https:\/\/raufoss.no\/wp-content\/uploads\/Raufoss_LOGO_svart.svg","width":180,"height":42,"caption":"Raufoss Engineering AS"},"image":{"@id":"https:\/\/raufoss.no\/#\/schema\/logo\/image\/"},"sameAs":["https:\/\/www.facebook.com\/raufossvapenskap"]}]}},"_links":{"self":[{"href":"https:\/\/raufoss.no\/en\/wp-json\/wp\/v2\/product\/19200","targetHints":{"allow":["GET"]}}],"collection":[{"href":"https:\/\/raufoss.no\/en\/wp-json\/wp\/v2\/product"}],"about":[{"href":"https:\/\/raufoss.no\/en\/wp-json\/wp\/v2\/types\/product"}],"wp:featuredmedia":[{"embeddable":true,"href":"https:\/\/raufoss.no\/en\/wp-json\/wp\/v2\/media\/19355"}],"wp:attachment":[{"href":"https:\/\/raufoss.no\/en\/wp-json\/wp\/v2\/media?parent=19200"}],"wp:term":[{"taxonomy":"product_brand","embeddable":true,"href":"https:\/\/raufoss.no\/en\/wp-json\/wp\/v2\/product_brand?post=19200"},{"taxonomy":"product_cat","embeddable":true,"href":"https:\/\/raufoss.no\/en\/wp-json\/wp\/v2\/product_cat?post=19200"},{"taxonomy":"product_tag","embeddable":true,"href":"https:\/\/raufoss.no\/en\/wp-json\/wp\/v2\/product_tag?post=19200"}],"curies":[{"name":"wp","href":"https:\/\/api.w.org\/{rel}","templated":true}]}}