{"id":16803,"date":"2022-05-05T15:24:30","date_gmt":"2022-05-05T13:24:30","guid":{"rendered":"https:\/\/raufoss.no\/kontakt\/"},"modified":"2025-10-15T09:13:29","modified_gmt":"2025-10-15T07:13:29","slug":"contact","status":"publish","type":"page","link":"https:\/\/raufoss.no\/en\/contact\/","title":{"rendered":"Contact"},"content":{"rendered":"<div class=\"gb-container gb-container-26e209ae\"><div class=\"gb-inside-container\">\n<div class=\"gb-grid-wrapper gb-grid-wrapper-21639b7b\">\n<div class=\"gb-grid-column gb-grid-column-89780247\"><div class=\"gb-container gb-container-89780247\"><div class=\"gb-inside-container\">\n\n<h1 class=\"gb-headline gb-headline-bc7c17fa gb-headline-text\">Contact <br><span class=\"tynnheading\">us<\/span><\/h1>\n\n\n\n<div style=\"height:10px\" aria-hidden=\"true\" class=\"wp-block-spacer\"><\/div>\n\n\n\n<p class=\"gb-headline gb-headline-79c9ca43\"><span class=\"gb-icon\"><svg aria-hidden=\"true\" role=\"img\" height=\"1em\" width=\"1em\" viewBox=\"0 0 512 512\" xmlns=\"http:\/\/www.w3.org\/2000\/svg\"><path fill=\"currentColor\" d=\"M493.4 24.6l-104-24c-11.3-2.6-22.9 3.3-27.5 13.9l-48 112c-4.2 9.8-1.4 21.3 6.9 28l60.6 49.6c-36 76.7-98.9 140.5-177.2 177.2l-49.6-60.6c-6.8-8.3-18.2-11.1-28-6.9l-112 48C3.9 366.5-2 378.1.6 389.4l24 104C27.1 504.2 36.7 512 48 512c256.1 0 464-207.5 464-464 0-11.2-7.7-20.9-18.6-23.4z\"><\/path><\/svg><\/span><span class=\"gb-headline-text\"><a href=\"tel:46899000\" target=\"_blank\" rel=\"noreferrer noopener\">+47 46899000<\/a><\/span><\/p>\n\n\n\n<p class=\"gb-headline gb-headline-bbf29771\"><span class=\"gb-icon\"><svg aria-hidden=\"true\" role=\"img\" height=\"1em\" width=\"1em\" viewBox=\"0 0 512 512\" xmlns=\"http:\/\/www.w3.org\/2000\/svg\"><path fill=\"currentColor\" d=\"M256 8C118.941 8 8 118.919 8 256c0 137.059 110.919 248 248 248 48.154 0 95.342-14.14 135.408-40.223 12.005-7.815 14.625-24.288 5.552-35.372l-10.177-12.433c-7.671-9.371-21.179-11.667-31.373-5.129C325.92 429.757 291.314 440 256 440c-101.458 0-184-82.542-184-184S154.542 72 256 72c100.139 0 184 57.619 184 160 0 38.786-21.093 79.742-58.17 83.693-17.349-.454-16.91-12.857-13.476-30.024l23.433-121.11C394.653 149.75 383.308 136 368.225 136h-44.981a13.518 13.518 0 0 0-13.432 11.993l-.01.092c-14.697-17.901-40.448-21.775-59.971-21.775-74.58 0-137.831 62.234-137.831 151.46 0 65.303 36.785 105.87 96 105.87 26.984 0 57.369-15.637 74.991-38.333 9.522 34.104 40.613 34.103 70.71 34.103C462.609 379.41 504 307.798 504 232 504 95.653 394.023 8 256 8zm-21.68 304.43c-22.249 0-36.07-15.623-36.07-40.771 0-44.993 30.779-72.729 58.63-72.729 22.292 0 35.601 15.241 35.601 40.77 0 45.061-33.875 72.73-58.161 72.73z\"><\/path><\/svg><\/span><span class=\"gb-headline-text\"><a href=\"mailto:post@raufoss.com\" target=\"_blank\" rel=\"noreferrer noopener\">post@raufoss.com<\/a><\/span><\/p>\n\n\n\n<p class=\"gb-headline gb-headline-a10491ee\"><span class=\"gb-icon\"><svg aria-hidden=\"true\" role=\"img\" height=\"1em\" width=\"1em\" viewBox=\"0 0 384 512\" xmlns=\"http:\/\/www.w3.org\/2000\/svg\"><path fill=\"currentColor\" d=\"M172.268 501.67C26.97 291.031 0 269.413 0 192 0 85.961 85.961 0 192 0s192 85.961 192 192c0 77.413-26.97 99.031-172.268 309.67-9.535 13.774-29.93 13.773-39.464 0zM192 272c44.183 0 80-35.817 80-80s-35.817-80-80-80-80 35.817-80 80 35.817 80 80 80z\"><\/path><\/svg><\/span><span class=\"gb-headline-text\"><a href=\"https:\/\/www.google.com\/maps\/place\/Raufoss+Engineering+AS\/@60.7845966,10.6657562,15z\/data=!4m5!3m4!1s0x0:0xd89af706675173ec!8m2!3d60.7845966!4d10.6657562\" target=\"_blank\" rel=\"noreferrer noopener\">Rambekkvegen 2, 2816 Gj\u00f8vik<\/a><\/span><\/p>\n\n<\/div><\/div><\/div>\n\n<div class=\"gb-grid-column gb-grid-column-1327c02b\"><div class=\"gb-container gb-container-1327c02b\"><div class=\"gb-inside-container\">\n\n<div id=\"wpgmza_map\" class=\"wpgmza_map\" data-settings='{\"id\":\"1\",\"map_title\":\"Raufoss kart\",\"map_width\":\"100\",\"map_height\":\"400\",\"map_start_lat\":\"60.7846205\",\"map_start_lng\":\"10.665673900000007\",\"map_start_location\":\"45.950464398418106,-109.81550500000003\",\"map_start_zoom\":\"15\",\"default_marker\":\"\",\"type\":\"1\",\"alignment\":\"4\",\"directions_enabled\":\"0\",\"styling_enabled\":\"0\",\"styling_json\":\"\",\"active\":\"0\",\"kml\":\"\",\"bicycle\":\"0\",\"traffic\":\"0\",\"dbox\":\"0\",\"dbox_width\":\"\",\"listmarkers\":\"0\",\"listmarkers_advanced\":\"0\",\"filterbycat\":\"0\",\"ugm_enabled\":\"0\",\"ugm_category_enabled\":\"0\",\"fusion\":\"\",\"map_width_type\":\"%\",\"map_height_type\":\"px\",\"mass_marker_support\":\"0\",\"ugm_access\":\"0\",\"order_markers_by\":\"0\",\"order_markers_choice\":\"0\",\"show_user_location\":\"0\",\"default_to\":\"\",\"other_settings\":{\"map_type\":1,\"sl_stroke_color\":\"\",\"sl_fill_color\":\"\",\"sl_stroke_opacity\":\"\",\"sl_fill_opacity\":\"\",\"transport_layer\":false,\"action\":\"wpgmza_save_map\",\"redirect_to\":\"\\\/wp-admin\\\/admin-post.php\",\"map_id\":\"1\",\"http_referer\":\"\\\/wp-admin\\\/admin.php?page=wp-google-maps-menu&amp;amp;override=1&amp;amp;action=edit&amp;amp;map_id=1\",\"wpgmza_id\":\"1\",\"wpgmza_start_location\":\"60.7846205,10.665673900000007\",\"wpgmza_start_zoom\":\"15\",\"wpgmza_theme_data\":\"[{\\\"featureType\\\":\\\"landscape\\\",\\\"stylers\\\":[{\\\"saturation\\\":-100},{\\\"lightness\\\":65},{\\\"visibility\\\":\\\"on\\\"}]},{\\\"featureType\\\":\\\"poi\\\",\\\"stylers\\\":[{\\\"saturation\\\":-100},{\\\"lightness\\\":51},{\\\"visibility\\\":\\\"simplified\\\"}]},{\\\"featureType\\\":\\\"road.highway\\\",\\\"stylers\\\":[{\\\"saturation\\\":-100},{\\\"visibility\\\":\\\"simplified\\\"}]},{\\\"featureType\\\":\\\"road.arterial\\\",\\\"stylers\\\":[{\\\"saturation\\\":-100},{\\\"lightness\\\":30},{\\\"visibility\\\":\\\"on\\\"}]},{\\\"featureType\\\":\\\"road.local\\\",\\\"stylers\\\":[{\\\"saturation\\\":-100},{\\\"lightness\\\":40},{\\\"visibility\\\":\\\"on\\\"}]},{\\\"featureType\\\":\\\"transit\\\",\\\"stylers\\\":[{\\\"saturation\\\":-100},{\\\"visibility\\\":\\\"simplified\\\"}]},{\\\"featureType\\\":\\\"administrative.province\\\",\\\"stylers\\\":[{\\\"visibility\\\":\\\"off\\\"}]},{\\\"featureType\\\":\\\"water\\\",\\\"elementType\\\":\\\"labels\\\",\\\"stylers\\\":[{\\\"visibility\\\":\\\"on\\\"},{\\\"lightness\\\":-25},{\\\"saturation\\\":-100}]},{\\\"featureType\\\":\\\"water\\\",\\\"elementType\\\":\\\"geometry\\\",\\\"stylers\\\":[{\\\"hue\\\":\\\"#ffff00\\\"},{\\\"lightness\\\":-25},{\\\"saturation\\\":-97}]}]\",\"store_locator_enabled\":false,\"store_locator_search_area\":\"radial\",\"wpgmza_store_locator_radius_style\":\"legacy\",\"wpgmza_store_locator_default_radius\":\"10\",\"store_locator_auto_area_max_zoom\":\"\",\"store_locator_distance\":false,\"wpgmza_store_locator_position\":false,\"store_locator_show_distance\":false,\"store_locator_category\":false,\"wpgmza_store_locator_use_their_location\":false,\"wpgmza_store_locator_bounce\":false,\"wpgmza_sl_animation\":null,\"wpgmza_store_locator_hide_before_search\":false,\"store_locator_query_string\":\"\",\"store_locator_default_address\":\"\",\"store_locator_name_search\":false,\"store_locator_name_string\":\"\",\"store_locator_not_found_message\":\"\",\"wpgmza_map_align\":\"1\",\"jump_to_nearest_marker_on_initialization\":false,\"automatically_pan_to_users_location\":false,\"override_users_location_zoom_level\":false,\"override_users_location_zoom_levels\":\"\",\"show_distance_from_location\":false,\"map_max_zoom\":\"21\",\"map_min_zoom\":\"0\",\"click_open_link\":false,\"fit_maps_bounds_to_markers\":false,\"fit_maps_bounds_to_markers_after_filtering\":false,\"hide_point_of_interest\":false,\"wpgmza_zoom_on_marker_click\":false,\"wpgmza_zoom_on_marker_click_slider\":\"\",\"close_infowindow_on_map_click\":false,\"disable_lightbox_images\":false,\"use_Raw_Jpeg_Coordinates\":false,\"polygon_labels\":false,\"disable_polygon_info_windows\":false,\"enable_marker_ratings\":false,\"only_load_markers_within_viewport\":false,\"iw_primary_color\":\"#000000\",\"iw_accent_color\":\"#000000\",\"iw_text_color\":\"#000000\",\"wpgmza_listmarkers_by\":\"0\",\"wpgmza_marker_listing_position\":false,\"wpgmza_push_in_map\":false,\"wpgmza_push_in_map_placement\":null,\"wpgmza_push_in_map_width\":\"\",\"wpgmza_push_in_map_height\":\"\",\"zoom_level_on_marker_listing_override\":false,\"zoom_level_on_marker_listing_click\":\"\",\"datatable_no_result_message\":\"\",\"remove_search_box_datables\":false,\"dataTable_pagination_style\":null,\"datatable_search_string\":\"\",\"datatable_result_start\":\"\",\"datatable_result_of\":\"\",\"datatable_result_to\":\"\",\"datatable_result_total\":\"\",\"datatable_result_show\":\"\",\"datatable_result_entries\":\"\",\"wpgmza_savemap\":\"Lagre \\u00bb\",\"wpgmza_theme\":\"3\"}}' data-map-id='1' Data-maps-engine='google-maps' data-shortcode-attributes='{\"id\":\"1\"}' style=\"display:block; overflow:auto; width:100%; height:400px; float:left;\"><\/div>\n\n<\/div><\/div><\/div>\n<\/div>\n<\/div><\/div>\n\n\n<p><\/p>\n","protected":false},"excerpt":{"rendered":"","protected":false},"author":1,"featured_media":0,"parent":0,"menu_order":0,"comment_status":"closed","ping_status":"closed","template":"","meta":{"footnotes":""},"class_list":["post-16803","page","type-page","status-publish"],"yoast_head":"<!-- This site is optimized with the Yoast SEO plugin v27.3 - https:\/\/yoast.com\/product\/yoast-seo-wordpress\/ -->\n<title>Contact - Raufoss Engineering AS<\/title>\n<meta name=\"robots\" content=\"index, follow, max-snippet:-1, max-image-preview:large, max-video-preview:-1\" \/>\n<link rel=\"canonical\" href=\"https:\/\/raufoss.no\/en\/contact\/\" \/>\n<meta property=\"og:locale\" content=\"en_US\" \/>\n<meta property=\"og:type\" content=\"article\" \/>\n<meta property=\"og:title\" content=\"Contact - Raufoss Engineering AS\" \/>\n<meta property=\"og:url\" content=\"https:\/\/raufoss.no\/en\/contact\/\" \/>\n<meta property=\"og:site_name\" content=\"Raufoss Engineering AS\" \/>\n<meta property=\"article:publisher\" content=\"https:\/\/www.facebook.com\/raufossvapenskap\" \/>\n<meta property=\"article:modified_time\" content=\"2025-10-15T07:13:29+00:00\" \/>\n<meta property=\"og:image\" content=\"https:\/\/raufoss.no\/wp-content\/uploads\/FB_Raufoss_2.jpg\" \/>\n\t<meta property=\"og:image:width\" content=\"1200\" \/>\n\t<meta property=\"og:image:height\" content=\"630\" \/>\n\t<meta property=\"og:image:type\" content=\"image\/jpeg\" \/>\n<meta name=\"twitter:card\" content=\"summary_large_image\" \/>\n<meta name=\"twitter:label1\" content=\"Est. reading time\" \/>\n\t<meta name=\"twitter:data1\" content=\"1 minute\" \/>\n<script type=\"application\/ld+json\" class=\"yoast-schema-graph\">{\"@context\":\"https:\\\/\\\/schema.org\",\"@graph\":[{\"@type\":\"WebPage\",\"@id\":\"https:\\\/\\\/raufoss.no\\\/en\\\/contact\\\/\",\"url\":\"https:\\\/\\\/raufoss.no\\\/en\\\/contact\\\/\",\"name\":\"Contact - Raufoss Engineering AS\",\"isPartOf\":{\"@id\":\"https:\\\/\\\/raufoss.no\\\/#website\"},\"datePublished\":\"2022-05-05T13:24:30+00:00\",\"dateModified\":\"2025-10-15T07:13:29+00:00\",\"breadcrumb\":{\"@id\":\"https:\\\/\\\/raufoss.no\\\/en\\\/contact\\\/#breadcrumb\"},\"inLanguage\":\"en-US\",\"potentialAction\":[{\"@type\":\"ReadAction\",\"target\":[\"https:\\\/\\\/raufoss.no\\\/en\\\/contact\\\/\"]}]},{\"@type\":\"BreadcrumbList\",\"@id\":\"https:\\\/\\\/raufoss.no\\\/en\\\/contact\\\/#breadcrumb\",\"itemListElement\":[{\"@type\":\"ListItem\",\"position\":1,\"name\":\"Home\",\"item\":\"https:\\\/\\\/raufoss.no\\\/\"},{\"@type\":\"ListItem\",\"position\":2,\"name\":\"Contact\"}]},{\"@type\":\"WebSite\",\"@id\":\"https:\\\/\\\/raufoss.no\\\/#website\",\"url\":\"https:\\\/\\\/raufoss.no\\\/\",\"name\":\"Raufoss Engineering AS\",\"description\":\"Raufoss Engineering AS er i dag ledende leverand\u00f8r av v\u00e5penskap og v\u00e5pensikring i Norge.\",\"publisher\":{\"@id\":\"https:\\\/\\\/raufoss.no\\\/#organization\"},\"potentialAction\":[{\"@type\":\"SearchAction\",\"target\":{\"@type\":\"EntryPoint\",\"urlTemplate\":\"https:\\\/\\\/raufoss.no\\\/?s={search_term_string}\"},\"query-input\":{\"@type\":\"PropertyValueSpecification\",\"valueRequired\":true,\"valueName\":\"search_term_string\"}}],\"inLanguage\":\"en-US\"},{\"@type\":\"Organization\",\"@id\":\"https:\\\/\\\/raufoss.no\\\/#organization\",\"name\":\"Raufoss Engineering AS\",\"url\":\"https:\\\/\\\/raufoss.no\\\/\",\"logo\":{\"@type\":\"ImageObject\",\"inLanguage\":\"en-US\",\"@id\":\"https:\\\/\\\/raufoss.no\\\/#\\\/schema\\\/logo\\\/image\\\/\",\"url\":\"https:\\\/\\\/raufoss.no\\\/wp-content\\\/uploads\\\/Raufoss_LOGO_svart.svg\",\"contentUrl\":\"https:\\\/\\\/raufoss.no\\\/wp-content\\\/uploads\\\/Raufoss_LOGO_svart.svg\",\"width\":180,\"height\":42,\"caption\":\"Raufoss Engineering AS\"},\"image\":{\"@id\":\"https:\\\/\\\/raufoss.no\\\/#\\\/schema\\\/logo\\\/image\\\/\"},\"sameAs\":[\"https:\\\/\\\/www.facebook.com\\\/raufossvapenskap\"]}]}<\/script>\n<!-- \/ Yoast SEO plugin. -->","yoast_head_json":{"title":"Contact - Raufoss Engineering AS","robots":{"index":"index","follow":"follow","max-snippet":"max-snippet:-1","max-image-preview":"max-image-preview:large","max-video-preview":"max-video-preview:-1"},"canonical":"https:\/\/raufoss.no\/en\/contact\/","og_locale":"en_US","og_type":"article","og_title":"Contact - Raufoss Engineering AS","og_url":"https:\/\/raufoss.no\/en\/contact\/","og_site_name":"Raufoss Engineering AS","article_publisher":"https:\/\/www.facebook.com\/raufossvapenskap","article_modified_time":"2025-10-15T07:13:29+00:00","og_image":[{"width":1200,"height":630,"url":"https:\/\/raufoss.no\/wp-content\/uploads\/FB_Raufoss_2.jpg","type":"image\/jpeg"}],"twitter_card":"summary_large_image","twitter_misc":{"Est. reading time":"1 minute"},"schema":{"@context":"https:\/\/schema.org","@graph":[{"@type":"WebPage","@id":"https:\/\/raufoss.no\/en\/contact\/","url":"https:\/\/raufoss.no\/en\/contact\/","name":"Contact - Raufoss Engineering AS","isPartOf":{"@id":"https:\/\/raufoss.no\/#website"},"datePublished":"2022-05-05T13:24:30+00:00","dateModified":"2025-10-15T07:13:29+00:00","breadcrumb":{"@id":"https:\/\/raufoss.no\/en\/contact\/#breadcrumb"},"inLanguage":"en-US","potentialAction":[{"@type":"ReadAction","target":["https:\/\/raufoss.no\/en\/contact\/"]}]},{"@type":"BreadcrumbList","@id":"https:\/\/raufoss.no\/en\/contact\/#breadcrumb","itemListElement":[{"@type":"ListItem","position":1,"name":"Home","item":"https:\/\/raufoss.no\/"},{"@type":"ListItem","position":2,"name":"Contact"}]},{"@type":"WebSite","@id":"https:\/\/raufoss.no\/#website","url":"https:\/\/raufoss.no\/","name":"Raufoss Engineering AS","description":"Raufoss Engineering AS er i dag ledende leverand\u00f8r av v\u00e5penskap og v\u00e5pensikring i Norge.","publisher":{"@id":"https:\/\/raufoss.no\/#organization"},"potentialAction":[{"@type":"SearchAction","target":{"@type":"EntryPoint","urlTemplate":"https:\/\/raufoss.no\/?s={search_term_string}"},"query-input":{"@type":"PropertyValueSpecification","valueRequired":true,"valueName":"search_term_string"}}],"inLanguage":"en-US"},{"@type":"Organization","@id":"https:\/\/raufoss.no\/#organization","name":"Raufoss Engineering AS","url":"https:\/\/raufoss.no\/","logo":{"@type":"ImageObject","inLanguage":"en-US","@id":"https:\/\/raufoss.no\/#\/schema\/logo\/image\/","url":"https:\/\/raufoss.no\/wp-content\/uploads\/Raufoss_LOGO_svart.svg","contentUrl":"https:\/\/raufoss.no\/wp-content\/uploads\/Raufoss_LOGO_svart.svg","width":180,"height":42,"caption":"Raufoss Engineering AS"},"image":{"@id":"https:\/\/raufoss.no\/#\/schema\/logo\/image\/"},"sameAs":["https:\/\/www.facebook.com\/raufossvapenskap"]}]}},"_links":{"self":[{"href":"https:\/\/raufoss.no\/en\/wp-json\/wp\/v2\/pages\/16803","targetHints":{"allow":["GET"]}}],"collection":[{"href":"https:\/\/raufoss.no\/en\/wp-json\/wp\/v2\/pages"}],"about":[{"href":"https:\/\/raufoss.no\/en\/wp-json\/wp\/v2\/types\/page"}],"author":[{"embeddable":true,"href":"https:\/\/raufoss.no\/en\/wp-json\/wp\/v2\/users\/1"}],"replies":[{"embeddable":true,"href":"https:\/\/raufoss.no\/en\/wp-json\/wp\/v2\/comments?post=16803"}],"version-history":[{"count":4,"href":"https:\/\/raufoss.no\/en\/wp-json\/wp\/v2\/pages\/16803\/revisions"}],"predecessor-version":[{"id":19027,"href":"https:\/\/raufoss.no\/en\/wp-json\/wp\/v2\/pages\/16803\/revisions\/19027"}],"wp:attachment":[{"href":"https:\/\/raufoss.no\/en\/wp-json\/wp\/v2\/media?parent=16803"}],"curies":[{"name":"wp","href":"https:\/\/api.w.org\/{rel}","templated":true}]}}