{"id":16777,"date":"2022-05-04T11:29:09","date_gmt":"2022-05-04T09:29:09","guid":{"rendered":"https:\/\/raufoss.no\/weapon-storage\/safety-cabinets\/sikkerhetsskap-ssk-150\/"},"modified":"2023-02-03T11:24:35","modified_gmt":"2023-02-03T10:24:35","slug":"safety-cabinet-ssk-150","status":"publish","type":"page","link":"https:\/\/raufoss.no\/en\/weapon-storage\/safety-cabinets\/safety-cabinet-ssk-150\/","title":{"rendered":"Safety cabinet SSK 150"},"content":{"rendered":"<div class=\"gb-container gb-container-26e209ae\"><div class=\"gb-inside-container\">\n<div class=\"gb-grid-wrapper gb-grid-wrapper-21639b7b\">\n<div class=\"gb-grid-column gb-grid-column-89780247\"><div class=\"gb-container gb-container-89780247\"><div class=\"gb-inside-container\">\n\n<h1 class=\"gb-headline gb-headline-bc7c17fa gb-headline-text\">Safety cabine <br><span class=\"tynnheading\">SSK 150<\/span><\/h1>\n\n<\/div><\/div><\/div>\n\n<div class=\"gb-grid-column gb-grid-column-22cfd6aa\"><div class=\"gb-container gb-container-22cfd6aa\"><div class=\"gb-inside-container\">\n\n\n\n<\/div><\/div><\/div>\n<\/div>\n<\/div><\/div>\n\n<div class=\"gb-container gb-container-1b433fa4 alignfull\"><div class=\"gb-inside-container\">\n<div class=\"gb-grid-wrapper gb-grid-wrapper-5d2ca87a\">\n<div class=\"gb-grid-column gb-grid-column-7c87860d\"><div class=\"gb-container gb-container-7c87860d\"><div class=\"gb-inside-container\">\n\n<h2 class=\"gb-headline gb-headline-1ae66918 gb-headline-text\">Informasjon<\/h2>\n\n\n\n<p>Part umber SSK 150 w\/shelves: 820020<br>Part number SSK 150 w\/ProRack panel: 810020<\/p>\n\n\n\n<p>SSK 150 Safety cabinet is supplied in two versions, as a safety cabinet and as a ammunition cabinet.<\/p>\n\n\n\n<p>The security cabinet is delivered with ProRack panels installed, to easy attach weapon storage solutions in the cabinet.<\/p>\n\n\n\n<p>The SSK 150 Ammunition Cabinet contains 5 shelves, which can be moved or relocated if needed.<\/p>\n\n\n\n<p>The SSK 150 cabinets are supplied with coded padlock. Because of its weight, bolting is not required.<\/p>\n\n<\/div><\/div><\/div>\n\n<div class=\"gb-grid-column gb-grid-column-d3aff83c\"><div class=\"gb-container gb-container-d3aff83c\"><div class=\"gb-inside-container\">\n\n<h2 class=\"gb-headline gb-headline-7e61b7c5 gb-headline-text\">Specifications<\/h2>\n\n\n\n<p>Inside measurements:<br>Height 1500 mm<br>Width 550 mm<br>Depth 480 mm<\/p>\n\n\n\n<p>External dimensions:<br>Height 1492 mm<br>Width 542 mm<br>Depth 400 mm<\/p>\n\n\n\n<p>Weight 150 kg<\/p>\n\n<\/div><\/div><\/div>\n\n<div class=\"gb-grid-column gb-grid-column-d837a91a\"><div class=\"gb-container gb-container-d837a91a\"><div class=\"gb-inside-container\">\n\n<h2 class=\"gb-headline gb-headline-f7e6f8f0 gb-headline-text\">Included equipment<\/h2>\n\n\n\n<p>SSK 150 Ammunition cabinet is supplied with 5 shelves.<\/p>\n\n\n\n<p>SSK 150 Safety cabinet is supplied with ProRack panels.<\/p>\n\n<\/div><\/div><\/div>\n<\/div>\n\n\n<div style=\"height:4.5em\" aria-hidden=\"true\" class=\"wp-block-spacer\"><\/div>\n\n<\/div><\/div>","protected":false},"excerpt":{"rendered":"","protected":false},"author":1,"featured_media":16301,"parent":16761,"menu_order":0,"comment_status":"closed","ping_status":"closed","template":"","meta":{"footnotes":""},"class_list":["post-16777","page","type-page","status-publish","has-post-thumbnail"],"yoast_head":"<!-- This site is optimized with the Yoast SEO plugin v27.4 - https:\/\/yoast.com\/product\/yoast-seo-wordpress\/ -->\n<title>Raufoss Engineering AS<\/title>\n<meta name=\"description\" content=\"Raufoss Engineering AS er i dag ledende leverand\u00f8r av v\u00e5penskap og v\u00e5pensikring i Norge.\" \/>\n<meta name=\"robots\" content=\"index, follow, max-snippet:-1, max-image-preview:large, max-video-preview:-1\" \/>\n<link rel=\"canonical\" href=\"https:\/\/raufoss.no\/sikringssystemer\/sikkerhetsskap-med-innredning\/sikkerhetsskap-ssk-150\/\" \/>\n<meta property=\"og:locale\" content=\"en_US\" \/>\n<meta property=\"og:type\" content=\"article\" \/>\n<meta property=\"og:title\" content=\"Raufoss Engineering AS\" \/>\n<meta property=\"og:description\" content=\"Raufoss Engineering AS er i dag ledende leverand\u00f8r av v\u00e5penskap og v\u00e5pensikring i Norge.\" \/>\n<meta property=\"og:url\" content=\"https:\/\/raufoss.no\/sikringssystemer\/sikkerhetsskap-med-innredning\/sikkerhetsskap-ssk-150\/\" \/>\n<meta property=\"og:site_name\" content=\"Raufoss Engineering AS\" \/>\n<meta property=\"article:publisher\" content=\"https:\/\/www.facebook.com\/raufossvapenskap\" \/>\n<meta property=\"article:modified_time\" content=\"2023-02-03T10:24:35+00:00\" \/>\n<meta property=\"og:image\" content=\"https:\/\/raufoss.no\/wp-content\/uploads\/hero.jpg\" \/>\n\t<meta property=\"og:image:width\" content=\"1920\" \/>\n\t<meta property=\"og:image:height\" content=\"1080\" \/>\n\t<meta property=\"og:image:type\" content=\"image\/jpeg\" \/>\n<meta name=\"twitter:card\" content=\"summary_large_image\" \/>\n<meta name=\"twitter:label1\" content=\"Est. reading time\" \/>\n\t<meta name=\"twitter:data1\" content=\"1 minute\" \/>\n<script type=\"application\/ld+json\" class=\"yoast-schema-graph\">{\"@context\":\"https:\\\/\\\/schema.org\",\"@graph\":[{\"@type\":\"WebPage\",\"@id\":\"https:\\\/\\\/raufoss.no\\\/sikringssystemer\\\/sikkerhetsskap-med-innredning\\\/sikkerhetsskap-ssk-150\\\/\",\"url\":\"https:\\\/\\\/raufoss.no\\\/sikringssystemer\\\/sikkerhetsskap-med-innredning\\\/sikkerhetsskap-ssk-150\\\/\",\"name\":\"Raufoss Engineering AS\",\"isPartOf\":{\"@id\":\"https:\\\/\\\/raufoss.no\\\/#website\"},\"primaryImageOfPage\":{\"@id\":\"https:\\\/\\\/raufoss.no\\\/sikringssystemer\\\/sikkerhetsskap-med-innredning\\\/sikkerhetsskap-ssk-150\\\/#primaryimage\"},\"image\":{\"@id\":\"https:\\\/\\\/raufoss.no\\\/sikringssystemer\\\/sikkerhetsskap-med-innredning\\\/sikkerhetsskap-ssk-150\\\/#primaryimage\"},\"thumbnailUrl\":\"https:\\\/\\\/raufoss.no\\\/wp-content\\\/uploads\\\/hero.jpg\",\"datePublished\":\"2022-05-04T09:29:09+00:00\",\"dateModified\":\"2023-02-03T10:24:35+00:00\",\"description\":\"Raufoss Engineering AS er i dag ledende leverand\u00f8r av v\u00e5penskap og v\u00e5pensikring i Norge.\",\"breadcrumb\":{\"@id\":\"https:\\\/\\\/raufoss.no\\\/sikringssystemer\\\/sikkerhetsskap-med-innredning\\\/sikkerhetsskap-ssk-150\\\/#breadcrumb\"},\"inLanguage\":\"en-US\",\"potentialAction\":[{\"@type\":\"ReadAction\",\"target\":[\"https:\\\/\\\/raufoss.no\\\/sikringssystemer\\\/sikkerhetsskap-med-innredning\\\/sikkerhetsskap-ssk-150\\\/\"]}]},{\"@type\":\"ImageObject\",\"inLanguage\":\"en-US\",\"@id\":\"https:\\\/\\\/raufoss.no\\\/sikringssystemer\\\/sikkerhetsskap-med-innredning\\\/sikkerhetsskap-ssk-150\\\/#primaryimage\",\"url\":\"https:\\\/\\\/raufoss.no\\\/wp-content\\\/uploads\\\/hero.jpg\",\"contentUrl\":\"https:\\\/\\\/raufoss.no\\\/wp-content\\\/uploads\\\/hero.jpg\",\"width\":1920,\"height\":1080},{\"@type\":\"BreadcrumbList\",\"@id\":\"https:\\\/\\\/raufoss.no\\\/sikringssystemer\\\/sikkerhetsskap-med-innredning\\\/sikkerhetsskap-ssk-150\\\/#breadcrumb\",\"itemListElement\":[{\"@type\":\"ListItem\",\"position\":1,\"name\":\"Home\",\"item\":\"https:\\\/\\\/raufoss.no\\\/\"},{\"@type\":\"ListItem\",\"position\":2,\"name\":\"Weapon Storage\",\"item\":\"https:\\\/\\\/raufoss.no\\\/sikringssystemer\\\/\"},{\"@type\":\"ListItem\",\"position\":3,\"name\":\"Safety cabinets\",\"item\":\"https:\\\/\\\/raufoss.no\\\/sikringssystemer\\\/sikkerhetsskap-med-innredning\\\/\"},{\"@type\":\"ListItem\",\"position\":4,\"name\":\"Safety cabinet SSK 150\"}]},{\"@type\":\"WebSite\",\"@id\":\"https:\\\/\\\/raufoss.no\\\/#website\",\"url\":\"https:\\\/\\\/raufoss.no\\\/\",\"name\":\"Raufoss Engineering AS\",\"description\":\"Raufoss Engineering AS er i dag ledende leverand\u00f8r av v\u00e5penskap og v\u00e5pensikring i Norge.\",\"publisher\":{\"@id\":\"https:\\\/\\\/raufoss.no\\\/#organization\"},\"potentialAction\":[{\"@type\":\"SearchAction\",\"target\":{\"@type\":\"EntryPoint\",\"urlTemplate\":\"https:\\\/\\\/raufoss.no\\\/?s={search_term_string}\"},\"query-input\":{\"@type\":\"PropertyValueSpecification\",\"valueRequired\":true,\"valueName\":\"search_term_string\"}}],\"inLanguage\":\"en-US\"},{\"@type\":\"Organization\",\"@id\":\"https:\\\/\\\/raufoss.no\\\/#organization\",\"name\":\"Raufoss Engineering AS\",\"url\":\"https:\\\/\\\/raufoss.no\\\/\",\"logo\":{\"@type\":\"ImageObject\",\"inLanguage\":\"en-US\",\"@id\":\"https:\\\/\\\/raufoss.no\\\/#\\\/schema\\\/logo\\\/image\\\/\",\"url\":\"https:\\\/\\\/raufoss.no\\\/wp-content\\\/uploads\\\/Raufoss_LOGO_svart.svg\",\"contentUrl\":\"https:\\\/\\\/raufoss.no\\\/wp-content\\\/uploads\\\/Raufoss_LOGO_svart.svg\",\"width\":180,\"height\":42,\"caption\":\"Raufoss Engineering AS\"},\"image\":{\"@id\":\"https:\\\/\\\/raufoss.no\\\/#\\\/schema\\\/logo\\\/image\\\/\"},\"sameAs\":[\"https:\\\/\\\/www.facebook.com\\\/raufossvapenskap\"]}]}<\/script>\n<!-- \/ Yoast SEO plugin. -->","yoast_head_json":{"title":"Raufoss Engineering AS","description":"Raufoss Engineering AS er i dag ledende leverand\u00f8r av v\u00e5penskap og v\u00e5pensikring i Norge.","robots":{"index":"index","follow":"follow","max-snippet":"max-snippet:-1","max-image-preview":"max-image-preview:large","max-video-preview":"max-video-preview:-1"},"canonical":"https:\/\/raufoss.no\/sikringssystemer\/sikkerhetsskap-med-innredning\/sikkerhetsskap-ssk-150\/","og_locale":"en_US","og_type":"article","og_title":"Raufoss Engineering AS","og_description":"Raufoss Engineering AS er i dag ledende leverand\u00f8r av v\u00e5penskap og v\u00e5pensikring i Norge.","og_url":"https:\/\/raufoss.no\/sikringssystemer\/sikkerhetsskap-med-innredning\/sikkerhetsskap-ssk-150\/","og_site_name":"Raufoss Engineering AS","article_publisher":"https:\/\/www.facebook.com\/raufossvapenskap","article_modified_time":"2023-02-03T10:24:35+00:00","og_image":[{"width":1920,"height":1080,"url":"https:\/\/raufoss.no\/wp-content\/uploads\/hero.jpg","type":"image\/jpeg"}],"twitter_card":"summary_large_image","twitter_misc":{"Est. reading time":"1 minute"},"schema":{"@context":"https:\/\/schema.org","@graph":[{"@type":"WebPage","@id":"https:\/\/raufoss.no\/sikringssystemer\/sikkerhetsskap-med-innredning\/sikkerhetsskap-ssk-150\/","url":"https:\/\/raufoss.no\/sikringssystemer\/sikkerhetsskap-med-innredning\/sikkerhetsskap-ssk-150\/","name":"Raufoss Engineering AS","isPartOf":{"@id":"https:\/\/raufoss.no\/#website"},"primaryImageOfPage":{"@id":"https:\/\/raufoss.no\/sikringssystemer\/sikkerhetsskap-med-innredning\/sikkerhetsskap-ssk-150\/#primaryimage"},"image":{"@id":"https:\/\/raufoss.no\/sikringssystemer\/sikkerhetsskap-med-innredning\/sikkerhetsskap-ssk-150\/#primaryimage"},"thumbnailUrl":"https:\/\/raufoss.no\/wp-content\/uploads\/hero.jpg","datePublished":"2022-05-04T09:29:09+00:00","dateModified":"2023-02-03T10:24:35+00:00","description":"Raufoss Engineering AS er i dag ledende leverand\u00f8r av v\u00e5penskap og v\u00e5pensikring i Norge.","breadcrumb":{"@id":"https:\/\/raufoss.no\/sikringssystemer\/sikkerhetsskap-med-innredning\/sikkerhetsskap-ssk-150\/#breadcrumb"},"inLanguage":"en-US","potentialAction":[{"@type":"ReadAction","target":["https:\/\/raufoss.no\/sikringssystemer\/sikkerhetsskap-med-innredning\/sikkerhetsskap-ssk-150\/"]}]},{"@type":"ImageObject","inLanguage":"en-US","@id":"https:\/\/raufoss.no\/sikringssystemer\/sikkerhetsskap-med-innredning\/sikkerhetsskap-ssk-150\/#primaryimage","url":"https:\/\/raufoss.no\/wp-content\/uploads\/hero.jpg","contentUrl":"https:\/\/raufoss.no\/wp-content\/uploads\/hero.jpg","width":1920,"height":1080},{"@type":"BreadcrumbList","@id":"https:\/\/raufoss.no\/sikringssystemer\/sikkerhetsskap-med-innredning\/sikkerhetsskap-ssk-150\/#breadcrumb","itemListElement":[{"@type":"ListItem","position":1,"name":"Home","item":"https:\/\/raufoss.no\/"},{"@type":"ListItem","position":2,"name":"Weapon Storage","item":"https:\/\/raufoss.no\/sikringssystemer\/"},{"@type":"ListItem","position":3,"name":"Safety cabinets","item":"https:\/\/raufoss.no\/sikringssystemer\/sikkerhetsskap-med-innredning\/"},{"@type":"ListItem","position":4,"name":"Safety cabinet SSK 150"}]},{"@type":"WebSite","@id":"https:\/\/raufoss.no\/#website","url":"https:\/\/raufoss.no\/","name":"Raufoss Engineering AS","description":"Raufoss Engineering AS er i dag ledende leverand\u00f8r av v\u00e5penskap og v\u00e5pensikring i Norge.","publisher":{"@id":"https:\/\/raufoss.no\/#organization"},"potentialAction":[{"@type":"SearchAction","target":{"@type":"EntryPoint","urlTemplate":"https:\/\/raufoss.no\/?s={search_term_string}"},"query-input":{"@type":"PropertyValueSpecification","valueRequired":true,"valueName":"search_term_string"}}],"inLanguage":"en-US"},{"@type":"Organization","@id":"https:\/\/raufoss.no\/#organization","name":"Raufoss Engineering AS","url":"https:\/\/raufoss.no\/","logo":{"@type":"ImageObject","inLanguage":"en-US","@id":"https:\/\/raufoss.no\/#\/schema\/logo\/image\/","url":"https:\/\/raufoss.no\/wp-content\/uploads\/Raufoss_LOGO_svart.svg","contentUrl":"https:\/\/raufoss.no\/wp-content\/uploads\/Raufoss_LOGO_svart.svg","width":180,"height":42,"caption":"Raufoss Engineering AS"},"image":{"@id":"https:\/\/raufoss.no\/#\/schema\/logo\/image\/"},"sameAs":["https:\/\/www.facebook.com\/raufossvapenskap"]}]}},"_links":{"self":[{"href":"https:\/\/raufoss.no\/en\/wp-json\/wp\/v2\/pages\/16777","targetHints":{"allow":["GET"]}}],"collection":[{"href":"https:\/\/raufoss.no\/en\/wp-json\/wp\/v2\/pages"}],"about":[{"href":"https:\/\/raufoss.no\/en\/wp-json\/wp\/v2\/types\/page"}],"author":[{"embeddable":true,"href":"https:\/\/raufoss.no\/en\/wp-json\/wp\/v2\/users\/1"}],"replies":[{"embeddable":true,"href":"https:\/\/raufoss.no\/en\/wp-json\/wp\/v2\/comments?post=16777"}],"version-history":[{"count":1,"href":"https:\/\/raufoss.no\/en\/wp-json\/wp\/v2\/pages\/16777\/revisions"}],"predecessor-version":[{"id":16779,"href":"https:\/\/raufoss.no\/en\/wp-json\/wp\/v2\/pages\/16777\/revisions\/16779"}],"up":[{"embeddable":true,"href":"https:\/\/raufoss.no\/en\/wp-json\/wp\/v2\/pages\/16761"}],"wp:featuredmedia":[{"embeddable":true,"href":"https:\/\/raufoss.no\/en\/wp-json\/wp\/v2\/media\/16301"}],"wp:attachment":[{"href":"https:\/\/raufoss.no\/en\/wp-json\/wp\/v2\/media?parent=16777"}],"curies":[{"name":"wp","href":"https:\/\/api.w.org\/{rel}","templated":true}]}}