{"id":16761,"date":"2022-05-04T10:44:51","date_gmt":"2022-05-04T08:44:51","guid":{"rendered":"https:\/\/raufoss.no\/weapon-storage\/sikkerhetsskap-med-innredning\/"},"modified":"2023-11-14T14:51:24","modified_gmt":"2023-11-14T13:51:24","slug":"safety-cabinets","status":"publish","type":"page","link":"https:\/\/raufoss.no\/en\/weapon-storage\/safety-cabinets\/","title":{"rendered":"Safety cabinets"},"content":{"rendered":"<div class=\"gb-container gb-container-26e209ae\"><div class=\"gb-inside-container\">\n<div class=\"gb-grid-wrapper gb-grid-wrapper-21639b7b\">\n<div class=\"gb-grid-column gb-grid-column-89780247\"><div class=\"gb-container gb-container-89780247\"><div class=\"gb-inside-container\">\n\n<h1 class=\"gb-headline gb-headline-bc7c17fa gb-headline-text\">Safety cabinets<\/h1>\n\n<\/div><\/div><\/div>\n<\/div>\n<\/div><\/div>\n\n<div class=\"gb-container gb-container-28509e26 alignfull\"><div class=\"gb-inside-container\">\n<div class=\"gb-grid-wrapper gb-grid-wrapper-07733cb8\">\n<div class=\"gb-grid-column gb-grid-column-a99c0058\"><div class=\"gb-container gb-container-a99c0058\"><div class=\"gb-inside-container\">\n\n<figure class=\"wp-block-image size-full\"><img loading=\"lazy\" decoding=\"async\" width=\"1240\" height=\"868\" src=\"https:\/\/raufoss.no\/wp-content\/uploads\/DSC6265x.jpg\" alt=\"\" class=\"wp-image-1292\" srcset=\"https:\/\/raufoss.no\/wp-content\/uploads\/DSC6265x.jpg 1240w, https:\/\/raufoss.no\/wp-content\/uploads\/DSC6265x-300x210.jpg 300w, https:\/\/raufoss.no\/wp-content\/uploads\/DSC6265x-1024x717.jpg 1024w, https:\/\/raufoss.no\/wp-content\/uploads\/DSC6265x-768x538.jpg 768w, https:\/\/raufoss.no\/wp-content\/uploads\/DSC6265x-600x420.jpg 600w\" sizes=\"auto, (max-width: 1240px) 100vw, 1240px\" \/><\/figure>\n\n\n\n<h2 class=\"gb-headline gb-headline-2aafcd72 gb-headline-text\">Safety cabinet SSK 290<\/h2>\n\n\n\n<p class=\"has-contrast-color has-text-color\">Large security cabinet with two doors and electronic code lock. Can be delivered equipped with our ProRack panels, weapon holders, and weapon security equipment. Can be customized as needed.<\/p>\n\n\n<div class=\"gb-button-wrapper gb-button-wrapper-63d42ad0\">\n\n<a class=\"gb-button gb-button-15356bb7 iconright\" href=\"\/en\/weapon-storage\/safety-cabinets\/safety-cabinet-ssk-290\/\"><span class=\"gb-button-text\">Read more<\/span><span class=\"gb-icon\"><svg viewBox=\"0 0 16 16\" class=\"bi bi-arrow-right\" fill=\"currentColor\" height=\"16\" width=\"16\" xmlns=\"http:\/\/www.w3.org\/2000\/svg\">   <path d=\"M1 8a.5.5 0 0 1 .5-.5h11.793l-3.147-3.146a.5.5 0 0 1 .708-.708l4 4a.5.5 0 0 1 0 .708l-4 4a.5.5 0 0 1-.708-.708L13.293 8.5H1.5A.5.5 0 0 1 1 8z\" fill-rule=\"evenodd\"><\/path> <\/svg><\/span><\/a>\n\n<\/div>\n<\/div><\/div><\/div>\n\n<div class=\"gb-grid-column gb-grid-column-ceeda2f0\"><div class=\"gb-container gb-container-ceeda2f0\"><div class=\"gb-inside-container\">\n\n<figure class=\"wp-block-image size-large\"><img loading=\"lazy\" decoding=\"async\" width=\"1024\" height=\"717\" src=\"https:\/\/raufoss.no\/wp-content\/uploads\/\/DSC6222x-1024x717.jpg\" alt=\"\" class=\"wp-image-1304\" srcset=\"https:\/\/raufoss.no\/wp-content\/uploads\/DSC6222x-1024x717.jpg 1024w, https:\/\/raufoss.no\/wp-content\/uploads\/DSC6222x-300x210.jpg 300w, https:\/\/raufoss.no\/wp-content\/uploads\/DSC6222x-768x538.jpg 768w, https:\/\/raufoss.no\/wp-content\/uploads\/DSC6222x-600x420.jpg 600w, https:\/\/raufoss.no\/wp-content\/uploads\/DSC6222x.jpg 1240w\" sizes=\"auto, (max-width: 1024px) 100vw, 1024px\" \/><\/figure>\n\n\n\n<h2 class=\"gb-headline gb-headline-7ab37c2a gb-headline-text\">Safety cabinet SSK 190<\/h2>\n\n\n\n<p class=\"has-contrast-color has-text-color\">Cabinet with one door and electronic code lock. Can be supplied with shelves, or equipped with our ProRack panels, weapon holders, and weapon security equipment.<br><br><\/p>\n\n\n<div class=\"gb-button-wrapper gb-button-wrapper-c96bca34\">\n\n<a class=\"gb-button gb-button-3a66af64 iconright\" href=\"\/en\/weapon-storage\/safety-cabinets\/safety-cabinet-ssk-190\/\"><span class=\"gb-button-text\">Read more<\/span><span class=\"gb-icon\"><svg viewBox=\"0 0 16 16\" class=\"bi bi-arrow-right\" fill=\"currentColor\" height=\"16\" width=\"16\" xmlns=\"http:\/\/www.w3.org\/2000\/svg\">   <path d=\"M1 8a.5.5 0 0 1 .5-.5h11.793l-3.147-3.146a.5.5 0 0 1 .708-.708l4 4a.5.5 0 0 1 0 .708l-4 4a.5.5 0 0 1-.708-.708L13.293 8.5H1.5A.5.5 0 0 1 1 8z\" fill-rule=\"evenodd\"><\/path> <\/svg><\/span><\/a>\n\n<\/div>\n<\/div><\/div><\/div>\n\n<div class=\"gb-grid-column gb-grid-column-2bc9d805\"><div class=\"gb-container gb-container-2bc9d805\"><div class=\"gb-inside-container\">\n\n<figure class=\"wp-block-image size-large\"><img loading=\"lazy\" decoding=\"async\" width=\"1024\" height=\"717\" src=\"https:\/\/raufoss.no\/wp-content\/uploads\/\/DSC6227x-1024x717.jpg\" alt=\"\" class=\"wp-image-1317\" srcset=\"https:\/\/raufoss.no\/wp-content\/uploads\/DSC6227x-1024x717.jpg 1024w, https:\/\/raufoss.no\/wp-content\/uploads\/DSC6227x-300x210.jpg 300w, https:\/\/raufoss.no\/wp-content\/uploads\/DSC6227x-768x538.jpg 768w, https:\/\/raufoss.no\/wp-content\/uploads\/DSC6227x-600x420.jpg 600w, https:\/\/raufoss.no\/wp-content\/uploads\/DSC6227x.jpg 1240w\" sizes=\"auto, (max-width: 1024px) 100vw, 1024px\" \/><\/figure>\n\n\n\n<h2 class=\"gb-headline gb-headline-da292df7 gb-headline-text\">Safety cabinet SSK 150<\/h2>\n\n\n\n<p class=\"has-contrast-color has-text-color\">Cabinet with electronic code lock. Can be delivered with ProRack Panels and with equipment and storage units as needed.<br><br><\/p>\n\n\n<div class=\"gb-button-wrapper gb-button-wrapper-b016b6a2\">\n\n<a class=\"gb-button gb-button-d5896a32 iconright\" href=\"\/en\/weapon-storage\/safety-cabinets\/safety-cabinet-ssk-150\/\"><span class=\"gb-button-text\">Read more<\/span><span class=\"gb-icon\"><svg viewBox=\"0 0 16 16\" class=\"bi bi-arrow-right\" fill=\"currentColor\" height=\"16\" width=\"16\" xmlns=\"http:\/\/www.w3.org\/2000\/svg\">   <path d=\"M1 8a.5.5 0 0 1 .5-.5h11.793l-3.147-3.146a.5.5 0 0 1 .708-.708l4 4a.5.5 0 0 1 0 .708l-4 4a.5.5 0 0 1-.708-.708L13.293 8.5H1.5A.5.5 0 0 1 1 8z\" fill-rule=\"evenodd\"><\/path> <\/svg><\/span><\/a>\n\n<\/div>\n<\/div><\/div><\/div>\n<\/div>\n\n\n<div style=\"height:4.5em\" aria-hidden=\"true\" class=\"wp-block-spacer\"><\/div>\n\n<\/div><\/div>","protected":false},"excerpt":{"rendered":"","protected":false},"author":1,"featured_media":16301,"parent":16710,"menu_order":0,"comment_status":"closed","ping_status":"closed","template":"","meta":{"footnotes":""},"class_list":["post-16761","page","type-page","status-publish","has-post-thumbnail"],"yoast_head":"<!-- This site is optimized with the Yoast SEO plugin v27.4 - https:\/\/yoast.com\/product\/yoast-seo-wordpress\/ -->\n<title>Raufoss Engineering AS<\/title>\n<meta name=\"description\" content=\"Raufoss Engineering AS er i dag ledende leverand\u00f8r av v\u00e5penskap og v\u00e5pensikring i Norge.\" \/>\n<meta name=\"robots\" content=\"index, follow, max-snippet:-1, max-image-preview:large, max-video-preview:-1\" \/>\n<link rel=\"canonical\" href=\"https:\/\/raufoss.no\/sikringssystemer\/sikkerhetsskap-med-innredning\/\" \/>\n<meta property=\"og:locale\" content=\"en_US\" \/>\n<meta property=\"og:type\" content=\"article\" \/>\n<meta property=\"og:title\" content=\"Raufoss Engineering AS\" \/>\n<meta property=\"og:description\" content=\"Raufoss Engineering AS er i dag ledende leverand\u00f8r av v\u00e5penskap og v\u00e5pensikring i Norge.\" \/>\n<meta property=\"og:url\" content=\"https:\/\/raufoss.no\/sikringssystemer\/sikkerhetsskap-med-innredning\/\" \/>\n<meta property=\"og:site_name\" content=\"Raufoss Engineering AS\" \/>\n<meta property=\"article:publisher\" content=\"https:\/\/www.facebook.com\/raufossvapenskap\" \/>\n<meta property=\"article:modified_time\" content=\"2023-11-14T13:51:24+00:00\" \/>\n<meta property=\"og:image\" content=\"https:\/\/raufoss.no\/wp-content\/uploads\/hero.jpg\" \/>\n\t<meta property=\"og:image:width\" content=\"1920\" \/>\n\t<meta property=\"og:image:height\" content=\"1080\" \/>\n\t<meta property=\"og:image:type\" content=\"image\/jpeg\" \/>\n<meta name=\"twitter:card\" content=\"summary_large_image\" \/>\n<meta name=\"twitter:label1\" content=\"Est. reading time\" \/>\n\t<meta name=\"twitter:data1\" content=\"2 minutes\" \/>\n<script type=\"application\/ld+json\" class=\"yoast-schema-graph\">{\"@context\":\"https:\\\/\\\/schema.org\",\"@graph\":[{\"@type\":\"WebPage\",\"@id\":\"https:\\\/\\\/raufoss.no\\\/sikringssystemer\\\/sikkerhetsskap-med-innredning\\\/\",\"url\":\"https:\\\/\\\/raufoss.no\\\/sikringssystemer\\\/sikkerhetsskap-med-innredning\\\/\",\"name\":\"Raufoss Engineering AS\",\"isPartOf\":{\"@id\":\"https:\\\/\\\/raufoss.no\\\/#website\"},\"primaryImageOfPage\":{\"@id\":\"https:\\\/\\\/raufoss.no\\\/sikringssystemer\\\/sikkerhetsskap-med-innredning\\\/#primaryimage\"},\"image\":{\"@id\":\"https:\\\/\\\/raufoss.no\\\/sikringssystemer\\\/sikkerhetsskap-med-innredning\\\/#primaryimage\"},\"thumbnailUrl\":\"https:\\\/\\\/raufoss.no\\\/wp-content\\\/uploads\\\/hero.jpg\",\"datePublished\":\"2022-05-04T08:44:51+00:00\",\"dateModified\":\"2023-11-14T13:51:24+00:00\",\"description\":\"Raufoss Engineering AS er i dag ledende leverand\u00f8r av v\u00e5penskap og v\u00e5pensikring i Norge.\",\"breadcrumb\":{\"@id\":\"https:\\\/\\\/raufoss.no\\\/sikringssystemer\\\/sikkerhetsskap-med-innredning\\\/#breadcrumb\"},\"inLanguage\":\"en-US\",\"potentialAction\":[{\"@type\":\"ReadAction\",\"target\":[\"https:\\\/\\\/raufoss.no\\\/sikringssystemer\\\/sikkerhetsskap-med-innredning\\\/\"]}]},{\"@type\":\"ImageObject\",\"inLanguage\":\"en-US\",\"@id\":\"https:\\\/\\\/raufoss.no\\\/sikringssystemer\\\/sikkerhetsskap-med-innredning\\\/#primaryimage\",\"url\":\"https:\\\/\\\/raufoss.no\\\/wp-content\\\/uploads\\\/hero.jpg\",\"contentUrl\":\"https:\\\/\\\/raufoss.no\\\/wp-content\\\/uploads\\\/hero.jpg\",\"width\":1920,\"height\":1080},{\"@type\":\"BreadcrumbList\",\"@id\":\"https:\\\/\\\/raufoss.no\\\/sikringssystemer\\\/sikkerhetsskap-med-innredning\\\/#breadcrumb\",\"itemListElement\":[{\"@type\":\"ListItem\",\"position\":1,\"name\":\"Home\",\"item\":\"https:\\\/\\\/raufoss.no\\\/\"},{\"@type\":\"ListItem\",\"position\":2,\"name\":\"Weapon Storage\",\"item\":\"https:\\\/\\\/raufoss.no\\\/sikringssystemer\\\/\"},{\"@type\":\"ListItem\",\"position\":3,\"name\":\"Safety cabinets\"}]},{\"@type\":\"WebSite\",\"@id\":\"https:\\\/\\\/raufoss.no\\\/#website\",\"url\":\"https:\\\/\\\/raufoss.no\\\/\",\"name\":\"Raufoss Engineering AS\",\"description\":\"Raufoss Engineering AS er i dag ledende leverand\u00f8r av v\u00e5penskap og v\u00e5pensikring i Norge.\",\"publisher\":{\"@id\":\"https:\\\/\\\/raufoss.no\\\/#organization\"},\"potentialAction\":[{\"@type\":\"SearchAction\",\"target\":{\"@type\":\"EntryPoint\",\"urlTemplate\":\"https:\\\/\\\/raufoss.no\\\/?s={search_term_string}\"},\"query-input\":{\"@type\":\"PropertyValueSpecification\",\"valueRequired\":true,\"valueName\":\"search_term_string\"}}],\"inLanguage\":\"en-US\"},{\"@type\":\"Organization\",\"@id\":\"https:\\\/\\\/raufoss.no\\\/#organization\",\"name\":\"Raufoss Engineering AS\",\"url\":\"https:\\\/\\\/raufoss.no\\\/\",\"logo\":{\"@type\":\"ImageObject\",\"inLanguage\":\"en-US\",\"@id\":\"https:\\\/\\\/raufoss.no\\\/#\\\/schema\\\/logo\\\/image\\\/\",\"url\":\"https:\\\/\\\/raufoss.no\\\/wp-content\\\/uploads\\\/Raufoss_LOGO_svart.svg\",\"contentUrl\":\"https:\\\/\\\/raufoss.no\\\/wp-content\\\/uploads\\\/Raufoss_LOGO_svart.svg\",\"width\":180,\"height\":42,\"caption\":\"Raufoss Engineering AS\"},\"image\":{\"@id\":\"https:\\\/\\\/raufoss.no\\\/#\\\/schema\\\/logo\\\/image\\\/\"},\"sameAs\":[\"https:\\\/\\\/www.facebook.com\\\/raufossvapenskap\"]}]}<\/script>\n<!-- \/ Yoast SEO plugin. -->","yoast_head_json":{"title":"Raufoss Engineering AS","description":"Raufoss Engineering AS er i dag ledende leverand\u00f8r av v\u00e5penskap og v\u00e5pensikring i Norge.","robots":{"index":"index","follow":"follow","max-snippet":"max-snippet:-1","max-image-preview":"max-image-preview:large","max-video-preview":"max-video-preview:-1"},"canonical":"https:\/\/raufoss.no\/sikringssystemer\/sikkerhetsskap-med-innredning\/","og_locale":"en_US","og_type":"article","og_title":"Raufoss Engineering AS","og_description":"Raufoss Engineering AS er i dag ledende leverand\u00f8r av v\u00e5penskap og v\u00e5pensikring i Norge.","og_url":"https:\/\/raufoss.no\/sikringssystemer\/sikkerhetsskap-med-innredning\/","og_site_name":"Raufoss Engineering AS","article_publisher":"https:\/\/www.facebook.com\/raufossvapenskap","article_modified_time":"2023-11-14T13:51:24+00:00","og_image":[{"width":1920,"height":1080,"url":"https:\/\/raufoss.no\/wp-content\/uploads\/hero.jpg","type":"image\/jpeg"}],"twitter_card":"summary_large_image","twitter_misc":{"Est. reading time":"2 minutes"},"schema":{"@context":"https:\/\/schema.org","@graph":[{"@type":"WebPage","@id":"https:\/\/raufoss.no\/sikringssystemer\/sikkerhetsskap-med-innredning\/","url":"https:\/\/raufoss.no\/sikringssystemer\/sikkerhetsskap-med-innredning\/","name":"Raufoss Engineering AS","isPartOf":{"@id":"https:\/\/raufoss.no\/#website"},"primaryImageOfPage":{"@id":"https:\/\/raufoss.no\/sikringssystemer\/sikkerhetsskap-med-innredning\/#primaryimage"},"image":{"@id":"https:\/\/raufoss.no\/sikringssystemer\/sikkerhetsskap-med-innredning\/#primaryimage"},"thumbnailUrl":"https:\/\/raufoss.no\/wp-content\/uploads\/hero.jpg","datePublished":"2022-05-04T08:44:51+00:00","dateModified":"2023-11-14T13:51:24+00:00","description":"Raufoss Engineering AS er i dag ledende leverand\u00f8r av v\u00e5penskap og v\u00e5pensikring i Norge.","breadcrumb":{"@id":"https:\/\/raufoss.no\/sikringssystemer\/sikkerhetsskap-med-innredning\/#breadcrumb"},"inLanguage":"en-US","potentialAction":[{"@type":"ReadAction","target":["https:\/\/raufoss.no\/sikringssystemer\/sikkerhetsskap-med-innredning\/"]}]},{"@type":"ImageObject","inLanguage":"en-US","@id":"https:\/\/raufoss.no\/sikringssystemer\/sikkerhetsskap-med-innredning\/#primaryimage","url":"https:\/\/raufoss.no\/wp-content\/uploads\/hero.jpg","contentUrl":"https:\/\/raufoss.no\/wp-content\/uploads\/hero.jpg","width":1920,"height":1080},{"@type":"BreadcrumbList","@id":"https:\/\/raufoss.no\/sikringssystemer\/sikkerhetsskap-med-innredning\/#breadcrumb","itemListElement":[{"@type":"ListItem","position":1,"name":"Home","item":"https:\/\/raufoss.no\/"},{"@type":"ListItem","position":2,"name":"Weapon Storage","item":"https:\/\/raufoss.no\/sikringssystemer\/"},{"@type":"ListItem","position":3,"name":"Safety cabinets"}]},{"@type":"WebSite","@id":"https:\/\/raufoss.no\/#website","url":"https:\/\/raufoss.no\/","name":"Raufoss Engineering AS","description":"Raufoss Engineering AS er i dag ledende leverand\u00f8r av v\u00e5penskap og v\u00e5pensikring i Norge.","publisher":{"@id":"https:\/\/raufoss.no\/#organization"},"potentialAction":[{"@type":"SearchAction","target":{"@type":"EntryPoint","urlTemplate":"https:\/\/raufoss.no\/?s={search_term_string}"},"query-input":{"@type":"PropertyValueSpecification","valueRequired":true,"valueName":"search_term_string"}}],"inLanguage":"en-US"},{"@type":"Organization","@id":"https:\/\/raufoss.no\/#organization","name":"Raufoss Engineering AS","url":"https:\/\/raufoss.no\/","logo":{"@type":"ImageObject","inLanguage":"en-US","@id":"https:\/\/raufoss.no\/#\/schema\/logo\/image\/","url":"https:\/\/raufoss.no\/wp-content\/uploads\/Raufoss_LOGO_svart.svg","contentUrl":"https:\/\/raufoss.no\/wp-content\/uploads\/Raufoss_LOGO_svart.svg","width":180,"height":42,"caption":"Raufoss Engineering AS"},"image":{"@id":"https:\/\/raufoss.no\/#\/schema\/logo\/image\/"},"sameAs":["https:\/\/www.facebook.com\/raufossvapenskap"]}]}},"_links":{"self":[{"href":"https:\/\/raufoss.no\/en\/wp-json\/wp\/v2\/pages\/16761","targetHints":{"allow":["GET"]}}],"collection":[{"href":"https:\/\/raufoss.no\/en\/wp-json\/wp\/v2\/pages"}],"about":[{"href":"https:\/\/raufoss.no\/en\/wp-json\/wp\/v2\/types\/page"}],"author":[{"embeddable":true,"href":"https:\/\/raufoss.no\/en\/wp-json\/wp\/v2\/users\/1"}],"replies":[{"embeddable":true,"href":"https:\/\/raufoss.no\/en\/wp-json\/wp\/v2\/comments?post=16761"}],"version-history":[{"count":4,"href":"https:\/\/raufoss.no\/en\/wp-json\/wp\/v2\/pages\/16761\/revisions"}],"predecessor-version":[{"id":17764,"href":"https:\/\/raufoss.no\/en\/wp-json\/wp\/v2\/pages\/16761\/revisions\/17764"}],"up":[{"embeddable":true,"href":"https:\/\/raufoss.no\/en\/wp-json\/wp\/v2\/pages\/16710"}],"wp:featuredmedia":[{"embeddable":true,"href":"https:\/\/raufoss.no\/en\/wp-json\/wp\/v2\/media\/16301"}],"wp:attachment":[{"href":"https:\/\/raufoss.no\/en\/wp-json\/wp\/v2\/media?parent=16761"}],"curies":[{"name":"wp","href":"https:\/\/api.w.org\/{rel}","templated":true}]}}