{"id":16719,"date":"2022-05-02T08:52:35","date_gmt":"2022-05-02T06:52:35","guid":{"rendered":"https:\/\/raufoss.no\/weapon-storage\/raufoss-prorack\/prorack-panel\/"},"modified":"2023-08-28T10:26:40","modified_gmt":"2023-08-28T08:26:40","slug":"prorack-panel","status":"publish","type":"page","link":"https:\/\/raufoss.no\/en\/weapon-storage\/raufoss-prorack\/prorack-panel\/","title":{"rendered":"ProRack Panel"},"content":{"rendered":"<div class=\"gb-container gb-container-26e209ae\"><div class=\"gb-inside-container\">\n<div class=\"gb-grid-wrapper gb-grid-wrapper-21639b7b\">\n<div class=\"gb-grid-column gb-grid-column-89780247\"><div class=\"gb-container gb-container-89780247\"><div class=\"gb-inside-container\">\n\n<h1 class=\"gb-headline gb-headline-bc7c17fa gb-headline-text\">ProRack <br><span class=\"tynnheading\">Panel<\/span><\/h1>\n\n<\/div><\/div><\/div>\n\n<div class=\"gb-grid-column gb-grid-column-22cfd6aa\"><div class=\"gb-container gb-container-22cfd6aa\"><div class=\"gb-inside-container\">\n\n<div style=\"padding:56.25% 0 0 0;position:relative;\"><iframe src=\"https:\/\/player.vimeo.com\/video\/751558290?h=f8f9560c95&amp;badge=0&amp;autopause=0&amp;player_id=0&amp;app_id=58479\" frameborder=\"0\" allow=\"autoplay; fullscreen; picture-in-picture\" allowfullscreen=\"\" style=\"position:absolute;top:0;left:0;width:100%;height:100%;\" title=\"Raufoss Prorack - H&amp;Oslash;ST 2022\"><\/iframe><\/div><script src=\"https:\/\/player.vimeo.com\/api\/player.js\"><\/script>\n\n\n\n<div style=\"height:10px\" aria-hidden=\"true\" class=\"wp-block-spacer\"><\/div>\n\n\n\n\n\n<\/div><\/div><\/div>\n<\/div>\n<\/div><\/div>\n\n<div class=\"gb-container gb-container-1b433fa4 alignfull\"><div class=\"gb-inside-container\">\n<div class=\"gb-grid-wrapper gb-grid-wrapper-5d2ca87a\">\n<div class=\"gb-grid-column gb-grid-column-7c87860d\"><div class=\"gb-container gb-container-7c87860d\"><div class=\"gb-inside-container\">\n\n<h2 class=\"gb-headline gb-headline-1ae66918 gb-headline-text\">ProRack veggpaneler<\/h2>\n\n\n\n<p>Raufoss ProRack veggpaneler er et byggesystem som gj\u00f8r det enkelt \u00e5 henge opp, og omstrukturere oppheng av oppbevaringsenheter p\u00e5 vegg.<\/p>\n\n\n\n<p>I rom som skal innredes med Raufoss ProRack monteres f\u00f8rst rackpaneler p\u00e5 veggene. Panelprogrammet gj\u00f8r det enkelt \u00e5 \u201cbygge rundt\u201d fastmontert utstyr som brannslukkningsapparater, lysbrytere o.l.<\/p>\n\n\n\n<p>-N\u00e5r rackpaneler er satt opp, kan ProRack utstyret (v\u00e5penholdere, utstyrsbokser, hyller osv.) plasseres fritt. Utstyret kan ogs\u00e5 enkelt flyttes for \u00e5 tilpasse til nye brukere eller behov.<\/p>\n\n\n\n<p>Kontakt Raufoss Engineering for bistand med panelvalg.<\/p>\n\n<\/div><\/div><\/div>\n\n<div class=\"gb-grid-column gb-grid-column-d3aff83c\"><div class=\"gb-container gb-container-d3aff83c\"><div class=\"gb-inside-container\">\n\n<h2 class=\"gb-headline gb-headline-7e61b7c5 gb-headline-text\">Panelprogram<\/h2>\n\n\n\n<table id=\"tablepress-4\" class=\"tablepress tablepress-id-4\">\n<thead>\n<tr class=\"row-1\">\n\t<th class=\"column-1\">Panelmodell<\/th><th class=\"column-2\">Varenummer<\/th>\n<\/tr>\n<\/thead>\n<tbody class=\"row-striping row-hover\">\n<tr class=\"row-2\">\n\t<td class=\"column-1\">Rackpanel H165 B60<\/td><td class=\"column-2\">800011<\/td>\n<\/tr>\n<tr class=\"row-3\">\n\t<td class=\"column-1\">Rackpanel H165 B50<\/td><td class=\"column-2\">801011<\/td>\n<\/tr>\n<tr class=\"row-4\">\n\t<td class=\"column-1\">Rackpanel H165 B30<\/td><td class=\"column-2\">802011<\/td>\n<\/tr>\n<tr class=\"row-5\">\n\t<td class=\"column-1\">Rackpanel H82 B60<\/td><td class=\"column-2\">800034<\/td>\n<\/tr>\n<tr class=\"row-6\">\n\t<td class=\"column-1\">Rackpanel H82 B50<\/td><td class=\"column-2\">801021<\/td>\n<\/tr>\n<tr class=\"row-7\">\n\t<td class=\"column-1\">Rackpanel H82 B30<\/td><td class=\"column-2\">802021<\/td>\n<\/tr>\n<tr class=\"row-8\">\n\t<td class=\"column-1\">Rackpanel H50 B50<\/td><td class=\"column-2\">800032<\/td>\n<\/tr>\n<tr class=\"row-9\">\n\t<td class=\"column-1\">Rackpanel H50 B30<\/td><td class=\"column-2\">800033<\/td>\n<\/tr>\n<tr class=\"row-10\">\n\t<td class=\"column-1\">Rackpanel H30 B50<\/td><td class=\"column-2\">801031<\/td>\n<\/tr>\n<tr class=\"row-11\">\n\t<td class=\"column-1\">Rackpanel H30 B30<\/td><td class=\"column-2\">802031<\/td>\n<\/tr>\n<\/tbody>\n<\/table>\n<!-- #tablepress-4 from cache -->\n\n\n<p>Spesialpaneler leveres p\u00e5 bestilling<\/p>\n\n<\/div><\/div><\/div>\n\n<div class=\"gb-grid-column gb-grid-column-9c7aec11\"><div class=\"gb-container gb-container-9c7aec11\"><div class=\"gb-inside-container\">\n\n<h2 class=\"gb-headline gb-headline-54b256f5 gb-headline-text\">ProRack enkeltst\u00e5ende vegger<\/h2>\n\n\n\n<p>I rom hvor det ikke er nok veggplass, har vi enkeltst\u00e5ende ProRack vegger som kan benyttes. P\u00e5 gulvst\u00e5ende veggene kan det henges utstyr p\u00e5 begge sider. Dermed kan man benytte fri plass i rommet maksimalt<\/p>\n\n\n\n<p>Veggen kan bygges i \u00f8nsket st\u00f8rrelse.<\/p>\n\n\n<div class=\"gb-button-wrapper gb-button-wrapper-f7d826ce\">\n\n<a class=\"gb-button gb-button-82528e7e iconright ikonsirkelsvart\" href=\"https:\/\/raufoss.no\/wp-content\/uploads\/Raufoss-ProRack-brochure.pdf\" target=\"_blank\" rel=\"noopener noreferrer\"><span class=\"gb-button-text\">Last ned brosjyre i PDF<\/span><span class=\"gb-icon\"><svg viewBox=\"0 0 16 16\" class=\"bi bi-arrow-down\" fill=\"currentColor\" height=\"16\" width=\"16\" xmlns=\"http:\/\/www.w3.org\/2000\/svg\">   <path d=\"M8 1a.5.5 0 0 1 .5.5v11.793l3.146-3.147a.5.5 0 0 1 .708.708l-4 4a.5.5 0 0 1-.708 0l-4-4a.5.5 0 0 1 .708-.708L7.5 13.293V1.5A.5.5 0 0 1 8 1z\" fill-rule=\"evenodd\"><\/path> <\/svg><\/span><\/a>\n\n<\/div>\n<\/div><\/div><\/div>\n<\/div>\n\n\n<div style=\"height:4.5em\" aria-hidden=\"true\" class=\"wp-block-spacer\"><\/div>\n\n<\/div><\/div>","protected":false},"excerpt":{"rendered":"","protected":false},"author":1,"featured_media":16301,"parent":16715,"menu_order":0,"comment_status":"closed","ping_status":"closed","template":"","meta":{"footnotes":""},"class_list":["post-16719","page","type-page","status-publish","has-post-thumbnail"],"yoast_head":"<!-- This site is optimized with the Yoast SEO plugin v27.3 - https:\/\/yoast.com\/product\/yoast-seo-wordpress\/ -->\n<title>Raufoss Engineering AS<\/title>\n<meta name=\"description\" content=\"Raufoss Engineering AS er i dag ledende leverand\u00f8r av v\u00e5penskap og v\u00e5pensikring i Norge.\" \/>\n<meta name=\"robots\" content=\"index, follow, max-snippet:-1, max-image-preview:large, max-video-preview:-1\" \/>\n<link rel=\"canonical\" href=\"https:\/\/raufoss.no\/sikringssystemer\/raufoss-prorack-systeminnredning\/prorack-panel\/\" \/>\n<meta property=\"og:locale\" content=\"en_US\" \/>\n<meta property=\"og:type\" content=\"article\" \/>\n<meta property=\"og:title\" content=\"Raufoss Engineering AS\" \/>\n<meta property=\"og:description\" content=\"Raufoss Engineering AS er i dag ledende leverand\u00f8r av v\u00e5penskap og v\u00e5pensikring i Norge.\" \/>\n<meta property=\"og:url\" content=\"https:\/\/raufoss.no\/sikringssystemer\/raufoss-prorack-systeminnredning\/prorack-panel\/\" \/>\n<meta property=\"og:site_name\" content=\"Raufoss Engineering AS\" \/>\n<meta property=\"article:publisher\" content=\"https:\/\/www.facebook.com\/raufossvapenskap\" \/>\n<meta property=\"article:modified_time\" content=\"2023-08-28T08:26:40+00:00\" \/>\n<meta property=\"og:image\" content=\"https:\/\/raufoss.no\/wp-content\/uploads\/hero.jpg\" \/>\n\t<meta property=\"og:image:width\" content=\"1920\" \/>\n\t<meta property=\"og:image:height\" content=\"1080\" \/>\n\t<meta property=\"og:image:type\" content=\"image\/jpeg\" \/>\n<meta name=\"twitter:card\" content=\"summary_large_image\" \/>\n<meta name=\"twitter:label1\" content=\"Est. reading time\" \/>\n\t<meta name=\"twitter:data1\" content=\"1 minute\" \/>\n<script type=\"application\/ld+json\" class=\"yoast-schema-graph\">{\"@context\":\"https:\\\/\\\/schema.org\",\"@graph\":[{\"@type\":\"WebPage\",\"@id\":\"https:\\\/\\\/raufoss.no\\\/sikringssystemer\\\/raufoss-prorack-systeminnredning\\\/prorack-panel\\\/\",\"url\":\"https:\\\/\\\/raufoss.no\\\/sikringssystemer\\\/raufoss-prorack-systeminnredning\\\/prorack-panel\\\/\",\"name\":\"Raufoss Engineering AS\",\"isPartOf\":{\"@id\":\"https:\\\/\\\/raufoss.no\\\/#website\"},\"primaryImageOfPage\":{\"@id\":\"https:\\\/\\\/raufoss.no\\\/sikringssystemer\\\/raufoss-prorack-systeminnredning\\\/prorack-panel\\\/#primaryimage\"},\"image\":{\"@id\":\"https:\\\/\\\/raufoss.no\\\/sikringssystemer\\\/raufoss-prorack-systeminnredning\\\/prorack-panel\\\/#primaryimage\"},\"thumbnailUrl\":\"https:\\\/\\\/raufoss.no\\\/wp-content\\\/uploads\\\/hero.jpg\",\"datePublished\":\"2022-05-02T06:52:35+00:00\",\"dateModified\":\"2023-08-28T08:26:40+00:00\",\"description\":\"Raufoss Engineering AS er i dag ledende leverand\u00f8r av v\u00e5penskap og v\u00e5pensikring i Norge.\",\"breadcrumb\":{\"@id\":\"https:\\\/\\\/raufoss.no\\\/sikringssystemer\\\/raufoss-prorack-systeminnredning\\\/prorack-panel\\\/#breadcrumb\"},\"inLanguage\":\"en-US\",\"potentialAction\":[{\"@type\":\"ReadAction\",\"target\":[\"https:\\\/\\\/raufoss.no\\\/sikringssystemer\\\/raufoss-prorack-systeminnredning\\\/prorack-panel\\\/\"]}]},{\"@type\":\"ImageObject\",\"inLanguage\":\"en-US\",\"@id\":\"https:\\\/\\\/raufoss.no\\\/sikringssystemer\\\/raufoss-prorack-systeminnredning\\\/prorack-panel\\\/#primaryimage\",\"url\":\"https:\\\/\\\/raufoss.no\\\/wp-content\\\/uploads\\\/hero.jpg\",\"contentUrl\":\"https:\\\/\\\/raufoss.no\\\/wp-content\\\/uploads\\\/hero.jpg\",\"width\":1920,\"height\":1080},{\"@type\":\"BreadcrumbList\",\"@id\":\"https:\\\/\\\/raufoss.no\\\/sikringssystemer\\\/raufoss-prorack-systeminnredning\\\/prorack-panel\\\/#breadcrumb\",\"itemListElement\":[{\"@type\":\"ListItem\",\"position\":1,\"name\":\"Home\",\"item\":\"https:\\\/\\\/raufoss.no\\\/\"},{\"@type\":\"ListItem\",\"position\":2,\"name\":\"Weapon Storage\",\"item\":\"https:\\\/\\\/raufoss.no\\\/sikringssystemer\\\/\"},{\"@type\":\"ListItem\",\"position\":3,\"name\":\"Raufoss ProRack\",\"item\":\"https:\\\/\\\/raufoss.no\\\/sikringssystemer\\\/raufoss-prorack-systeminnredning\\\/\"},{\"@type\":\"ListItem\",\"position\":4,\"name\":\"ProRack Panel\"}]},{\"@type\":\"WebSite\",\"@id\":\"https:\\\/\\\/raufoss.no\\\/#website\",\"url\":\"https:\\\/\\\/raufoss.no\\\/\",\"name\":\"Raufoss Engineering AS\",\"description\":\"Raufoss Engineering AS er i dag ledende leverand\u00f8r av v\u00e5penskap og v\u00e5pensikring i Norge.\",\"publisher\":{\"@id\":\"https:\\\/\\\/raufoss.no\\\/#organization\"},\"potentialAction\":[{\"@type\":\"SearchAction\",\"target\":{\"@type\":\"EntryPoint\",\"urlTemplate\":\"https:\\\/\\\/raufoss.no\\\/?s={search_term_string}\"},\"query-input\":{\"@type\":\"PropertyValueSpecification\",\"valueRequired\":true,\"valueName\":\"search_term_string\"}}],\"inLanguage\":\"en-US\"},{\"@type\":\"Organization\",\"@id\":\"https:\\\/\\\/raufoss.no\\\/#organization\",\"name\":\"Raufoss Engineering AS\",\"url\":\"https:\\\/\\\/raufoss.no\\\/\",\"logo\":{\"@type\":\"ImageObject\",\"inLanguage\":\"en-US\",\"@id\":\"https:\\\/\\\/raufoss.no\\\/#\\\/schema\\\/logo\\\/image\\\/\",\"url\":\"https:\\\/\\\/raufoss.no\\\/wp-content\\\/uploads\\\/Raufoss_LOGO_svart.svg\",\"contentUrl\":\"https:\\\/\\\/raufoss.no\\\/wp-content\\\/uploads\\\/Raufoss_LOGO_svart.svg\",\"width\":180,\"height\":42,\"caption\":\"Raufoss Engineering AS\"},\"image\":{\"@id\":\"https:\\\/\\\/raufoss.no\\\/#\\\/schema\\\/logo\\\/image\\\/\"},\"sameAs\":[\"https:\\\/\\\/www.facebook.com\\\/raufossvapenskap\"]}]}<\/script>\n<!-- \/ Yoast SEO plugin. -->","yoast_head_json":{"title":"Raufoss Engineering AS","description":"Raufoss Engineering AS er i dag ledende leverand\u00f8r av v\u00e5penskap og v\u00e5pensikring i Norge.","robots":{"index":"index","follow":"follow","max-snippet":"max-snippet:-1","max-image-preview":"max-image-preview:large","max-video-preview":"max-video-preview:-1"},"canonical":"https:\/\/raufoss.no\/sikringssystemer\/raufoss-prorack-systeminnredning\/prorack-panel\/","og_locale":"en_US","og_type":"article","og_title":"Raufoss Engineering AS","og_description":"Raufoss Engineering AS er i dag ledende leverand\u00f8r av v\u00e5penskap og v\u00e5pensikring i Norge.","og_url":"https:\/\/raufoss.no\/sikringssystemer\/raufoss-prorack-systeminnredning\/prorack-panel\/","og_site_name":"Raufoss Engineering AS","article_publisher":"https:\/\/www.facebook.com\/raufossvapenskap","article_modified_time":"2023-08-28T08:26:40+00:00","og_image":[{"width":1920,"height":1080,"url":"https:\/\/raufoss.no\/wp-content\/uploads\/hero.jpg","type":"image\/jpeg"}],"twitter_card":"summary_large_image","twitter_misc":{"Est. reading time":"1 minute"},"schema":{"@context":"https:\/\/schema.org","@graph":[{"@type":"WebPage","@id":"https:\/\/raufoss.no\/sikringssystemer\/raufoss-prorack-systeminnredning\/prorack-panel\/","url":"https:\/\/raufoss.no\/sikringssystemer\/raufoss-prorack-systeminnredning\/prorack-panel\/","name":"Raufoss Engineering AS","isPartOf":{"@id":"https:\/\/raufoss.no\/#website"},"primaryImageOfPage":{"@id":"https:\/\/raufoss.no\/sikringssystemer\/raufoss-prorack-systeminnredning\/prorack-panel\/#primaryimage"},"image":{"@id":"https:\/\/raufoss.no\/sikringssystemer\/raufoss-prorack-systeminnredning\/prorack-panel\/#primaryimage"},"thumbnailUrl":"https:\/\/raufoss.no\/wp-content\/uploads\/hero.jpg","datePublished":"2022-05-02T06:52:35+00:00","dateModified":"2023-08-28T08:26:40+00:00","description":"Raufoss Engineering AS er i dag ledende leverand\u00f8r av v\u00e5penskap og v\u00e5pensikring i Norge.","breadcrumb":{"@id":"https:\/\/raufoss.no\/sikringssystemer\/raufoss-prorack-systeminnredning\/prorack-panel\/#breadcrumb"},"inLanguage":"en-US","potentialAction":[{"@type":"ReadAction","target":["https:\/\/raufoss.no\/sikringssystemer\/raufoss-prorack-systeminnredning\/prorack-panel\/"]}]},{"@type":"ImageObject","inLanguage":"en-US","@id":"https:\/\/raufoss.no\/sikringssystemer\/raufoss-prorack-systeminnredning\/prorack-panel\/#primaryimage","url":"https:\/\/raufoss.no\/wp-content\/uploads\/hero.jpg","contentUrl":"https:\/\/raufoss.no\/wp-content\/uploads\/hero.jpg","width":1920,"height":1080},{"@type":"BreadcrumbList","@id":"https:\/\/raufoss.no\/sikringssystemer\/raufoss-prorack-systeminnredning\/prorack-panel\/#breadcrumb","itemListElement":[{"@type":"ListItem","position":1,"name":"Home","item":"https:\/\/raufoss.no\/"},{"@type":"ListItem","position":2,"name":"Weapon Storage","item":"https:\/\/raufoss.no\/sikringssystemer\/"},{"@type":"ListItem","position":3,"name":"Raufoss ProRack","item":"https:\/\/raufoss.no\/sikringssystemer\/raufoss-prorack-systeminnredning\/"},{"@type":"ListItem","position":4,"name":"ProRack Panel"}]},{"@type":"WebSite","@id":"https:\/\/raufoss.no\/#website","url":"https:\/\/raufoss.no\/","name":"Raufoss Engineering AS","description":"Raufoss Engineering AS er i dag ledende leverand\u00f8r av v\u00e5penskap og v\u00e5pensikring i Norge.","publisher":{"@id":"https:\/\/raufoss.no\/#organization"},"potentialAction":[{"@type":"SearchAction","target":{"@type":"EntryPoint","urlTemplate":"https:\/\/raufoss.no\/?s={search_term_string}"},"query-input":{"@type":"PropertyValueSpecification","valueRequired":true,"valueName":"search_term_string"}}],"inLanguage":"en-US"},{"@type":"Organization","@id":"https:\/\/raufoss.no\/#organization","name":"Raufoss Engineering AS","url":"https:\/\/raufoss.no\/","logo":{"@type":"ImageObject","inLanguage":"en-US","@id":"https:\/\/raufoss.no\/#\/schema\/logo\/image\/","url":"https:\/\/raufoss.no\/wp-content\/uploads\/Raufoss_LOGO_svart.svg","contentUrl":"https:\/\/raufoss.no\/wp-content\/uploads\/Raufoss_LOGO_svart.svg","width":180,"height":42,"caption":"Raufoss Engineering AS"},"image":{"@id":"https:\/\/raufoss.no\/#\/schema\/logo\/image\/"},"sameAs":["https:\/\/www.facebook.com\/raufossvapenskap"]}]}},"_links":{"self":[{"href":"https:\/\/raufoss.no\/en\/wp-json\/wp\/v2\/pages\/16719","targetHints":{"allow":["GET"]}}],"collection":[{"href":"https:\/\/raufoss.no\/en\/wp-json\/wp\/v2\/pages"}],"about":[{"href":"https:\/\/raufoss.no\/en\/wp-json\/wp\/v2\/types\/page"}],"author":[{"embeddable":true,"href":"https:\/\/raufoss.no\/en\/wp-json\/wp\/v2\/users\/1"}],"replies":[{"embeddable":true,"href":"https:\/\/raufoss.no\/en\/wp-json\/wp\/v2\/comments?post=16719"}],"version-history":[{"count":5,"href":"https:\/\/raufoss.no\/en\/wp-json\/wp\/v2\/pages\/16719\/revisions"}],"predecessor-version":[{"id":17548,"href":"https:\/\/raufoss.no\/en\/wp-json\/wp\/v2\/pages\/16719\/revisions\/17548"}],"up":[{"embeddable":true,"href":"https:\/\/raufoss.no\/en\/wp-json\/wp\/v2\/pages\/16715"}],"wp:featuredmedia":[{"embeddable":true,"href":"https:\/\/raufoss.no\/en\/wp-json\/wp\/v2\/media\/16301"}],"wp:attachment":[{"href":"https:\/\/raufoss.no\/en\/wp-json\/wp\/v2\/media?parent=16719"}],"curies":[{"name":"wp","href":"https:\/\/api.w.org\/{rel}","templated":true}]}}