{"id":16710,"date":"2022-03-30T15:09:47","date_gmt":"2022-03-30T13:09:47","guid":{"rendered":"https:\/\/raufoss.no\/sikringssystemer\/"},"modified":"2023-11-08T09:18:03","modified_gmt":"2023-11-08T08:18:03","slug":"weapon-storage","status":"publish","type":"page","link":"https:\/\/raufoss.no\/en\/weapon-storage\/","title":{"rendered":"Weapon Storage"},"content":{"rendered":"<div class=\"gb-container gb-container-26e209ae\"><div class=\"gb-inside-container\">\n<div class=\"gb-grid-wrapper gb-grid-wrapper-21639b7b\">\n<div class=\"gb-grid-column gb-grid-column-89780247\"><div class=\"gb-container gb-container-89780247\"><div class=\"gb-inside-container\">\n\n<h1 class=\"gb-headline gb-headline-bc7c17fa gb-headline-text\">Weapon storage<br><span class=\"tynnheading\">for military and law enforcement<\/span><\/h1>\n\n<\/div><\/div><\/div>\n<\/div>\n<\/div><\/div>\n\n<div class=\"gb-container gb-container-286d17dd alignfull\"><div class=\"gb-inside-container\">\n<div class=\"gb-grid-wrapper gb-grid-wrapper-0d70b225\">\n<div class=\"gb-grid-column gb-grid-column-c36191e1\"><div class=\"gb-container gb-container-c36191e1\"><div class=\"gb-inside-container\">\n\n<h2 class=\"gb-headline gb-headline-f0f2cd1f gb-headline-text\">Raufoss Weapon Storage is a modular storage system, tailored for professional users. The system can easily be adapted to changes in needs by moving or complementing with new units. Thus, the lifespan will be extensive.<\/h2>\n\n\n\n<h2 class=\"gb-headline gb-headline-ee3a3048 gb-headline-text\">With our system, you will be guaranteed a full overview, orderly\/organized storage, and secure storage of weapons and equipment.<\/h2>\n\n\n\n<p><\/p>\n\n\n\n<div style=\"height:4em\" aria-hidden=\"true\" class=\"wp-block-spacer\"><\/div>\n\n\n\n<p class=\"gb-headline gb-headline-40ae8317 gb-headline-text lineleft\">The weapons storage system has been developed in collaboration with the Norwegian Armed Forces Logistics Organization and is now being installed at military bases all over the country. It is designed for all types of personal soldier weapons, from pistols and assault rifles to heavy machine guns.<\/p>\n\n<\/div><\/div><\/div>\n\n<div class=\"gb-grid-column gb-grid-column-c4de4202\"><div class=\"gb-container gb-container-c4de4202\"><div class=\"gb-inside-container\">\n\n<div style=\"padding:56.25% 0 0 0;position:relative;\"><iframe src=\"https:\/\/player.vimeo.com\/video\/751558290?h=f8f9560c95&amp;badge=0&amp;autopause=0&amp;quality_selector=1&amp;player_id=0&amp;app_id=58479\" frameborder=\"0\" allow=\"autoplay; fullscreen; picture-in-picture\" style=\"position:absolute;top:0;left:0;width:100%;height:100%;\" title=\"Raufoss Prorack - Q4-23\"><\/iframe><\/div><script src=\"https:\/\/player.vimeo.com\/api\/player.js\"><\/script>\n\n<\/div><\/div><\/div>\n<\/div>\n<\/div><\/div>\n\n<div class=\"gb-container gb-container-71118fe5\"><div class=\"gb-inside-container\">\n<div class=\"gb-grid-wrapper gb-grid-wrapper-da79b785\">\n<div class=\"gb-grid-column gb-grid-column-21059fda\"><div class=\"gb-container gb-container-21059fda\"><div class=\"gb-inside-container\">\n\n<h2 class=\"gb-headline gb-headline-990b12aa gb-headline-text\">How it works<\/h2>\n\n<\/div><\/div><\/div>\n\n<div class=\"gb-grid-column gb-grid-column-c70fab48\"><div class=\"gb-container gb-container-c70fab48\"><div class=\"gb-inside-container\">\n<div class=\"gb-grid-wrapper gb-grid-wrapper-d5dc75fc\">\n<div class=\"gb-grid-column gb-grid-column-b8d97983\"><div class=\"gb-container gb-container-b8d97983\"><div class=\"gb-inside-container\">\n\n<p class=\"gb-headline gb-headline-4aa85d2a\"><span class=\"gb-icon\"><svg viewBox=\"0 0 16 16\" class=\"bi bi-1-circle-fill\" fill=\"currentColor\" height=\"16\" width=\"16\" xmlns=\"http:\/\/www.w3.org\/2000\/svg\">   <path d=\"M16 8A8 8 0 1 1 0 8a8 8 0 0 1 16 0ZM9.283 4.002V12H7.971V5.338h-.065L6.072 6.656V5.385l1.899-1.383h1.312Z\" fill-rule=\"evenodd\"><\/path> <\/svg><\/span><span class=\"gb-headline-text\">Raufoss ProRack panel can be mounted onto walls, in a cabinet, on a trolley, or in a container<\/span><\/p>\n\n\n\n\n\n<\/div><\/div><\/div>\n\n<div class=\"gb-grid-column gb-grid-column-dd139a78\"><div class=\"gb-container gb-container-dd139a78\"><div class=\"gb-inside-container\">\n\n<p class=\"gb-headline gb-headline-8a287927\"><span class=\"gb-icon\"><svg viewBox=\"0 0 16 16\" class=\"bi bi-2-circle-fill\" fill=\"currentColor\" height=\"16\" width=\"16\" xmlns=\"http:\/\/www.w3.org\/2000\/svg\">   <path d=\"M16 8A8 8 0 1 1 0 8a8 8 0 0 1 16 0ZM6.646 6.24c0-.691.493-1.306 1.336-1.306.756 0 1.313.492 1.313 1.236 0 .697-.469 1.23-.902 1.705l-2.971 3.293V12h5.344v-1.107H7.268v-.077l1.974-2.22.096-.107c.688-.763 1.287-1.428 1.287-2.43 0-1.266-1.031-2.215-2.613-2.215-1.758 0-2.637 1.19-2.637 2.402v.065h1.271v-.07Z\"><\/path> <\/svg><\/span><span class=\"gb-headline-text\">Choose storage and safety solutions that cover your needs<\/span><\/p>\n\n\n\n\n\n<\/div><\/div><\/div>\n\n<div class=\"gb-grid-column gb-grid-column-6305ad54\"><div class=\"gb-container gb-container-6305ad54\"><div class=\"gb-inside-container\">\n\n<p class=\"gb-headline gb-headline-aa50bdfd\"><span class=\"gb-icon\"><svg viewBox=\"0 0 16 16\" class=\"bi bi-3-circle-fill\" fill=\"currentColor\" height=\"16\" width=\"16\" xmlns=\"http:\/\/www.w3.org\/2000\/svg\">   <path d=\"M16 8A8 8 0 1 1 0 8a8 8 0 0 1 16 0Zm-8.082.414c.92 0 1.535.54 1.541 1.318.012.791-.615 1.36-1.588 1.354-.861-.006-1.482-.469-1.54-1.066H5.104c.047 1.177 1.05 2.144 2.754 2.144 1.653 0 2.954-.937 2.93-2.396-.023-1.278-1.031-1.846-1.734-1.916v-.07c.597-.1 1.505-.739 1.482-1.876-.03-1.177-1.043-2.074-2.637-2.062-1.675.006-2.59.984-2.625 2.12h1.248c.036-.556.557-1.054 1.348-1.054.785 0 1.348.486 1.348 1.195.006.715-.563 1.237-1.342 1.237h-.838v1.072h.879Z\"><\/path> <\/svg><\/span><span class=\"gb-headline-text\">The system can easily be adapted to changes in needs by moving or complementing with new units\/components<\/span><\/p>\n\n\n\n\n\n<\/div><\/div><\/div>\n<\/div>\n<\/div><\/div><\/div>\n<\/div>\n\n<div class=\"gb-button-wrapper gb-button-wrapper-f7d826ce\">\n\n<a class=\"gb-button gb-button-82528e7e iconright ikonsirkelsvart\" href=\"https:\/\/raufoss.no\/wp-content\/uploads\/Raufoss-ProRack-brochure.pdf\" target=\"_blank\" rel=\"noopener noreferrer\"><span class=\"gb-button-text\">Download brochure<\/span><span class=\"gb-icon\"><svg viewBox=\"0 0 16 16\" class=\"bi bi-arrow-down\" fill=\"currentColor\" height=\"16\" width=\"16\" xmlns=\"http:\/\/www.w3.org\/2000\/svg\">   <path d=\"M8 1a.5.5 0 0 1 .5.5v11.793l3.146-3.147a.5.5 0 0 1 .708.708l-4 4a.5.5 0 0 1-.708 0l-4-4a.5.5 0 0 1 .708-.708L7.5 13.293V1.5A.5.5 0 0 1 8 1z\" fill-rule=\"evenodd\"><\/path> <\/svg><\/span><\/a>\n\n<\/div>\n<\/div><\/div>\n\n<div class=\"gb-container gb-container-4c196823 alignfull\"><div class=\"gb-inside-container\">\n<div class=\"gb-grid-wrapper gb-grid-wrapper-df8a91df\">\n<div class=\"gb-grid-column gb-grid-column-94947654\"><div class=\"gb-container gb-container-94947654\"><a class=\"gb-container-link\" href=\"\/en\/weapon-storage\/raufoss-prorack\/\"><\/a><div class=\"gb-inside-container\">\n\n<h2 class=\"gb-headline gb-headline-2a05139d gb-headline-text\">Raufoss ProRack<\/h2>\n\n\n\n<p class=\"has-base-3-color has-text-color\">Storage units with individual locking\/where individual locks are required<\/p>\n\n\n\n<figure class=\"wp-block-image size-large is-resized\"><a href=\"raufoss-prorack-systeminnredning\"><img loading=\"lazy\" decoding=\"async\" width=\"1024\" height=\"576\" src=\"https:\/\/raufoss.no\/wp-content\/uploads\/\/Panelvegg_vapensikring_1910-1024x576.jpg\" alt=\"\" class=\"wp-image-15534\" style=\"width:403px;height:226px\" srcset=\"https:\/\/raufoss.no\/wp-content\/uploads\/Panelvegg_vapensikring_1910-1024x576.jpg 1024w, https:\/\/raufoss.no\/wp-content\/uploads\/Panelvegg_vapensikring_1910-300x169.jpg 300w, https:\/\/raufoss.no\/wp-content\/uploads\/Panelvegg_vapensikring_1910-768x432.jpg 768w, https:\/\/raufoss.no\/wp-content\/uploads\/Panelvegg_vapensikring_1910-1536x864.jpg 1536w, https:\/\/raufoss.no\/wp-content\/uploads\/Panelvegg_vapensikring_1910-600x338.jpg 600w, https:\/\/raufoss.no\/wp-content\/uploads\/Panelvegg_vapensikring_1910.jpg 1920w\" sizes=\"auto, (max-width: 1024px) 100vw, 1024px\" \/><\/a><\/figure>\n\n<\/div><\/div><\/div>\n\n<div class=\"gb-grid-column gb-grid-column-6921fb57\"><div class=\"gb-container gb-container-6921fb57\"><a class=\"gb-container-link\" href=\"\/en\/weapon-storage\/\"><\/a><div class=\"gb-inside-container\">\n\n<h2 class=\"gb-headline gb-headline-c19875f2 gb-headline-text\">Armoury<\/h2>\n\n\n\n<p class=\"has-base-3-color has-text-color\">Storage for support weapons where individual locking is not required<\/p>\n\n\n\n<figure class=\"gb-block-image gb-block-image-f175e732\"><a href=\"raufoss-brakettprogram\"><img loading=\"lazy\" decoding=\"async\" width=\"1920\" height=\"1080\" class=\"gb-image gb-image-f175e732\" src=\"https:\/\/raufoss.no\/wp-content\/uploads\/paneloy_vapensikring_1910.jpg\" alt=\"\" title=\"paneloy_vapensikring_1910\" srcset=\"https:\/\/raufoss.no\/wp-content\/uploads\/paneloy_vapensikring_1910.jpg 1920w, https:\/\/raufoss.no\/wp-content\/uploads\/paneloy_vapensikring_1910-300x169.jpg 300w, https:\/\/raufoss.no\/wp-content\/uploads\/paneloy_vapensikring_1910-1024x576.jpg 1024w, https:\/\/raufoss.no\/wp-content\/uploads\/paneloy_vapensikring_1910-768x432.jpg 768w, https:\/\/raufoss.no\/wp-content\/uploads\/paneloy_vapensikring_1910-1536x864.jpg 1536w, https:\/\/raufoss.no\/wp-content\/uploads\/paneloy_vapensikring_1910-600x338.jpg 600w\" sizes=\"auto, (max-width: 1920px) 100vw, 1920px\" \/><\/a><\/figure>\n\n<\/div><\/div><\/div>\n<\/div>\n\n<div class=\"gb-container gb-container-58a4a1ef\"><div class=\"gb-inside-container\">\n<div class=\"gb-grid-wrapper gb-grid-wrapper-210df109\">\n<div class=\"gb-grid-column gb-grid-column-ae9cebb0\"><div class=\"gb-container gb-container-ae9cebb0\"><a class=\"gb-container-link\" href=\"\/en\/weapon-storage\/safety-cabinets\/\"><\/a><div class=\"gb-inside-container\">\n\n<h3 class=\"gb-headline gb-headline-5780e3a5 gb-headline-text\">Safety Cabinets<\/h3>\n\n\n\n\n\n<\/div><\/div><\/div>\n\n<div class=\"gb-grid-column gb-grid-column-93f13738\"><div class=\"gb-container gb-container-93f13738\"><a class=\"gb-container-link\" href=\"\/en\/weapon-storage\/weapon-storage-for-vehicles\/\"><\/a><div class=\"gb-inside-container\">\n\n<h3 class=\"gb-headline gb-headline-94af8bc7 gb-headline-text\">Weapon Storage for vehicles<\/h3>\n\n\n\n\n\n<\/div><\/div><\/div>\n\n<div class=\"gb-grid-column gb-grid-column-c1a5cdac\"><div class=\"gb-container gb-container-c1a5cdac\"><a class=\"gb-container-link\" href=\"\/en\/weapon-storage\/special-products\/\"><\/a><div class=\"gb-inside-container\">\n\n<h3 class=\"gb-headline gb-headline-4efd619d gb-headline-text\">Special products<\/h3>\n\n\n\n\n\n<\/div><\/div><\/div>\n\n<div class=\"gb-grid-column gb-grid-column-2ed937d2\"><div class=\"gb-container gb-container-2ed937d2\"><div class=\"gb-inside-container\">\n<div class=\"gb-grid-wrapper gb-grid-wrapper-53f04c76\">\n<div class=\"gb-grid-column gb-grid-column-9fca95fe\"><div class=\"gb-container gb-container-9fca95fe\"><div class=\"gb-inside-container\"><\/div><\/div><\/div>\n<\/div>\n<\/div><\/div><\/div>\n<\/div>\n<\/div><\/div>\n<\/div><\/div>\n\n<div class=\"gb-container gb-container-f67507d8 alignfull\"><div class=\"gb-inside-container\">\n<div class=\"gb-button-wrapper gb-button-wrapper-99152dfc\">\n\n<a class=\"gb-button gb-button-05e69790 gb-button-text\" href=\"\/en\/contact\/\">Contact us<\/a>\n\n<\/div>\n<\/div><\/div>","protected":false},"excerpt":{"rendered":"","protected":false},"author":1,"featured_media":16563,"parent":0,"menu_order":0,"comment_status":"closed","ping_status":"closed","template":"","meta":{"footnotes":""},"class_list":["post-16710","page","type-page","status-publish","has-post-thumbnail"],"yoast_head":"<!-- This site is optimized with the Yoast SEO plugin v27.3 - https:\/\/yoast.com\/product\/yoast-seo-wordpress\/ -->\n<title>Raufoss Engineering AS<\/title>\n<meta name=\"description\" content=\"Raufoss Engineering AS er i dag ledende leverand\u00f8r av v\u00e5penskap og v\u00e5pensikring i Norge.\" \/>\n<meta name=\"robots\" content=\"index, follow, max-snippet:-1, max-image-preview:large, max-video-preview:-1\" \/>\n<link rel=\"canonical\" href=\"https:\/\/raufoss.no\/sikringssystemer\/\" \/>\n<meta property=\"og:locale\" content=\"en_US\" \/>\n<meta property=\"og:type\" content=\"article\" \/>\n<meta property=\"og:title\" content=\"Raufoss Engineering AS\" \/>\n<meta property=\"og:description\" content=\"Raufoss Engineering AS er i dag ledende leverand\u00f8r av v\u00e5penskap og v\u00e5pensikring i Norge.\" \/>\n<meta property=\"og:url\" content=\"https:\/\/raufoss.no\/sikringssystemer\/\" \/>\n<meta property=\"og:site_name\" content=\"Raufoss Engineering AS\" \/>\n<meta property=\"article:publisher\" content=\"https:\/\/www.facebook.com\/raufossvapenskap\" \/>\n<meta property=\"article:modified_time\" content=\"2023-11-08T08:18:03+00:00\" \/>\n<meta property=\"og:image\" content=\"https:\/\/raufoss.no\/wp-content\/uploads\/sikringssystemerhero.jpg\" \/>\n\t<meta property=\"og:image:width\" content=\"1920\" \/>\n\t<meta property=\"og:image:height\" content=\"661\" \/>\n\t<meta property=\"og:image:type\" content=\"image\/jpeg\" \/>\n<meta name=\"twitter:card\" content=\"summary_large_image\" \/>\n<meta name=\"twitter:label1\" content=\"Est. reading time\" \/>\n\t<meta name=\"twitter:data1\" content=\"2 minutes\" \/>\n<script type=\"application\/ld+json\" class=\"yoast-schema-graph\">{\"@context\":\"https:\\\/\\\/schema.org\",\"@graph\":[{\"@type\":\"WebPage\",\"@id\":\"https:\\\/\\\/raufoss.no\\\/sikringssystemer\\\/\",\"url\":\"https:\\\/\\\/raufoss.no\\\/sikringssystemer\\\/\",\"name\":\"Raufoss Engineering AS\",\"isPartOf\":{\"@id\":\"https:\\\/\\\/raufoss.no\\\/#website\"},\"primaryImageOfPage\":{\"@id\":\"https:\\\/\\\/raufoss.no\\\/sikringssystemer\\\/#primaryimage\"},\"image\":{\"@id\":\"https:\\\/\\\/raufoss.no\\\/sikringssystemer\\\/#primaryimage\"},\"thumbnailUrl\":\"https:\\\/\\\/raufoss.no\\\/wp-content\\\/uploads\\\/sikringssystemerhero.jpg\",\"datePublished\":\"2022-03-30T13:09:47+00:00\",\"dateModified\":\"2023-11-08T08:18:03+00:00\",\"description\":\"Raufoss Engineering AS er i dag ledende leverand\u00f8r av v\u00e5penskap og v\u00e5pensikring i Norge.\",\"breadcrumb\":{\"@id\":\"https:\\\/\\\/raufoss.no\\\/sikringssystemer\\\/#breadcrumb\"},\"inLanguage\":\"en-US\",\"potentialAction\":[{\"@type\":\"ReadAction\",\"target\":[\"https:\\\/\\\/raufoss.no\\\/sikringssystemer\\\/\"]}]},{\"@type\":\"ImageObject\",\"inLanguage\":\"en-US\",\"@id\":\"https:\\\/\\\/raufoss.no\\\/sikringssystemer\\\/#primaryimage\",\"url\":\"https:\\\/\\\/raufoss.no\\\/wp-content\\\/uploads\\\/sikringssystemerhero.jpg\",\"contentUrl\":\"https:\\\/\\\/raufoss.no\\\/wp-content\\\/uploads\\\/sikringssystemerhero.jpg\",\"width\":1920,\"height\":661},{\"@type\":\"BreadcrumbList\",\"@id\":\"https:\\\/\\\/raufoss.no\\\/sikringssystemer\\\/#breadcrumb\",\"itemListElement\":[{\"@type\":\"ListItem\",\"position\":1,\"name\":\"Home\",\"item\":\"https:\\\/\\\/raufoss.no\\\/\"},{\"@type\":\"ListItem\",\"position\":2,\"name\":\"Weapon Storage\"}]},{\"@type\":\"WebSite\",\"@id\":\"https:\\\/\\\/raufoss.no\\\/#website\",\"url\":\"https:\\\/\\\/raufoss.no\\\/\",\"name\":\"Raufoss Engineering AS\",\"description\":\"Raufoss Engineering AS er i dag ledende leverand\u00f8r av v\u00e5penskap og v\u00e5pensikring i Norge.\",\"publisher\":{\"@id\":\"https:\\\/\\\/raufoss.no\\\/#organization\"},\"potentialAction\":[{\"@type\":\"SearchAction\",\"target\":{\"@type\":\"EntryPoint\",\"urlTemplate\":\"https:\\\/\\\/raufoss.no\\\/?s={search_term_string}\"},\"query-input\":{\"@type\":\"PropertyValueSpecification\",\"valueRequired\":true,\"valueName\":\"search_term_string\"}}],\"inLanguage\":\"en-US\"},{\"@type\":\"Organization\",\"@id\":\"https:\\\/\\\/raufoss.no\\\/#organization\",\"name\":\"Raufoss Engineering AS\",\"url\":\"https:\\\/\\\/raufoss.no\\\/\",\"logo\":{\"@type\":\"ImageObject\",\"inLanguage\":\"en-US\",\"@id\":\"https:\\\/\\\/raufoss.no\\\/#\\\/schema\\\/logo\\\/image\\\/\",\"url\":\"https:\\\/\\\/raufoss.no\\\/wp-content\\\/uploads\\\/Raufoss_LOGO_svart.svg\",\"contentUrl\":\"https:\\\/\\\/raufoss.no\\\/wp-content\\\/uploads\\\/Raufoss_LOGO_svart.svg\",\"width\":180,\"height\":42,\"caption\":\"Raufoss Engineering AS\"},\"image\":{\"@id\":\"https:\\\/\\\/raufoss.no\\\/#\\\/schema\\\/logo\\\/image\\\/\"},\"sameAs\":[\"https:\\\/\\\/www.facebook.com\\\/raufossvapenskap\"]}]}<\/script>\n<!-- \/ Yoast SEO plugin. -->","yoast_head_json":{"title":"Raufoss Engineering AS","description":"Raufoss Engineering AS er i dag ledende leverand\u00f8r av v\u00e5penskap og v\u00e5pensikring i Norge.","robots":{"index":"index","follow":"follow","max-snippet":"max-snippet:-1","max-image-preview":"max-image-preview:large","max-video-preview":"max-video-preview:-1"},"canonical":"https:\/\/raufoss.no\/sikringssystemer\/","og_locale":"en_US","og_type":"article","og_title":"Raufoss Engineering AS","og_description":"Raufoss Engineering AS er i dag ledende leverand\u00f8r av v\u00e5penskap og v\u00e5pensikring i Norge.","og_url":"https:\/\/raufoss.no\/sikringssystemer\/","og_site_name":"Raufoss Engineering AS","article_publisher":"https:\/\/www.facebook.com\/raufossvapenskap","article_modified_time":"2023-11-08T08:18:03+00:00","og_image":[{"width":1920,"height":661,"url":"https:\/\/raufoss.no\/wp-content\/uploads\/sikringssystemerhero.jpg","type":"image\/jpeg"}],"twitter_card":"summary_large_image","twitter_misc":{"Est. reading time":"2 minutes"},"schema":{"@context":"https:\/\/schema.org","@graph":[{"@type":"WebPage","@id":"https:\/\/raufoss.no\/sikringssystemer\/","url":"https:\/\/raufoss.no\/sikringssystemer\/","name":"Raufoss Engineering AS","isPartOf":{"@id":"https:\/\/raufoss.no\/#website"},"primaryImageOfPage":{"@id":"https:\/\/raufoss.no\/sikringssystemer\/#primaryimage"},"image":{"@id":"https:\/\/raufoss.no\/sikringssystemer\/#primaryimage"},"thumbnailUrl":"https:\/\/raufoss.no\/wp-content\/uploads\/sikringssystemerhero.jpg","datePublished":"2022-03-30T13:09:47+00:00","dateModified":"2023-11-08T08:18:03+00:00","description":"Raufoss Engineering AS er i dag ledende leverand\u00f8r av v\u00e5penskap og v\u00e5pensikring i Norge.","breadcrumb":{"@id":"https:\/\/raufoss.no\/sikringssystemer\/#breadcrumb"},"inLanguage":"en-US","potentialAction":[{"@type":"ReadAction","target":["https:\/\/raufoss.no\/sikringssystemer\/"]}]},{"@type":"ImageObject","inLanguage":"en-US","@id":"https:\/\/raufoss.no\/sikringssystemer\/#primaryimage","url":"https:\/\/raufoss.no\/wp-content\/uploads\/sikringssystemerhero.jpg","contentUrl":"https:\/\/raufoss.no\/wp-content\/uploads\/sikringssystemerhero.jpg","width":1920,"height":661},{"@type":"BreadcrumbList","@id":"https:\/\/raufoss.no\/sikringssystemer\/#breadcrumb","itemListElement":[{"@type":"ListItem","position":1,"name":"Home","item":"https:\/\/raufoss.no\/"},{"@type":"ListItem","position":2,"name":"Weapon Storage"}]},{"@type":"WebSite","@id":"https:\/\/raufoss.no\/#website","url":"https:\/\/raufoss.no\/","name":"Raufoss Engineering AS","description":"Raufoss Engineering AS er i dag ledende leverand\u00f8r av v\u00e5penskap og v\u00e5pensikring i Norge.","publisher":{"@id":"https:\/\/raufoss.no\/#organization"},"potentialAction":[{"@type":"SearchAction","target":{"@type":"EntryPoint","urlTemplate":"https:\/\/raufoss.no\/?s={search_term_string}"},"query-input":{"@type":"PropertyValueSpecification","valueRequired":true,"valueName":"search_term_string"}}],"inLanguage":"en-US"},{"@type":"Organization","@id":"https:\/\/raufoss.no\/#organization","name":"Raufoss Engineering AS","url":"https:\/\/raufoss.no\/","logo":{"@type":"ImageObject","inLanguage":"en-US","@id":"https:\/\/raufoss.no\/#\/schema\/logo\/image\/","url":"https:\/\/raufoss.no\/wp-content\/uploads\/Raufoss_LOGO_svart.svg","contentUrl":"https:\/\/raufoss.no\/wp-content\/uploads\/Raufoss_LOGO_svart.svg","width":180,"height":42,"caption":"Raufoss Engineering AS"},"image":{"@id":"https:\/\/raufoss.no\/#\/schema\/logo\/image\/"},"sameAs":["https:\/\/www.facebook.com\/raufossvapenskap"]}]}},"_links":{"self":[{"href":"https:\/\/raufoss.no\/en\/wp-json\/wp\/v2\/pages\/16710","targetHints":{"allow":["GET"]}}],"collection":[{"href":"https:\/\/raufoss.no\/en\/wp-json\/wp\/v2\/pages"}],"about":[{"href":"https:\/\/raufoss.no\/en\/wp-json\/wp\/v2\/types\/page"}],"author":[{"embeddable":true,"href":"https:\/\/raufoss.no\/en\/wp-json\/wp\/v2\/users\/1"}],"replies":[{"embeddable":true,"href":"https:\/\/raufoss.no\/en\/wp-json\/wp\/v2\/comments?post=16710"}],"version-history":[{"count":6,"href":"https:\/\/raufoss.no\/en\/wp-json\/wp\/v2\/pages\/16710\/revisions"}],"predecessor-version":[{"id":17746,"href":"https:\/\/raufoss.no\/en\/wp-json\/wp\/v2\/pages\/16710\/revisions\/17746"}],"wp:featuredmedia":[{"embeddable":true,"href":"https:\/\/raufoss.no\/en\/wp-json\/wp\/v2\/media\/16563"}],"wp:attachment":[{"href":"https:\/\/raufoss.no\/en\/wp-json\/wp\/v2\/media?parent=16710"}],"curies":[{"name":"wp","href":"https:\/\/api.w.org\/{rel}","templated":true}]}}