{"id":16698,"date":"2022-10-12T11:08:01","date_gmt":"2022-10-12T09:08:01","guid":{"rendered":"https:\/\/raufoss.no\/engineering\/evac-ambulanse\/"},"modified":"2023-02-02T11:02:38","modified_gmt":"2023-02-02T10:02:38","slug":"evac-ambulanse","status":"publish","type":"page","link":"https:\/\/raufoss.no\/en\/engineering\/evac-ambulanse\/","title":{"rendered":"EVAC and First Aid Station Vehicles"},"content":{"rendered":"<div class=\"gb-container gb-container-2bba2800\"><div class=\"gb-inside-container\">\n<div class=\"gb-grid-wrapper gb-grid-wrapper-8dc76003\">\n<div class=\"gb-grid-column gb-grid-column-ded62212\"><div class=\"gb-container gb-container-ded62212\"><div class=\"gb-inside-container\">\n\n<h1 class=\"gb-headline gb-headline-045bb2ac gb-headline-text\">EVAC and First Aid Station Vehicles<\/h1>\n\n\n\n<div style=\"height:0px\" aria-hidden=\"true\" class=\"wp-block-spacer\"><\/div>\n\n\n\n<p class=\"gb-headline gb-headline-314983ab gb-headline-text\">As a result of a competitive tender process, Raufoss Engineering AS in collaboration with CHSnor, were commissioned to build 18 ambulances and 9 first aid stations based on H\u00e4gglund&#8217;s BV206 tracked vehicles. The contract was awarded by the Norwegian Defence Materiel Agency (FMA). Raufoss Engineering was responsible for project management, design, and construction of the ambulances and first aid stations.<\/p>\n\n\n\n<p class=\"gb-headline gb-headline-b1f8850c gb-headline-text\">The assignment included dismantling previous equipment in the tracked vehicles, purchasing medical equipment (stretchers, wall modules, heaters, etc.), constructing new special equipment, prototype production, and completing an extensive test program set by FMA. Raufoss Engineering AS also prepared technical documentation, user manuals, etc.<\/p>\n\n\n\n<p class=\"gb-headline gb-headline-600e8608 gb-headline-text\">After the first prototype vehicles had been approved by FMA, CHSnor carried out serial production of the ambulances and first aid stations. CHSnors have great workshop facilities for military vehicles. The project was carried out according to the progress plan, despite Covid-19 restrictions. All tracked vehicles were delivered by July 2021. The assignment shows that Raufoss Engineering can produce special fittings for the Norwegian Armed Forces&#8217; vehicles.<\/p>\n\n\n<div class=\"gb-grid-wrapper gb-grid-wrapper-e848adc2\"><\/div>\n<\/div><\/div><\/div>\n\n<div class=\"gb-grid-column gb-grid-column-f4aaecb3\"><div class=\"gb-container gb-container-f4aaecb3\"><div class=\"gb-inside-container\">\n\n<div style=\"height:142px\" aria-hidden=\"true\" class=\"wp-block-spacer\"><\/div>\n\n\n\n\n\n<\/div><\/div><\/div>\n<\/div>\n<\/div><\/div>\n\n<div class=\"gb-container gb-container-26e209ae\"><div class=\"gb-inside-container\">\n<div class=\"gb-grid-wrapper gb-grid-wrapper-21639b7b\"><\/div>\n<\/div><\/div>\n\n<div class=\"gb-container gb-container-1b433fa4 alignfull\"><div class=\"gb-inside-container\">\n<div class=\"gb-grid-wrapper gb-grid-wrapper-5d2ca87a\">\n<div class=\"gb-grid-column gb-grid-column-7c87860d\"><div class=\"gb-container gb-container-7c87860d\"><div class=\"gb-inside-container\">\n\n<h2 class=\"gb-headline gb-headline-1ae66918 gb-headline-text\">Framework agreement with the Norwegian Armed Forces<\/h2>\n\n\n\n<p>In 2016, Raufoss Engineering AS was awarded a framework agreement contract from The Norwegian Defence Estates Agency`s, for the delivery of interior for weapons depots. The interior is a modular, flexible storage system and is used in military bases all over Norway.<\/p>\n\n<\/div><\/div><\/div>\n\n<div class=\"gb-grid-column gb-grid-column-1e161ef0\"><div class=\"gb-container gb-container-1e161ef0\"><div class=\"gb-inside-container\">\n\n<h2 class=\"gb-headline gb-headline-521bb2bc gb-headline-text\">Meets all requirements<\/h2>\n\n\n\n<p>The weapon storage system was developed by Raufoss Engineering through an R&amp;D contract with the Norwegian Armed Forces&#8217; logistics organization, Program AVA department. The system meets all product and function requirements from Program AVA.<\/p>\n\n<\/div><\/div><\/div>\n\n<div class=\"gb-grid-column gb-grid-column-4205baec\"><div class=\"gb-container gb-container-4205baec\"><div class=\"gb-inside-container\">\n\n<h2 class=\"gb-headline gb-headline-496271d8 gb-headline-text\">Installation<\/h2>\n\n\n\n<p>In addition to developing, producing, and supporting customers in establishing the right storage solutions, Raufoss Engineering has installed the weapon storage system in all military bases within the Norwegian Armed Forces. We have received feedback from both soldiers and the Norwegian Defense Estates Agency that they are very pleased with our solutions, and the quality of our equipment.<\/p>\n\n<\/div><\/div><\/div>\n<\/div>\n\n\n<div style=\"height:4.5em\" aria-hidden=\"true\" class=\"wp-block-spacer\"><\/div>\n\n<\/div><\/div>","protected":false},"excerpt":{"rendered":"","protected":false},"author":3,"featured_media":16301,"parent":16689,"menu_order":0,"comment_status":"closed","ping_status":"closed","template":"","meta":{"footnotes":""},"class_list":["post-16698","page","type-page","status-publish","has-post-thumbnail"],"yoast_head":"<!-- This site is optimized with the Yoast SEO plugin v27.4 - https:\/\/yoast.com\/product\/yoast-seo-wordpress\/ -->\n<title>Raufoss Engineering AS<\/title>\n<meta name=\"description\" content=\"Raufoss Engineering AS er i dag ledende leverand\u00f8r av v\u00e5penskap og v\u00e5pensikring i Norge.\" \/>\n<meta name=\"robots\" content=\"index, follow, max-snippet:-1, max-image-preview:large, max-video-preview:-1\" \/>\n<link rel=\"canonical\" href=\"https:\/\/raufoss.no\/engineering\/evac-ambulanse\/\" \/>\n<meta property=\"og:locale\" content=\"en_US\" \/>\n<meta property=\"og:type\" content=\"article\" \/>\n<meta property=\"og:title\" content=\"Raufoss Engineering AS\" \/>\n<meta property=\"og:description\" content=\"Raufoss Engineering AS er i dag ledende leverand\u00f8r av v\u00e5penskap og v\u00e5pensikring i Norge.\" \/>\n<meta property=\"og:url\" content=\"https:\/\/raufoss.no\/engineering\/evac-ambulanse\/\" \/>\n<meta property=\"og:site_name\" content=\"Raufoss Engineering AS\" \/>\n<meta property=\"article:publisher\" content=\"https:\/\/www.facebook.com\/raufossvapenskap\" \/>\n<meta property=\"article:modified_time\" content=\"2023-02-02T10:02:38+00:00\" \/>\n<meta property=\"og:image\" content=\"https:\/\/raufoss.no\/wp-content\/uploads\/hero.jpg\" \/>\n\t<meta property=\"og:image:width\" content=\"1920\" \/>\n\t<meta property=\"og:image:height\" content=\"1080\" \/>\n\t<meta property=\"og:image:type\" content=\"image\/jpeg\" \/>\n<meta name=\"twitter:card\" content=\"summary_large_image\" \/>\n<meta name=\"twitter:label1\" content=\"Est. reading time\" \/>\n\t<meta name=\"twitter:data1\" content=\"2 minutes\" \/>\n<script type=\"application\/ld+json\" class=\"yoast-schema-graph\">{\"@context\":\"https:\\\/\\\/schema.org\",\"@graph\":[{\"@type\":\"WebPage\",\"@id\":\"https:\\\/\\\/raufoss.no\\\/engineering\\\/evac-ambulanse\\\/\",\"url\":\"https:\\\/\\\/raufoss.no\\\/engineering\\\/evac-ambulanse\\\/\",\"name\":\"Raufoss Engineering AS\",\"isPartOf\":{\"@id\":\"https:\\\/\\\/raufoss.no\\\/#website\"},\"primaryImageOfPage\":{\"@id\":\"https:\\\/\\\/raufoss.no\\\/engineering\\\/evac-ambulanse\\\/#primaryimage\"},\"image\":{\"@id\":\"https:\\\/\\\/raufoss.no\\\/engineering\\\/evac-ambulanse\\\/#primaryimage\"},\"thumbnailUrl\":\"https:\\\/\\\/raufoss.no\\\/wp-content\\\/uploads\\\/hero.jpg\",\"datePublished\":\"2022-10-12T09:08:01+00:00\",\"dateModified\":\"2023-02-02T10:02:38+00:00\",\"description\":\"Raufoss Engineering AS er i dag ledende leverand\u00f8r av v\u00e5penskap og v\u00e5pensikring i Norge.\",\"breadcrumb\":{\"@id\":\"https:\\\/\\\/raufoss.no\\\/engineering\\\/evac-ambulanse\\\/#breadcrumb\"},\"inLanguage\":\"en-US\",\"potentialAction\":[{\"@type\":\"ReadAction\",\"target\":[\"https:\\\/\\\/raufoss.no\\\/engineering\\\/evac-ambulanse\\\/\"]}]},{\"@type\":\"ImageObject\",\"inLanguage\":\"en-US\",\"@id\":\"https:\\\/\\\/raufoss.no\\\/engineering\\\/evac-ambulanse\\\/#primaryimage\",\"url\":\"https:\\\/\\\/raufoss.no\\\/wp-content\\\/uploads\\\/hero.jpg\",\"contentUrl\":\"https:\\\/\\\/raufoss.no\\\/wp-content\\\/uploads\\\/hero.jpg\",\"width\":1920,\"height\":1080},{\"@type\":\"BreadcrumbList\",\"@id\":\"https:\\\/\\\/raufoss.no\\\/engineering\\\/evac-ambulanse\\\/#breadcrumb\",\"itemListElement\":[{\"@type\":\"ListItem\",\"position\":1,\"name\":\"Home\",\"item\":\"https:\\\/\\\/raufoss.no\\\/\"},{\"@type\":\"ListItem\",\"position\":2,\"name\":\"Engineering\",\"item\":\"https:\\\/\\\/raufoss.no\\\/engineering\\\/\"},{\"@type\":\"ListItem\",\"position\":3,\"name\":\"EVAC and First Aid Station Vehicles\"}]},{\"@type\":\"WebSite\",\"@id\":\"https:\\\/\\\/raufoss.no\\\/#website\",\"url\":\"https:\\\/\\\/raufoss.no\\\/\",\"name\":\"Raufoss Engineering AS\",\"description\":\"Raufoss Engineering AS er i dag ledende leverand\u00f8r av v\u00e5penskap og v\u00e5pensikring i Norge.\",\"publisher\":{\"@id\":\"https:\\\/\\\/raufoss.no\\\/#organization\"},\"potentialAction\":[{\"@type\":\"SearchAction\",\"target\":{\"@type\":\"EntryPoint\",\"urlTemplate\":\"https:\\\/\\\/raufoss.no\\\/?s={search_term_string}\"},\"query-input\":{\"@type\":\"PropertyValueSpecification\",\"valueRequired\":true,\"valueName\":\"search_term_string\"}}],\"inLanguage\":\"en-US\"},{\"@type\":\"Organization\",\"@id\":\"https:\\\/\\\/raufoss.no\\\/#organization\",\"name\":\"Raufoss Engineering AS\",\"url\":\"https:\\\/\\\/raufoss.no\\\/\",\"logo\":{\"@type\":\"ImageObject\",\"inLanguage\":\"en-US\",\"@id\":\"https:\\\/\\\/raufoss.no\\\/#\\\/schema\\\/logo\\\/image\\\/\",\"url\":\"https:\\\/\\\/raufoss.no\\\/wp-content\\\/uploads\\\/Raufoss_LOGO_svart.svg\",\"contentUrl\":\"https:\\\/\\\/raufoss.no\\\/wp-content\\\/uploads\\\/Raufoss_LOGO_svart.svg\",\"width\":180,\"height\":42,\"caption\":\"Raufoss Engineering AS\"},\"image\":{\"@id\":\"https:\\\/\\\/raufoss.no\\\/#\\\/schema\\\/logo\\\/image\\\/\"},\"sameAs\":[\"https:\\\/\\\/www.facebook.com\\\/raufossvapenskap\"]}]}<\/script>\n<!-- \/ Yoast SEO plugin. -->","yoast_head_json":{"title":"Raufoss Engineering AS","description":"Raufoss Engineering AS er i dag ledende leverand\u00f8r av v\u00e5penskap og v\u00e5pensikring i Norge.","robots":{"index":"index","follow":"follow","max-snippet":"max-snippet:-1","max-image-preview":"max-image-preview:large","max-video-preview":"max-video-preview:-1"},"canonical":"https:\/\/raufoss.no\/engineering\/evac-ambulanse\/","og_locale":"en_US","og_type":"article","og_title":"Raufoss Engineering AS","og_description":"Raufoss Engineering AS er i dag ledende leverand\u00f8r av v\u00e5penskap og v\u00e5pensikring i Norge.","og_url":"https:\/\/raufoss.no\/engineering\/evac-ambulanse\/","og_site_name":"Raufoss Engineering AS","article_publisher":"https:\/\/www.facebook.com\/raufossvapenskap","article_modified_time":"2023-02-02T10:02:38+00:00","og_image":[{"width":1920,"height":1080,"url":"https:\/\/raufoss.no\/wp-content\/uploads\/hero.jpg","type":"image\/jpeg"}],"twitter_card":"summary_large_image","twitter_misc":{"Est. reading time":"2 minutes"},"schema":{"@context":"https:\/\/schema.org","@graph":[{"@type":"WebPage","@id":"https:\/\/raufoss.no\/engineering\/evac-ambulanse\/","url":"https:\/\/raufoss.no\/engineering\/evac-ambulanse\/","name":"Raufoss Engineering AS","isPartOf":{"@id":"https:\/\/raufoss.no\/#website"},"primaryImageOfPage":{"@id":"https:\/\/raufoss.no\/engineering\/evac-ambulanse\/#primaryimage"},"image":{"@id":"https:\/\/raufoss.no\/engineering\/evac-ambulanse\/#primaryimage"},"thumbnailUrl":"https:\/\/raufoss.no\/wp-content\/uploads\/hero.jpg","datePublished":"2022-10-12T09:08:01+00:00","dateModified":"2023-02-02T10:02:38+00:00","description":"Raufoss Engineering AS er i dag ledende leverand\u00f8r av v\u00e5penskap og v\u00e5pensikring i Norge.","breadcrumb":{"@id":"https:\/\/raufoss.no\/engineering\/evac-ambulanse\/#breadcrumb"},"inLanguage":"en-US","potentialAction":[{"@type":"ReadAction","target":["https:\/\/raufoss.no\/engineering\/evac-ambulanse\/"]}]},{"@type":"ImageObject","inLanguage":"en-US","@id":"https:\/\/raufoss.no\/engineering\/evac-ambulanse\/#primaryimage","url":"https:\/\/raufoss.no\/wp-content\/uploads\/hero.jpg","contentUrl":"https:\/\/raufoss.no\/wp-content\/uploads\/hero.jpg","width":1920,"height":1080},{"@type":"BreadcrumbList","@id":"https:\/\/raufoss.no\/engineering\/evac-ambulanse\/#breadcrumb","itemListElement":[{"@type":"ListItem","position":1,"name":"Home","item":"https:\/\/raufoss.no\/"},{"@type":"ListItem","position":2,"name":"Engineering","item":"https:\/\/raufoss.no\/engineering\/"},{"@type":"ListItem","position":3,"name":"EVAC and First Aid Station Vehicles"}]},{"@type":"WebSite","@id":"https:\/\/raufoss.no\/#website","url":"https:\/\/raufoss.no\/","name":"Raufoss Engineering AS","description":"Raufoss Engineering AS er i dag ledende leverand\u00f8r av v\u00e5penskap og v\u00e5pensikring i Norge.","publisher":{"@id":"https:\/\/raufoss.no\/#organization"},"potentialAction":[{"@type":"SearchAction","target":{"@type":"EntryPoint","urlTemplate":"https:\/\/raufoss.no\/?s={search_term_string}"},"query-input":{"@type":"PropertyValueSpecification","valueRequired":true,"valueName":"search_term_string"}}],"inLanguage":"en-US"},{"@type":"Organization","@id":"https:\/\/raufoss.no\/#organization","name":"Raufoss Engineering AS","url":"https:\/\/raufoss.no\/","logo":{"@type":"ImageObject","inLanguage":"en-US","@id":"https:\/\/raufoss.no\/#\/schema\/logo\/image\/","url":"https:\/\/raufoss.no\/wp-content\/uploads\/Raufoss_LOGO_svart.svg","contentUrl":"https:\/\/raufoss.no\/wp-content\/uploads\/Raufoss_LOGO_svart.svg","width":180,"height":42,"caption":"Raufoss Engineering AS"},"image":{"@id":"https:\/\/raufoss.no\/#\/schema\/logo\/image\/"},"sameAs":["https:\/\/www.facebook.com\/raufossvapenskap"]}]}},"_links":{"self":[{"href":"https:\/\/raufoss.no\/en\/wp-json\/wp\/v2\/pages\/16698","targetHints":{"allow":["GET"]}}],"collection":[{"href":"https:\/\/raufoss.no\/en\/wp-json\/wp\/v2\/pages"}],"about":[{"href":"https:\/\/raufoss.no\/en\/wp-json\/wp\/v2\/types\/page"}],"author":[{"embeddable":true,"href":"https:\/\/raufoss.no\/en\/wp-json\/wp\/v2\/users\/3"}],"replies":[{"embeddable":true,"href":"https:\/\/raufoss.no\/en\/wp-json\/wp\/v2\/comments?post=16698"}],"version-history":[{"count":1,"href":"https:\/\/raufoss.no\/en\/wp-json\/wp\/v2\/pages\/16698\/revisions"}],"predecessor-version":[{"id":16700,"href":"https:\/\/raufoss.no\/en\/wp-json\/wp\/v2\/pages\/16698\/revisions\/16700"}],"up":[{"embeddable":true,"href":"https:\/\/raufoss.no\/en\/wp-json\/wp\/v2\/pages\/16689"}],"wp:featuredmedia":[{"embeddable":true,"href":"https:\/\/raufoss.no\/en\/wp-json\/wp\/v2\/media\/16301"}],"wp:attachment":[{"href":"https:\/\/raufoss.no\/en\/wp-json\/wp\/v2\/media?parent=16698"}],"curies":[{"name":"wp","href":"https:\/\/api.w.org\/{rel}","templated":true}]}}