{"id":16689,"date":"2022-05-05T09:33:34","date_gmt":"2022-05-05T07:33:34","guid":{"rendered":"https:\/\/raufoss.no\/engineering\/"},"modified":"2023-11-14T14:55:42","modified_gmt":"2023-11-14T13:55:42","slug":"engineering","status":"publish","type":"page","link":"https:\/\/raufoss.no\/en\/engineering\/","title":{"rendered":"Engineering"},"content":{"rendered":"<div class=\"gb-container gb-container-26e209ae\"><div class=\"gb-inside-container\">\n<div class=\"gb-grid-wrapper gb-grid-wrapper-21639b7b\">\n<div class=\"gb-grid-column gb-grid-column-89780247\"><div class=\"gb-container gb-container-89780247\"><div class=\"gb-inside-container\">\n\n<h1 class=\"gb-headline gb-headline-bc7c17fa gb-headline-text\">Engineering and Product Development<\/h1>\n\n\n\n<h2 class=\"gb-headline gb-headline-f0f2cd1f gb-headline-text\">We specialize in the construction of mechanical structures, sheet metal components and advanced structures.<\/h2>\n\n<\/div><\/div><\/div>\n<\/div>\n<\/div><\/div>\n\n<div class=\"gb-container gb-container-286d17dd alignfull\"><div class=\"gb-inside-container\">\n<div class=\"gb-grid-wrapper gb-grid-wrapper-0d70b225\">\n<div class=\"gb-grid-column gb-grid-column-c36191e1\"><div class=\"gb-container gb-container-c36191e1\"><div class=\"gb-inside-container\">\n\n<h2 class=\"gb-headline gb-headline-ba9e8d63 gb-headline-text\">Project Management, Design, and Construction<\/h2>\n\n\n\n<div style=\"height:1em\" aria-hidden=\"true\" class=\"wp-block-spacer\"><\/div>\n\n\n\n<p class=\"gb-headline gb-headline-40ae8317 gb-headline-text lineleft\">Based on engineering expertise in material technology, structural analysis, and mechanical construction, we tailor products and systems to a wide range of different customers.<\/p>\n\n\n\n<div style=\"height:1em\" aria-hidden=\"true\" class=\"wp-block-spacer\"><\/div>\n\n\n\n<div style=\"padding:56.25% 0 0 0;position:relative;\"><iframe src=\"https:\/\/player.vimeo.com\/video\/692819952?h=ba50a99b35&amp;badge=0&amp;autopause=0&amp;player_id=0&amp;app_id=58479\" frameborder=\"0\" allow=\"autoplay; fullscreen; picture-in-picture\" allowfullscreen=\"\" style=\"position:absolute;top:0;left:0;width:100%;height:100%;\" title=\"Raufoss.no - Engineering (hoved 1m20s)\"><\/iframe><\/div><script src=\"https:\/\/player.vimeo.com\/api\/player.js\"><\/script>\n\n<\/div><\/div><\/div>\n\n<div class=\"gb-grid-column gb-grid-column-c4de4202\"><div class=\"gb-container gb-container-c4de4202\"><div class=\"gb-inside-container\">\n\n<p class=\"has-text-align-left has-base-3-color has-text-color\">Raufoss Engineering can assist with the design and development of mechanical\/plate-based structures, safety systems, and plastic construction. In addition to project management and product development, we can also deliver the solution that is developed.<\/p>\n\n\n\n<p class=\"has-text-align-left has-base-3-color has-text-color\">In addition to our engineering capabilities, Raufoss Engineering is a leading Norwegian supplier of gun safes to private customers. We have also developed and deliver weapon storage systems to professional customers. Several of the products are patented and design protected. The company is responsible for the complete value chain \u2013 product development, production, and marketing.<\/p>\n\n\n\n<p class=\"has-text-align-left has-base-3-color has-text-color\">As an engineering company, we prioritize the efficient execution of R&amp;D projects. In addition to our own product development, the company takes on consultancy assignments and can assist as a competent partner in security systems, design, and construction.<\/p>\n\n\n\n<p class=\"has-text-align-left has-base-3-color has-text-color\"><br>Examples of previous projects are shown at the bottom of this page, feel free to contact us for further information about what we can offer.<\/p>\n\n<\/div><\/div><\/div>\n<\/div>\n<\/div><\/div>\n\n<div class=\"gb-container gb-container-d6bd7a61 alignfull\"><div class=\"gb-inside-container\">\n<div class=\"gb-grid-wrapper gb-grid-wrapper-004f938a\">\n<div class=\"gb-grid-column gb-grid-column-c43a6b19\"><div class=\"gb-container gb-container-c43a6b19\"><div class=\"gb-inside-container\">\n\n<h2 class=\"gb-headline gb-headline-0de42f28 gb-headline-text\">Network Collaboration<\/h2>\n\n\n\n<p>-Research and development<\/p>\n\n<\/div><\/div><\/div>\n\n<div class=\"gb-grid-column gb-grid-column-c4c47aa5\"><div class=\"gb-container gb-container-c4c47aa5\"><div class=\"gb-inside-container\">\n\n<p class=\"has-text-align-left has-contrast-color has-text-color\">We have a broad network of contacts within the Raufoss industrial park, one of Norway&#8217;s largest industrial clusters. In addition, we work together with Innovation Norway, SINTEF Raufoss Manufacturing, and TotAl Defense group. This gives us the opportunity to always obtain information and expertise from specialists, in areas of knowledge other than what we already have in-house. It also gives us a huge competitive advantage when participating in tenders.<\/p>\n\n<\/div><\/div><\/div>\n<\/div>\n<\/div><\/div>\n\n<div class=\"gb-container gb-container-74ea376b\"><div class=\"gb-inside-container\">\n<div class=\"gb-grid-wrapper gb-grid-wrapper-c81e8aab\">\n<div class=\"gb-grid-column gb-grid-column-cc1cfc84\"><div class=\"gb-container gb-container-cc1cfc84\"><div class=\"gb-inside-container\">\n\n<figure class=\"wp-block-gallery has-nested-images columns-4 is-cropped wp-block-gallery-1 is-layout-flex wp-block-gallery-is-layout-flex\">\n<figure class=\"wp-block-image size-large\"><img loading=\"lazy\" decoding=\"async\" width=\"700\" height=\"254\" data-id=\"1386\" src=\"https:\/\/raufoss.no\/wp-content\/uploads\/forsvaret.png\" alt=\"\" class=\"wp-image-1386\" srcset=\"https:\/\/raufoss.no\/wp-content\/uploads\/forsvaret.png 700w, https:\/\/raufoss.no\/wp-content\/uploads\/forsvaret-300x109.png 300w, https:\/\/raufoss.no\/wp-content\/uploads\/forsvaret-600x218.png 600w\" sizes=\"auto, (max-width: 700px) 100vw, 700px\" \/><\/figure>\n\n\n\n<figure class=\"wp-block-image size-large\"><img loading=\"lazy\" decoding=\"async\" width=\"700\" height=\"254\" data-id=\"1385\" src=\"https:\/\/raufoss.no\/wp-content\/uploads\/danskeforsvaret.png\" alt=\"\" class=\"wp-image-1385\" srcset=\"https:\/\/raufoss.no\/wp-content\/uploads\/danskeforsvaret.png 700w, https:\/\/raufoss.no\/wp-content\/uploads\/danskeforsvaret-300x109.png 300w, https:\/\/raufoss.no\/wp-content\/uploads\/danskeforsvaret-600x218.png 600w\" sizes=\"auto, (max-width: 700px) 100vw, 700px\" \/><\/figure>\n\n\n\n<figure class=\"wp-block-image size-large\"><img loading=\"lazy\" decoding=\"async\" width=\"700\" height=\"254\" data-id=\"1387\" src=\"https:\/\/raufoss.no\/wp-content\/uploads\/inovasjon.png\" alt=\"\" class=\"wp-image-1387\" srcset=\"https:\/\/raufoss.no\/wp-content\/uploads\/inovasjon.png 700w, https:\/\/raufoss.no\/wp-content\/uploads\/inovasjon-300x109.png 300w, https:\/\/raufoss.no\/wp-content\/uploads\/inovasjon-600x218.png 600w\" sizes=\"auto, (max-width: 700px) 100vw, 700px\" \/><\/figure>\n\n\n\n<figure class=\"wp-block-image size-large\"><img loading=\"lazy\" decoding=\"async\" width=\"700\" height=\"254\" data-id=\"1388\" src=\"https:\/\/raufoss.no\/wp-content\/uploads\/total.png\" alt=\"\" class=\"wp-image-1388\" srcset=\"https:\/\/raufoss.no\/wp-content\/uploads\/total.png 700w, https:\/\/raufoss.no\/wp-content\/uploads\/total-300x109.png 300w, https:\/\/raufoss.no\/wp-content\/uploads\/total-600x218.png 600w\" sizes=\"auto, (max-width: 700px) 100vw, 700px\" \/><\/figure>\n<\/figure>\n\n<\/div><\/div><\/div>\n<\/div>\n<\/div><\/div>\n\n<div class=\"gb-container gb-container-aab029cd alignfull\" id=\"prosjekter\"><div class=\"gb-inside-container\">\n<div class=\"gb-grid-wrapper gb-grid-wrapper-40fa7d3a\">\n<div class=\"gb-grid-column gb-grid-column-377df131\"><div class=\"gb-container gb-container-377df131\"><div class=\"gb-inside-container\">\n\n<h2 class=\"gb-headline gb-headline-20e4d004 gb-headline-text\">Previous projects<\/h2>\n\n\n\n<p>We are constantly working on new projects, and not all of them are linked to the police\/ law enforcement and military industry. Below you will see a small selection of our earlier projects.<\/p>\n\n\n\n<div style=\"height:5em\" aria-hidden=\"true\" class=\"wp-block-spacer\"><\/div>\n\n<\/div><\/div><\/div>\n<\/div>\n\n<div class=\"gb-grid-wrapper gb-grid-wrapper-ec27125b\">\n<div class=\"gb-grid-column gb-grid-column-20e641f0\"><div class=\"gb-container gb-container-20e641f0\"><div class=\"gb-inside-container\">\n\n<h2 class=\"gb-headline gb-headline-51d98827 gb-headline-text\">New seats for BV-206<br><br><\/h2>\n\n\n\n<figure class=\"wp-block-image size-full\"><img loading=\"lazy\" decoding=\"async\" width=\"600\" height=\"400\" src=\"https:\/\/raufoss.no\/wp-content\/uploads\/New-Seat-Solution_1.jpg\" alt=\"\" class=\"wp-image-1576\" srcset=\"https:\/\/raufoss.no\/wp-content\/uploads\/New-Seat-Solution_1.jpg 600w, https:\/\/raufoss.no\/wp-content\/uploads\/New-Seat-Solution_1-300x200.jpg 300w\" sizes=\"auto, (max-width: 600px) 100vw, 600px\" \/><\/figure>\n\n\n<div class=\"gb-button-wrapper gb-button-wrapper-c383ce0b\">\n\n<a class=\"gb-button gb-button-302d8608 iconright\" href=\"https:\/\/raufoss.no\/en\/engineering\/setelosning-beltevogn\/\"><span class=\"gb-button-text\">Read more<\/span><span class=\"gb-icon\"><svg viewBox=\"0 0 16 16\" class=\"bi bi-arrow-right\" fill=\"currentColor\" height=\"16\" width=\"16\" xmlns=\"http:\/\/www.w3.org\/2000\/svg\">   <path d=\"M1 8a.5.5 0 0 1 .5-.5h11.793l-3.147-3.146a.5.5 0 0 1 .708-.708l4 4a.5.5 0 0 1 0 .708l-4 4a.5.5 0 0 1-.708-.708L13.293 8.5H1.5A.5.5 0 0 1 1 8z\" fill-rule=\"evenodd\"><\/path> <\/svg><\/span><\/a>\n\n<\/div>\n<\/div><\/div><\/div>\n\n<div class=\"gb-grid-column gb-grid-column-e17dbbf8\"><div class=\"gb-container gb-container-e17dbbf8\"><div class=\"gb-inside-container\">\n\n<h2 class=\"gb-headline gb-headline-1ff0acaf gb-headline-text\">EVAC and First Aid Station Vehicles<\/h2>\n\n\n\n<figure class=\"wp-block-image size-full\"><img loading=\"lazy\" decoding=\"async\" width=\"600\" height=\"400\" src=\"https:\/\/raufoss.no\/wp-content\/uploads\/Ambulance-1.jpg\" alt=\"Ambulanse\" class=\"wp-image-1574\" srcset=\"https:\/\/raufoss.no\/wp-content\/uploads\/Ambulance-1.jpg 600w, https:\/\/raufoss.no\/wp-content\/uploads\/Ambulance-1-300x200.jpg 300w\" sizes=\"auto, (max-width: 600px) 100vw, 600px\" \/><\/figure>\n\n\n<div class=\"gb-button-wrapper gb-button-wrapper-7b86e916\">\n\n<a class=\"gb-button gb-button-11c938b0 iconright\" href=\"https:\/\/raufoss.no\/en\/engineering\/evac-ambulanse\/\"><span class=\"gb-button-text\">Read more<\/span><span class=\"gb-icon\"><svg viewBox=\"0 0 16 16\" class=\"bi bi-arrow-right\" fill=\"currentColor\" height=\"16\" width=\"16\" xmlns=\"http:\/\/www.w3.org\/2000\/svg\">   <path d=\"M1 8a.5.5 0 0 1 .5-.5h11.793l-3.147-3.146a.5.5 0 0 1 .708-.708l4 4a.5.5 0 0 1 0 .708l-4 4a.5.5 0 0 1-.708-.708L13.293 8.5H1.5A.5.5 0 0 1 1 8z\" fill-rule=\"evenodd\"><\/path> <\/svg><\/span><\/a>\n\n<\/div>\n<\/div><\/div><\/div>\n\n<div class=\"gb-grid-column gb-grid-column-55826ebe\"><div class=\"gb-container gb-container-55826ebe\"><div class=\"gb-inside-container\">\n\n<h2 class=\"gb-headline gb-headline-7d752517 gb-headline-text\">Development project: Sled<br><br><\/h2>\n\n\n\n<figure class=\"wp-block-image size-full\"><img loading=\"lazy\" decoding=\"async\" width=\"600\" height=\"400\" src=\"https:\/\/raufoss.no\/wp-content\/uploads\/lukket_sledde_winter_600x400.jpg\" alt=\"\" class=\"wp-image-1608\" srcset=\"https:\/\/raufoss.no\/wp-content\/uploads\/lukket_sledde_winter_600x400.jpg 600w, https:\/\/raufoss.no\/wp-content\/uploads\/lukket_sledde_winter_600x400-300x200.jpg 300w\" sizes=\"auto, (max-width: 600px) 100vw, 600px\" \/><\/figure>\n\n\n<div class=\"gb-button-wrapper gb-button-wrapper-48e7b1c7\">\n\n<a class=\"gb-button gb-button-38d27dfa iconright\" href=\"https:\/\/raufoss.no\/en\/engineering\/slede\/\"><span class=\"gb-button-text\">Read more<\/span><span class=\"gb-icon\"><svg viewBox=\"0 0 16 16\" class=\"bi bi-arrow-right\" fill=\"currentColor\" height=\"16\" width=\"16\" xmlns=\"http:\/\/www.w3.org\/2000\/svg\">   <path d=\"M1 8a.5.5 0 0 1 .5-.5h11.793l-3.147-3.146a.5.5 0 0 1 .708-.708l4 4a.5.5 0 0 1 0 .708l-4 4a.5.5 0 0 1-.708-.708L13.293 8.5H1.5A.5.5 0 0 1 1 8z\" fill-rule=\"evenodd\"><\/path> <\/svg><\/span><\/a>\n\n<\/div>\n<\/div><\/div><\/div>\n\n<div class=\"gb-grid-column gb-grid-column-e358828d\"><div class=\"gb-container gb-container-e358828d\"><div class=\"gb-inside-container\">\n\n<h2 class=\"gb-headline gb-headline-8d38569f gb-headline-text\">Armory storage container<br><br><\/h2>\n\n\n\n<figure class=\"wp-block-image size-full\"><img loading=\"lazy\" decoding=\"async\" width=\"600\" height=\"400\" src=\"https:\/\/raufoss.no\/wp-content\/uploads\/container1_600x400.jpg\" alt=\"\" class=\"wp-image-1621\" srcset=\"https:\/\/raufoss.no\/wp-content\/uploads\/container1_600x400.jpg 600w, https:\/\/raufoss.no\/wp-content\/uploads\/container1_600x400-300x200.jpg 300w\" sizes=\"auto, (max-width: 600px) 100vw, 600px\" \/><\/figure>\n\n\n<div class=\"gb-button-wrapper gb-button-wrapper-cc6a43d8\">\n\n<a class=\"gb-button gb-button-572fce32 iconright\" href=\"https:\/\/raufoss.no\/en\/engineering\/container-innredning\/\"><span class=\"gb-button-text\">Read more<\/span><span class=\"gb-icon\"><svg viewBox=\"0 0 16 16\" class=\"bi bi-arrow-right\" fill=\"currentColor\" height=\"16\" width=\"16\" xmlns=\"http:\/\/www.w3.org\/2000\/svg\">   <path d=\"M1 8a.5.5 0 0 1 .5-.5h11.793l-3.147-3.146a.5.5 0 0 1 .708-.708l4 4a.5.5 0 0 1 0 .708l-4 4a.5.5 0 0 1-.708-.708L13.293 8.5H1.5A.5.5 0 0 1 1 8z\" fill-rule=\"evenodd\"><\/path> <\/svg><\/span><\/a>\n\n<\/div>\n<\/div><\/div><\/div>\n<\/div>\n\n\n<div style=\"height:4.5em\" aria-hidden=\"true\" class=\"wp-block-spacer\"><\/div>\n\n<\/div><\/div>","protected":false},"excerpt":{"rendered":"","protected":false},"author":1,"featured_media":16568,"parent":0,"menu_order":0,"comment_status":"closed","ping_status":"closed","template":"","meta":{"footnotes":""},"class_list":["post-16689","page","type-page","status-publish","has-post-thumbnail"],"yoast_head":"<!-- This site is optimized with the Yoast SEO plugin v27.4 - https:\/\/yoast.com\/product\/yoast-seo-wordpress\/ -->\n<title>Raufoss Engineering AS<\/title>\n<meta name=\"description\" content=\"Raufoss Engineering AS er i dag ledende leverand\u00f8r av v\u00e5penskap og v\u00e5pensikring i Norge.\" \/>\n<meta name=\"robots\" content=\"index, follow, max-snippet:-1, max-image-preview:large, max-video-preview:-1\" \/>\n<link rel=\"canonical\" href=\"https:\/\/raufoss.no\/engineering\/\" \/>\n<meta property=\"og:locale\" content=\"en_US\" \/>\n<meta property=\"og:type\" content=\"article\" \/>\n<meta property=\"og:title\" content=\"Raufoss Engineering AS\" \/>\n<meta property=\"og:description\" content=\"Raufoss Engineering AS er i dag ledende leverand\u00f8r av v\u00e5penskap og v\u00e5pensikring i Norge.\" \/>\n<meta property=\"og:url\" content=\"https:\/\/raufoss.no\/engineering\/\" \/>\n<meta property=\"og:site_name\" content=\"Raufoss Engineering AS\" \/>\n<meta property=\"article:publisher\" content=\"https:\/\/www.facebook.com\/raufossvapenskap\" \/>\n<meta property=\"article:modified_time\" content=\"2023-11-14T13:55:42+00:00\" \/>\n<meta property=\"og:image\" content=\"https:\/\/raufoss.no\/wp-content\/uploads\/heroEngineering.jpg\" \/>\n\t<meta property=\"og:image:width\" content=\"1290\" \/>\n\t<meta property=\"og:image:height\" content=\"525\" \/>\n\t<meta property=\"og:image:type\" content=\"image\/jpeg\" \/>\n<meta name=\"twitter:card\" content=\"summary_large_image\" \/>\n<meta name=\"twitter:label1\" content=\"Est. reading time\" \/>\n\t<meta name=\"twitter:data1\" content=\"4 minutes\" \/>\n<script type=\"application\/ld+json\" class=\"yoast-schema-graph\">{\"@context\":\"https:\\\/\\\/schema.org\",\"@graph\":[{\"@type\":\"WebPage\",\"@id\":\"https:\\\/\\\/raufoss.no\\\/engineering\\\/\",\"url\":\"https:\\\/\\\/raufoss.no\\\/engineering\\\/\",\"name\":\"Raufoss Engineering AS\",\"isPartOf\":{\"@id\":\"https:\\\/\\\/raufoss.no\\\/#website\"},\"primaryImageOfPage\":{\"@id\":\"https:\\\/\\\/raufoss.no\\\/engineering\\\/#primaryimage\"},\"image\":{\"@id\":\"https:\\\/\\\/raufoss.no\\\/engineering\\\/#primaryimage\"},\"thumbnailUrl\":\"https:\\\/\\\/raufoss.no\\\/wp-content\\\/uploads\\\/heroEngineering.jpg\",\"datePublished\":\"2022-05-05T07:33:34+00:00\",\"dateModified\":\"2023-11-14T13:55:42+00:00\",\"description\":\"Raufoss Engineering AS er i dag ledende leverand\u00f8r av v\u00e5penskap og v\u00e5pensikring i Norge.\",\"breadcrumb\":{\"@id\":\"https:\\\/\\\/raufoss.no\\\/engineering\\\/#breadcrumb\"},\"inLanguage\":\"en-US\",\"potentialAction\":[{\"@type\":\"ReadAction\",\"target\":[\"https:\\\/\\\/raufoss.no\\\/engineering\\\/\"]}]},{\"@type\":\"ImageObject\",\"inLanguage\":\"en-US\",\"@id\":\"https:\\\/\\\/raufoss.no\\\/engineering\\\/#primaryimage\",\"url\":\"https:\\\/\\\/raufoss.no\\\/wp-content\\\/uploads\\\/heroEngineering.jpg\",\"contentUrl\":\"https:\\\/\\\/raufoss.no\\\/wp-content\\\/uploads\\\/heroEngineering.jpg\",\"width\":1290,\"height\":525},{\"@type\":\"BreadcrumbList\",\"@id\":\"https:\\\/\\\/raufoss.no\\\/engineering\\\/#breadcrumb\",\"itemListElement\":[{\"@type\":\"ListItem\",\"position\":1,\"name\":\"Home\",\"item\":\"https:\\\/\\\/raufoss.no\\\/\"},{\"@type\":\"ListItem\",\"position\":2,\"name\":\"Engineering\"}]},{\"@type\":\"WebSite\",\"@id\":\"https:\\\/\\\/raufoss.no\\\/#website\",\"url\":\"https:\\\/\\\/raufoss.no\\\/\",\"name\":\"Raufoss Engineering AS\",\"description\":\"Raufoss Engineering AS er i dag ledende leverand\u00f8r av v\u00e5penskap og v\u00e5pensikring i Norge.\",\"publisher\":{\"@id\":\"https:\\\/\\\/raufoss.no\\\/#organization\"},\"potentialAction\":[{\"@type\":\"SearchAction\",\"target\":{\"@type\":\"EntryPoint\",\"urlTemplate\":\"https:\\\/\\\/raufoss.no\\\/?s={search_term_string}\"},\"query-input\":{\"@type\":\"PropertyValueSpecification\",\"valueRequired\":true,\"valueName\":\"search_term_string\"}}],\"inLanguage\":\"en-US\"},{\"@type\":\"Organization\",\"@id\":\"https:\\\/\\\/raufoss.no\\\/#organization\",\"name\":\"Raufoss Engineering AS\",\"url\":\"https:\\\/\\\/raufoss.no\\\/\",\"logo\":{\"@type\":\"ImageObject\",\"inLanguage\":\"en-US\",\"@id\":\"https:\\\/\\\/raufoss.no\\\/#\\\/schema\\\/logo\\\/image\\\/\",\"url\":\"https:\\\/\\\/raufoss.no\\\/wp-content\\\/uploads\\\/Raufoss_LOGO_svart.svg\",\"contentUrl\":\"https:\\\/\\\/raufoss.no\\\/wp-content\\\/uploads\\\/Raufoss_LOGO_svart.svg\",\"width\":180,\"height\":42,\"caption\":\"Raufoss Engineering AS\"},\"image\":{\"@id\":\"https:\\\/\\\/raufoss.no\\\/#\\\/schema\\\/logo\\\/image\\\/\"},\"sameAs\":[\"https:\\\/\\\/www.facebook.com\\\/raufossvapenskap\"]}]}<\/script>\n<!-- \/ Yoast SEO plugin. -->","yoast_head_json":{"title":"Raufoss Engineering AS","description":"Raufoss Engineering AS er i dag ledende leverand\u00f8r av v\u00e5penskap og v\u00e5pensikring i Norge.","robots":{"index":"index","follow":"follow","max-snippet":"max-snippet:-1","max-image-preview":"max-image-preview:large","max-video-preview":"max-video-preview:-1"},"canonical":"https:\/\/raufoss.no\/engineering\/","og_locale":"en_US","og_type":"article","og_title":"Raufoss Engineering AS","og_description":"Raufoss Engineering AS er i dag ledende leverand\u00f8r av v\u00e5penskap og v\u00e5pensikring i Norge.","og_url":"https:\/\/raufoss.no\/engineering\/","og_site_name":"Raufoss Engineering AS","article_publisher":"https:\/\/www.facebook.com\/raufossvapenskap","article_modified_time":"2023-11-14T13:55:42+00:00","og_image":[{"width":1290,"height":525,"url":"https:\/\/raufoss.no\/wp-content\/uploads\/heroEngineering.jpg","type":"image\/jpeg"}],"twitter_card":"summary_large_image","twitter_misc":{"Est. reading time":"4 minutes"},"schema":{"@context":"https:\/\/schema.org","@graph":[{"@type":"WebPage","@id":"https:\/\/raufoss.no\/engineering\/","url":"https:\/\/raufoss.no\/engineering\/","name":"Raufoss Engineering AS","isPartOf":{"@id":"https:\/\/raufoss.no\/#website"},"primaryImageOfPage":{"@id":"https:\/\/raufoss.no\/engineering\/#primaryimage"},"image":{"@id":"https:\/\/raufoss.no\/engineering\/#primaryimage"},"thumbnailUrl":"https:\/\/raufoss.no\/wp-content\/uploads\/heroEngineering.jpg","datePublished":"2022-05-05T07:33:34+00:00","dateModified":"2023-11-14T13:55:42+00:00","description":"Raufoss Engineering AS er i dag ledende leverand\u00f8r av v\u00e5penskap og v\u00e5pensikring i Norge.","breadcrumb":{"@id":"https:\/\/raufoss.no\/engineering\/#breadcrumb"},"inLanguage":"en-US","potentialAction":[{"@type":"ReadAction","target":["https:\/\/raufoss.no\/engineering\/"]}]},{"@type":"ImageObject","inLanguage":"en-US","@id":"https:\/\/raufoss.no\/engineering\/#primaryimage","url":"https:\/\/raufoss.no\/wp-content\/uploads\/heroEngineering.jpg","contentUrl":"https:\/\/raufoss.no\/wp-content\/uploads\/heroEngineering.jpg","width":1290,"height":525},{"@type":"BreadcrumbList","@id":"https:\/\/raufoss.no\/engineering\/#breadcrumb","itemListElement":[{"@type":"ListItem","position":1,"name":"Home","item":"https:\/\/raufoss.no\/"},{"@type":"ListItem","position":2,"name":"Engineering"}]},{"@type":"WebSite","@id":"https:\/\/raufoss.no\/#website","url":"https:\/\/raufoss.no\/","name":"Raufoss Engineering AS","description":"Raufoss Engineering AS er i dag ledende leverand\u00f8r av v\u00e5penskap og v\u00e5pensikring i Norge.","publisher":{"@id":"https:\/\/raufoss.no\/#organization"},"potentialAction":[{"@type":"SearchAction","target":{"@type":"EntryPoint","urlTemplate":"https:\/\/raufoss.no\/?s={search_term_string}"},"query-input":{"@type":"PropertyValueSpecification","valueRequired":true,"valueName":"search_term_string"}}],"inLanguage":"en-US"},{"@type":"Organization","@id":"https:\/\/raufoss.no\/#organization","name":"Raufoss Engineering AS","url":"https:\/\/raufoss.no\/","logo":{"@type":"ImageObject","inLanguage":"en-US","@id":"https:\/\/raufoss.no\/#\/schema\/logo\/image\/","url":"https:\/\/raufoss.no\/wp-content\/uploads\/Raufoss_LOGO_svart.svg","contentUrl":"https:\/\/raufoss.no\/wp-content\/uploads\/Raufoss_LOGO_svart.svg","width":180,"height":42,"caption":"Raufoss Engineering AS"},"image":{"@id":"https:\/\/raufoss.no\/#\/schema\/logo\/image\/"},"sameAs":["https:\/\/www.facebook.com\/raufossvapenskap"]}]}},"_links":{"self":[{"href":"https:\/\/raufoss.no\/en\/wp-json\/wp\/v2\/pages\/16689","targetHints":{"allow":["GET"]}}],"collection":[{"href":"https:\/\/raufoss.no\/en\/wp-json\/wp\/v2\/pages"}],"about":[{"href":"https:\/\/raufoss.no\/en\/wp-json\/wp\/v2\/types\/page"}],"author":[{"embeddable":true,"href":"https:\/\/raufoss.no\/en\/wp-json\/wp\/v2\/users\/1"}],"replies":[{"embeddable":true,"href":"https:\/\/raufoss.no\/en\/wp-json\/wp\/v2\/comments?post=16689"}],"version-history":[{"count":4,"href":"https:\/\/raufoss.no\/en\/wp-json\/wp\/v2\/pages\/16689\/revisions"}],"predecessor-version":[{"id":17767,"href":"https:\/\/raufoss.no\/en\/wp-json\/wp\/v2\/pages\/16689\/revisions\/17767"}],"wp:featuredmedia":[{"embeddable":true,"href":"https:\/\/raufoss.no\/en\/wp-json\/wp\/v2\/media\/16568"}],"wp:attachment":[{"href":"https:\/\/raufoss.no\/en\/wp-json\/wp\/v2\/media?parent=16689"}],"curies":[{"name":"wp","href":"https:\/\/api.w.org\/{rel}","templated":true}]}}