{"id":16683,"date":"2022-03-27T18:33:07","date_gmt":"2022-03-27T16:33:07","guid":{"rendered":"https:\/\/raufoss.no\/hjem\/"},"modified":"2023-08-23T14:15:12","modified_gmt":"2023-08-23T12:15:12","slug":"home","status":"publish","type":"page","link":"https:\/\/raufoss.no\/en\/","title":{"rendered":"Home"},"content":{"rendered":"<div class=\"gb-container gb-container-26e209ae\"><div class=\"gb-inside-container\">\n<div class=\"gb-grid-wrapper gb-grid-wrapper-21639b7b\">\n<div class=\"gb-grid-column gb-grid-column-89780247\"><div class=\"gb-container gb-container-89780247\"><div class=\"gb-inside-container\">\n\n<h2 class=\"gb-headline gb-headline-1c7f58c3 gb-headline-text\">About us<\/h2>\n\n\n<div class=\"gb-grid-wrapper gb-grid-wrapper-9eed4c7b\">\n<div class=\"gb-grid-column gb-grid-column-210ed129\"><div class=\"gb-container gb-container-210ed129\"><div class=\"gb-inside-container\">\n\n<p><strong>Raufoss Engineering was established in 2007, and is Norway&#8217;s leading supplier of armory storage solutions. In addition to security cabinets for the consumer market, we supply security solutions for professional customers. Several of our products are patented and design protected.<\/strong><\/p>\n\n\n\n<p>Our engineers also undertake development assignments for industrial customers within mechanical\/plate-based structures, safety products and plastic construction.<br\/>In addition to project responsibility and product development, we can also deliver the solution that is shown.<\/p>\n\n\n\n<p>We have good expertise in e.g. computer-assisted design, plate components, construction, plastic moulding, idea development and project management. We tailor products and systems to your area of use. <\/p>\n\n\n\n<p>Contact us and we will help you with your project!<\/p>\n\n\n<div class=\"gb-button-wrapper gb-button-wrapper-fe218d3a\">\n\n<a class=\"gb-button gb-button-b3a067c0 iconright\" href=\"https:\/\/raufoss.no\/om-oss\/\"><span class=\"gb-button-text\">read more<\/span><span class=\"gb-icon\"><svg xmlns=\"http:\/\/www.w3.org\/2000\/svg\" viewbox=\"0 0 16 16\" class=\"bi bi-arrow-right\" fill=\"currentColor\" height=\"16\" width=\"16\">   <path d=\"M1 8a.5.5 0 0 1 .5-.5h11.793l-3.147-3.146a.5.5 0 0 1 .708-.708l4 4a.5.5 0 0 1 0 .708l-4 4a.5.5 0 0 1-.708-.708L13.293 8.5H1.5A.5.5 0 0 1 1 8z\" fill-rule=\"evenodd\"><\/path> <\/svg><\/span><\/a>\n\n<\/div>\n<\/div><\/div><\/div>\n<\/div>\n<\/div><\/div><\/div>\n<\/div>\n<\/div><\/div><div class=\"gb-container gb-container-ccd5b584 alignfull\"><div class=\"gb-inside-container\">\n<div class=\"gb-grid-wrapper gb-grid-wrapper-9c724181\">\n<div class=\"gb-grid-column gb-grid-column-ae9c4212\"><div class=\"gb-container gb-container-ae9c4212\"><div class=\"gb-inside-container\">\n\n<h2 class=\"gb-headline gb-headline-30f0c907 gb-headline-text\">Project responsibility, design and construction<\/h2>\n\n\n<div class=\"gb-grid-wrapper gb-grid-wrapper-05f09317\">\n<div class=\"gb-grid-column gb-grid-column-76a5687c\"><div class=\"gb-container gb-container-76a5687c\"><div class=\"gb-inside-container\">\n\n<p class=\"has-text-align-center has-base-3-color has-text-color\">Based on engineering expertise in material technology, structural analysis and mechanical construction, we tailor the systems to your area of use.<\/p>\n\n<\/div><\/div><\/div>\n<\/div>\n<\/div><\/div><\/div>\n<\/div>\n<\/div><\/div><div class=\"gb-container gb-container-49c10433\"><div class=\"gb-inside-container\">\n<div class=\"gb-grid-wrapper gb-grid-wrapper-62592228\">\n<div class=\"gb-grid-column gb-grid-column-9e6c9064\"><div class=\"gb-container gb-container-9e6c9064\"><div class=\"gb-inside-container\">\n\n<h3 class=\"gb-headline gb-headline-076ca84b gb-headline-text\">Armory<\/h3>\n\n\n\n<p>Raufoss Engineering is today a leading supplier of armory and gun safety in Norway. Our gun safes are characterized by unique functional solutions, innovative design and high quality.<\/p>\n\n\n\n<p>PROFESSIONAL KNOWLEDGE \/ INNOVATIVE \/ FUNCTIONAL<\/p>\n\n\n\n<div style=\"height:40px\" aria-hidden=\"true\" class=\"wp-block-spacer\"><\/div>\n\n\n<div class=\"gb-button-wrapper gb-button-wrapper-f7d826ce\">\n\n<a class=\"gb-button gb-button-82528e7e iconright\" href=\"\/nettbutikk\/\"><span class=\"gb-button-text\">Online store<\/span><span class=\"gb-icon\"><svg xmlns=\"http:\/\/www.w3.org\/2000\/svg\" viewbox=\"0 0 16 16\" class=\"bi bi-arrow-right\" fill=\"currentColor\" height=\"16\" width=\"16\">   <path d=\"M1 8a.5.5 0 0 1 .5-.5h11.793l-3.147-3.146a.5.5 0 0 1 .708-.708l4 4a.5.5 0 0 1 0 .708l-4 4a.5.5 0 0 1-.708-.708L13.293 8.5H1.5A.5.5 0 0 1 1 8z\" fill-rule=\"evenodd\"><\/path> <\/svg><\/span><\/a>\n\n<\/div>\n<\/div><\/div><\/div>\n\n<div class=\"gb-grid-column gb-grid-column-b2875739\"><div class=\"gb-container gb-container-b2875739\"><div class=\"gb-inside-container\">\n\n<h3 class=\"gb-headline gb-headline-28671b0a gb-headline-text\">Engineering<\/h3>\n\n\n\n<p>As an engineering company, we prioritize efficient implementation of R&amp;D projects. In addition to our own product development, the company undertakes consultancy assignments, and can assist as a competence partner in security systems, design and construction.<\/p>\n\n\n\n<div style=\"height:55px\" aria-hidden=\"true\" class=\"wp-block-spacer\"><\/div>\n\n\n<div class=\"gb-button-wrapper gb-button-wrapper-8613098d\">\n\n<a class=\"gb-button gb-button-d694c520 iconright\" href=\"https:\/\/raufoss.no\/en\/engineering\/\"><span class=\"gb-button-text\">read more<\/span><span class=\"gb-icon\"><svg xmlns=\"http:\/\/www.w3.org\/2000\/svg\" viewbox=\"0 0 16 16\" class=\"bi bi-arrow-right\" fill=\"currentColor\" height=\"16\" width=\"16\">   <path d=\"M1 8a.5.5 0 0 1 .5-.5h11.793l-3.147-3.146a.5.5 0 0 1 .708-.708l4 4a.5.5 0 0 1 0 .708l-4 4a.5.5 0 0 1-.708-.708L13.293 8.5H1.5A.5.5 0 0 1 1 8z\" fill-rule=\"evenodd\"><\/path> <\/svg><\/span><\/a>\n\n<\/div>\n<\/div><\/div><\/div>\n\n<div class=\"gb-grid-column gb-grid-column-8e54bff9\"><div class=\"gb-container gb-container-8e54bff9\"><a class=\"gb-container-link\" href=\"\/sikringssystemer\/sporsmal-og-svar\/\"><\/a><div class=\"gb-inside-container\">\n<div class=\"gb-grid-wrapper gb-grid-wrapper-a377253c\">\n<div class=\"gb-grid-column gb-grid-column-29507906\"><div class=\"gb-container gb-container-29507906\"><div class=\"gb-inside-container\">\n\n<h5 class=\"gb-headline gb-headline-c5d5a7e1 gb-headline-text\">Questions and answers<\/h5>\n\n<\/div><\/div><\/div>\n<\/div>\n<\/div><\/div><\/div>\n\n<div class=\"gb-grid-column gb-grid-column-fa3c84bd\"><div class=\"gb-container gb-container-fa3c84bd\"><a class=\"gb-container-link\" href=\"\/engineering\/#prosjekter\"><\/a><div class=\"gb-inside-container\">\n<div class=\"gb-grid-wrapper gb-grid-wrapper-280cc77b\">\n<div class=\"gb-grid-column gb-grid-column-5c00515e\"><div class=\"gb-container gb-container-5c00515e\"><div class=\"gb-inside-container\">\n\n<h5 class=\"gb-headline gb-headline-625d34e4 gb-headline-text\">Engineering Projects<\/h5>\n\n<\/div><\/div><\/div>\n<\/div>\n<\/div><\/div><\/div>\n<\/div>\n<\/div><\/div><div class=\"gb-container gb-container-f9ef2290\"><div class=\"gb-inside-container\">\n\n<figure class=\"wp-block-embed alignfull is-type-video is-provider-vimeo wp-block-embed-vimeo wp-embed-aspect-16-9 wp-has-aspect-ratio\"><div class=\"wp-block-embed__wrapper\">\n<iframe loading=\"lazy\" title=\"Raufoss.no - v\u00e5penskap (promo 59sek)\" src=\"https:\/\/player.vimeo.com\/video\/682481755?dnt=1&amp;app_id=122963\" width=\"1200\" height=\"675\" frameborder=\"0\" allow=\"autoplay; fullscreen; picture-in-picture\" allowfullscreen><\/iframe>\n<\/div><\/figure>\n\n<\/div><\/div>","protected":false},"excerpt":{"rendered":"","protected":false},"author":1,"featured_media":0,"parent":0,"menu_order":0,"comment_status":"closed","ping_status":"closed","template":"","meta":{"footnotes":""},"class_list":["post-16683","page","type-page","status-publish"],"yoast_head":"<!-- This site is optimized with the Yoast SEO plugin v27.3 - https:\/\/yoast.com\/product\/yoast-seo-wordpress\/ -->\n<title>Raufoss Engineering AS<\/title>\n<meta name=\"description\" content=\"Raufoss Engineering is today the leading supplier of safes and storage solutions for guns and armoury in Norway.\" \/>\n<meta name=\"robots\" content=\"index, follow, max-snippet:-1, max-image-preview:large, max-video-preview:-1\" \/>\n<link rel=\"canonical\" href=\"https:\/\/raufoss.no\/\" \/>\n<meta property=\"og:locale\" content=\"en_US\" \/>\n<meta property=\"og:type\" content=\"article\" \/>\n<meta property=\"og:title\" content=\"Raufoss Engineering AS\" \/>\n<meta property=\"og:description\" content=\"Raufoss Engineering is today a leading supplier of armory storage solutions and gun safes in Norway.\" \/>\n<meta property=\"og:url\" content=\"https:\/\/raufoss.no\/\" \/>\n<meta property=\"og:site_name\" content=\"Raufoss Engineering AS\" \/>\n<meta property=\"article:publisher\" content=\"https:\/\/www.facebook.com\/raufossvapenskap\" \/>\n<meta property=\"article:modified_time\" content=\"2023-08-23T12:15:12+00:00\" \/>\n<meta property=\"og:image\" content=\"https:\/\/raufoss.no\/wp-content\/uploads\/cropped-FB_Raufoss_2.jpg\" \/>\n\t<meta property=\"og:image:width\" content=\"1200\" \/>\n\t<meta property=\"og:image:height\" content=\"630\" \/>\n\t<meta property=\"og:image:type\" content=\"image\/jpeg\" \/>\n<meta name=\"twitter:card\" content=\"summary_large_image\" \/>\n<meta name=\"twitter:label1\" content=\"Est. reading time\" \/>\n\t<meta name=\"twitter:data1\" content=\"2 minutes\" \/>\n<script type=\"application\/ld+json\" class=\"yoast-schema-graph\">{\"@context\":\"https:\\\/\\\/schema.org\",\"@graph\":[{\"@type\":\"WebPage\",\"@id\":\"https:\\\/\\\/raufoss.no\\\/\",\"url\":\"https:\\\/\\\/raufoss.no\\\/\",\"name\":\"Raufoss Engineering AS\",\"isPartOf\":{\"@id\":\"https:\\\/\\\/raufoss.no\\\/#website\"},\"datePublished\":\"2022-03-27T16:33:07+00:00\",\"dateModified\":\"2023-08-23T12:15:12+00:00\",\"description\":\"Raufoss Engineering is today the leading supplier of safes and storage solutions for guns and armoury in Norway.\",\"breadcrumb\":{\"@id\":\"https:\\\/\\\/raufoss.no\\\/#breadcrumb\"},\"inLanguage\":\"en-US\",\"potentialAction\":[{\"@type\":\"ReadAction\",\"target\":[\"https:\\\/\\\/raufoss.no\\\/\"]}]},{\"@type\":\"BreadcrumbList\",\"@id\":\"https:\\\/\\\/raufoss.no\\\/#breadcrumb\",\"itemListElement\":[{\"@type\":\"ListItem\",\"position\":1,\"name\":\"Home\",\"item\":\"https:\\\/\\\/raufoss.no\\\/\"},{\"@type\":\"ListItem\",\"position\":2,\"name\":\"Home\"}]},{\"@type\":\"WebSite\",\"@id\":\"https:\\\/\\\/raufoss.no\\\/#website\",\"url\":\"https:\\\/\\\/raufoss.no\\\/\",\"name\":\"Raufoss Engineering AS\",\"description\":\"Raufoss Engineering AS er i dag ledende leverand\u00f8r av v\u00e5penskap og v\u00e5pensikring i Norge.\",\"publisher\":{\"@id\":\"https:\\\/\\\/raufoss.no\\\/#organization\"},\"potentialAction\":[{\"@type\":\"SearchAction\",\"target\":{\"@type\":\"EntryPoint\",\"urlTemplate\":\"https:\\\/\\\/raufoss.no\\\/?s={search_term_string}\"},\"query-input\":{\"@type\":\"PropertyValueSpecification\",\"valueRequired\":true,\"valueName\":\"search_term_string\"}}],\"inLanguage\":\"en-US\"},{\"@type\":\"Organization\",\"@id\":\"https:\\\/\\\/raufoss.no\\\/#organization\",\"name\":\"Raufoss Engineering AS\",\"url\":\"https:\\\/\\\/raufoss.no\\\/\",\"logo\":{\"@type\":\"ImageObject\",\"inLanguage\":\"en-US\",\"@id\":\"https:\\\/\\\/raufoss.no\\\/#\\\/schema\\\/logo\\\/image\\\/\",\"url\":\"https:\\\/\\\/raufoss.no\\\/wp-content\\\/uploads\\\/Raufoss_LOGO_svart.svg\",\"contentUrl\":\"https:\\\/\\\/raufoss.no\\\/wp-content\\\/uploads\\\/Raufoss_LOGO_svart.svg\",\"width\":180,\"height\":42,\"caption\":\"Raufoss Engineering AS\"},\"image\":{\"@id\":\"https:\\\/\\\/raufoss.no\\\/#\\\/schema\\\/logo\\\/image\\\/\"},\"sameAs\":[\"https:\\\/\\\/www.facebook.com\\\/raufossvapenskap\"]}]}<\/script>\n<!-- \/ Yoast SEO plugin. -->","yoast_head_json":{"title":"Raufoss Engineering AS","description":"Raufoss Engineering is today the leading supplier of safes and storage solutions for guns and armoury in Norway.","robots":{"index":"index","follow":"follow","max-snippet":"max-snippet:-1","max-image-preview":"max-image-preview:large","max-video-preview":"max-video-preview:-1"},"canonical":"https:\/\/raufoss.no\/","og_locale":"en_US","og_type":"article","og_title":"Raufoss Engineering AS","og_description":"Raufoss Engineering is today a leading supplier of armory storage solutions and gun safes in Norway.","og_url":"https:\/\/raufoss.no\/","og_site_name":"Raufoss Engineering AS","article_publisher":"https:\/\/www.facebook.com\/raufossvapenskap","article_modified_time":"2023-08-23T12:15:12+00:00","og_image":[{"width":1200,"height":630,"url":"https:\/\/raufoss.no\/wp-content\/uploads\/cropped-FB_Raufoss_2.jpg","type":"image\/jpeg"}],"twitter_card":"summary_large_image","twitter_misc":{"Est. reading time":"2 minutes"},"schema":{"@context":"https:\/\/schema.org","@graph":[{"@type":"WebPage","@id":"https:\/\/raufoss.no\/","url":"https:\/\/raufoss.no\/","name":"Raufoss Engineering AS","isPartOf":{"@id":"https:\/\/raufoss.no\/#website"},"datePublished":"2022-03-27T16:33:07+00:00","dateModified":"2023-08-23T12:15:12+00:00","description":"Raufoss Engineering is today the leading supplier of safes and storage solutions for guns and armoury in Norway.","breadcrumb":{"@id":"https:\/\/raufoss.no\/#breadcrumb"},"inLanguage":"en-US","potentialAction":[{"@type":"ReadAction","target":["https:\/\/raufoss.no\/"]}]},{"@type":"BreadcrumbList","@id":"https:\/\/raufoss.no\/#breadcrumb","itemListElement":[{"@type":"ListItem","position":1,"name":"Home","item":"https:\/\/raufoss.no\/"},{"@type":"ListItem","position":2,"name":"Home"}]},{"@type":"WebSite","@id":"https:\/\/raufoss.no\/#website","url":"https:\/\/raufoss.no\/","name":"Raufoss Engineering AS","description":"Raufoss Engineering AS er i dag ledende leverand\u00f8r av v\u00e5penskap og v\u00e5pensikring i Norge.","publisher":{"@id":"https:\/\/raufoss.no\/#organization"},"potentialAction":[{"@type":"SearchAction","target":{"@type":"EntryPoint","urlTemplate":"https:\/\/raufoss.no\/?s={search_term_string}"},"query-input":{"@type":"PropertyValueSpecification","valueRequired":true,"valueName":"search_term_string"}}],"inLanguage":"en-US"},{"@type":"Organization","@id":"https:\/\/raufoss.no\/#organization","name":"Raufoss Engineering AS","url":"https:\/\/raufoss.no\/","logo":{"@type":"ImageObject","inLanguage":"en-US","@id":"https:\/\/raufoss.no\/#\/schema\/logo\/image\/","url":"https:\/\/raufoss.no\/wp-content\/uploads\/Raufoss_LOGO_svart.svg","contentUrl":"https:\/\/raufoss.no\/wp-content\/uploads\/Raufoss_LOGO_svart.svg","width":180,"height":42,"caption":"Raufoss Engineering AS"},"image":{"@id":"https:\/\/raufoss.no\/#\/schema\/logo\/image\/"},"sameAs":["https:\/\/www.facebook.com\/raufossvapenskap"]}]}},"_links":{"self":[{"href":"https:\/\/raufoss.no\/en\/wp-json\/wp\/v2\/pages\/16683","targetHints":{"allow":["GET"]}}],"collection":[{"href":"https:\/\/raufoss.no\/en\/wp-json\/wp\/v2\/pages"}],"about":[{"href":"https:\/\/raufoss.no\/en\/wp-json\/wp\/v2\/types\/page"}],"author":[{"embeddable":true,"href":"https:\/\/raufoss.no\/en\/wp-json\/wp\/v2\/users\/1"}],"replies":[{"embeddable":true,"href":"https:\/\/raufoss.no\/en\/wp-json\/wp\/v2\/comments?post=16683"}],"version-history":[{"count":9,"href":"https:\/\/raufoss.no\/en\/wp-json\/wp\/v2\/pages\/16683\/revisions"}],"predecessor-version":[{"id":17538,"href":"https:\/\/raufoss.no\/en\/wp-json\/wp\/v2\/pages\/16683\/revisions\/17538"}],"wp:attachment":[{"href":"https:\/\/raufoss.no\/en\/wp-json\/wp\/v2\/media?parent=16683"}],"curies":[{"name":"wp","href":"https:\/\/api.w.org\/{rel}","templated":true}]}}